{"id":94989,"date":"2026-05-12T11:18:47","date_gmt":"2026-05-12T09:18:47","guid":{"rendered":"https:\/\/www.rexxer.pl\/produkt\/recznik-z-mikrofibry-sport-205g-140x70-pokrowiec-gris\/"},"modified":"2026-05-12T11:54:34","modified_gmt":"2026-05-12T09:54:34","slug":"recznik-z-mikrofibry-sport-205g-140x70-pokrowiec-gris","status":"publish","type":"product","link":"https:\/\/www.rexxer.pl\/en\/produkt\/recznik-z-mikrofibry-sport-205g-140x70-pokrowiec-gris\/","title":{"rendered":"R\u0119cznik z mikrofibry SPORT 205g 140&#215;70 + pokrowiec Gris"},"content":{"rendered":"<p>R\u0119cznik SPORT 70\u00d7140 to praktyczne rozwi\u0105zanie dla os\u00f3b aktywnych, kt\u00f3re potrzebuj\u0105 lekkiego, kompaktowego i szybkoschn\u0105cego r\u0119cznika. Wykonany z wysokiej jako\u015bci mikrofibry o niskiej gramaturze 205 g\/m2, idealnie sprawdza si\u0119 na si\u0142owni, w podr\u00f3\u017cy, na basenie czy podczas aktywno\u015bci outdoorowych.<\/p>\n<p>Ultra szybkie schni\u0119cie i minimalna waga<br \/>\nDzi\u0119ki zastosowaniu mikrofibry r\u0119cznik bardzo szybko odprowadza wilgo\u0107 i schnie znacznie szybciej ni\u017c tradycyjne r\u0119czniki bawe\u0142niane. Niska gramatura sprawia, \u017ce jest niezwykle lekki i zajmuje ma\u0142o miejsca \u2013 bez problemu zmie\u015bci si\u0119 w torbie sportowej czy plecaku.<\/p>\n<p>Praktyczny woreczek i wygoda u\u017cytkowania<br \/>\nKa\u017cdy r\u0119cznik pakowany jest w funkcjonalny woreczek z regulowanym zapi\u0119ciem, kt\u00f3ry u\u0142atwia transport i przechowywanie. Dodatkowo r\u0119cznik posiada wytrzyma\u0142\u0105 zawieszk\u0119, dzi\u0119ki kt\u00f3rej mo\u017cna go wygodnie powiesi\u0107 po u\u017cyciu.<\/p>\n<p>&#8211; Rozmiar: 70\u00d7140 cm<br \/>\n&#8211; Gramatura: 205 g\/m2<br \/>\n&#8211; Materia\u0142: mikrofibra<br \/>\n&#8211; W\u0142a\u015bciwo\u015bci: lekki, szybkoschn\u0105cy<br \/>\n&#8211; Pranie w 40\u00b0C    <\/p>\n","protected":false},"excerpt":{"rendered":"<p>R\u0119cznik SPORT 70\u00d7140 to praktyczne rozwi\u0105zanie dla os\u00f3b aktywnych, kt\u00f3re potrzebuj\u0105 lekkiego, kompaktowego i szybkoschn\u0105cego r\u0119cznika. Wykonany z wysokiej jako\u015bci<\/p>\n","protected":false},"featured_media":94995,"comment_status":"open","ping_status":"closed","template":"","meta":[],"product_brand":[],"product_cat":[443,444,1288],"product_tag":[],"class_list":{"0":"post-94989","1":"product","2":"type-product","3":"status-publish","4":"has-post-thumbnail","6":"product_cat-dom-i-ogrod","7":"product_cat-gospodarstwo-domowe","8":"product_cat-reczniki","10":"first","11":"instock","12":"taxable","13":"shipping-taxable","14":"purchasable","15":"product-type-simple"},"yoast_head":"<!-- This site is optimized with the Yoast SEO plugin v27.6 - https:\/\/yoast.com\/product\/yoast-seo-wordpress\/ -->\n<title>R\u0119cznik z mikrofibry SPORT 205g 140x70 + pokrowiec Gris - Narz\u0119dzia REXXER - sklep online<\/title>\n<meta name=\"robots\" content=\"index, follow, max-snippet:-1, max-image-preview:large, max-video-preview:-1\" \/>\n<link rel=\"canonical\" href=\"https:\/\/www.rexxer.pl\/produkt\/recznik-z-mikrofibry-sport-205g-140x70-pokrowiec-gris\/\" \/>\n<meta property=\"og:locale\" content=\"en_US\" \/>\n<meta property=\"og:type\" content=\"article\" \/>\n<meta property=\"og:title\" content=\"R\u0119cznik z mikrofibry SPORT 205g 140x70 + pokrowiec Gris - Narz\u0119dzia REXXER - sklep online\" \/>\n<meta property=\"og:description\" content=\"R\u0119cznik SPORT 70\u00d7140 to praktyczne rozwi\u0105zanie dla os\u00f3b aktywnych, kt\u00f3re potrzebuj\u0105 lekkiego, kompaktowego i szybkoschn\u0105cego r\u0119cznika. Wykonany z wysokiej jako\u015bci\" \/>\n<meta property=\"og:url\" content=\"https:\/\/www.rexxer.pl\/produkt\/recznik-z-mikrofibry-sport-205g-140x70-pokrowiec-gris\/\" \/>\n<meta property=\"og:site_name\" content=\"Narz\u0119dzia REXXER - sklep online\" \/>\n<meta property=\"article:publisher\" content=\"https:\/\/www.facebook.com\/Rexxertools\/\" \/>\n<meta property=\"article:modified_time\" content=\"2026-05-12T09:54:34+00:00\" \/>\n<meta name=\"twitter:card\" content=\"summary_large_image\" \/>\n<meta name=\"twitter:label1\" content=\"Est. reading time\" \/>\n\t<meta name=\"twitter:data1\" content=\"1 minute\" \/>\n<script type=\"application\/ld+json\" class=\"yoast-schema-graph\">{\"@context\":\"https:\\\/\\\/schema.org\",\"@graph\":[{\"@type\":\"WebPage\",\"@id\":\"https:\\\/\\\/www.rexxer.pl\\\/produkt\\\/recznik-z-mikrofibry-sport-205g-140x70-pokrowiec-gris\\\/\",\"url\":\"https:\\\/\\\/www.rexxer.pl\\\/produkt\\\/recznik-z-mikrofibry-sport-205g-140x70-pokrowiec-gris\\\/\",\"name\":\"R\u0119cznik z mikrofibry SPORT 205g 140x70 + pokrowiec Gris - Narz\u0119dzia REXXER - sklep online\",\"isPartOf\":{\"@id\":\"https:\\\/\\\/www.rexxer.pl\\\/#website\"},\"primaryImageOfPage\":{\"@id\":\"https:\\\/\\\/www.rexxer.pl\\\/produkt\\\/recznik-z-mikrofibry-sport-205g-140x70-pokrowiec-gris\\\/#primaryimage\"},\"image\":{\"@id\":\"https:\\\/\\\/www.rexxer.pl\\\/produkt\\\/recznik-z-mikrofibry-sport-205g-140x70-pokrowiec-gris\\\/#primaryimage\"},\"thumbnailUrl\":\"https:\\\/\\\/www.rexxer.pl\\\/wp-content\\\/uploads\\\/2026\\\/05\\\/d1b674fdbd627323da83f74fccb18065.png\",\"datePublished\":\"2026-05-12T09:18:47+00:00\",\"dateModified\":\"2026-05-12T09:54:34+00:00\",\"breadcrumb\":{\"@id\":\"https:\\\/\\\/www.rexxer.pl\\\/produkt\\\/recznik-z-mikrofibry-sport-205g-140x70-pokrowiec-gris\\\/#breadcrumb\"},\"inLanguage\":\"en-US\",\"potentialAction\":[{\"@type\":\"ReadAction\",\"target\":[\"https:\\\/\\\/www.rexxer.pl\\\/produkt\\\/recznik-z-mikrofibry-sport-205g-140x70-pokrowiec-gris\\\/\"]}]},{\"@type\":\"ImageObject\",\"inLanguage\":\"en-US\",\"@id\":\"https:\\\/\\\/www.rexxer.pl\\\/produkt\\\/recznik-z-mikrofibry-sport-205g-140x70-pokrowiec-gris\\\/#primaryimage\",\"url\":\"https:\\\/\\\/www.rexxer.pl\\\/wp-content\\\/uploads\\\/2026\\\/05\\\/d1b674fdbd627323da83f74fccb18065.png\",\"contentUrl\":\"https:\\\/\\\/www.rexxer.pl\\\/wp-content\\\/uploads\\\/2026\\\/05\\\/d1b674fdbd627323da83f74fccb18065.png\",\"width\":813,\"height\":798,\"caption\":\"efec4d79520c5e6ab6976db364cf20c2\"},{\"@type\":\"BreadcrumbList\",\"@id\":\"https:\\\/\\\/www.rexxer.pl\\\/produkt\\\/recznik-z-mikrofibry-sport-205g-140x70-pokrowiec-gris\\\/#breadcrumb\",\"itemListElement\":[{\"@type\":\"ListItem\",\"position\":1,\"name\":\"Strona g\u0142\u00f3wna\",\"item\":\"https:\\\/\\\/www.rexxer.pl\\\/en\\\/home\\\/\"},{\"@type\":\"ListItem\",\"position\":2,\"name\":\"Sklep\",\"item\":\"https:\\\/\\\/www.rexxer.pl\\\/sklep\\\/\"},{\"@type\":\"ListItem\",\"position\":3,\"name\":\"R\u0119cznik z mikrofibry SPORT 205g 140&#215;70 + pokrowiec Gris\"}]},{\"@type\":\"WebSite\",\"@id\":\"https:\\\/\\\/www.rexxer.pl\\\/#website\",\"url\":\"https:\\\/\\\/www.rexxer.pl\\\/\",\"name\":\"Narz\u0119dzia REXXER - sklep online\",\"description\":\"\",\"publisher\":{\"@id\":\"https:\\\/\\\/www.rexxer.pl\\\/#organization\"},\"potentialAction\":[{\"@type\":\"SearchAction\",\"target\":{\"@type\":\"EntryPoint\",\"urlTemplate\":\"https:\\\/\\\/www.rexxer.pl\\\/?s={search_term_string}\"},\"query-input\":{\"@type\":\"PropertyValueSpecification\",\"valueRequired\":true,\"valueName\":\"search_term_string\"}}],\"inLanguage\":\"en-US\"},{\"@type\":\"Organization\",\"@id\":\"https:\\\/\\\/www.rexxer.pl\\\/#organization\",\"name\":\"Narz\u0119dzia REXXER - sklep online\",\"url\":\"https:\\\/\\\/www.rexxer.pl\\\/\",\"logo\":{\"@type\":\"ImageObject\",\"inLanguage\":\"en-US\",\"@id\":\"https:\\\/\\\/www.rexxer.pl\\\/#\\\/schema\\\/logo\\\/image\\\/\",\"url\":\"https:\\\/\\\/www.rexxer.pl\\\/wp-content\\\/uploads\\\/2025\\\/08\\\/logo.png\",\"contentUrl\":\"https:\\\/\\\/www.rexxer.pl\\\/wp-content\\\/uploads\\\/2025\\\/08\\\/logo.png\",\"width\":225,\"height\":114,\"caption\":\"Narz\u0119dzia REXXER - sklep online\"},\"image\":{\"@id\":\"https:\\\/\\\/www.rexxer.pl\\\/#\\\/schema\\\/logo\\\/image\\\/\"},\"sameAs\":[\"https:\\\/\\\/www.facebook.com\\\/Rexxertools\\\/\"]}]}<\/script>\n<!-- \/ Yoast SEO plugin. -->","yoast_head_json":{"title":"R\u0119cznik z mikrofibry SPORT 205g 140x70 + pokrowiec Gris - Narz\u0119dzia REXXER - sklep online","robots":{"index":"index","follow":"follow","max-snippet":"max-snippet:-1","max-image-preview":"max-image-preview:large","max-video-preview":"max-video-preview:-1"},"canonical":"https:\/\/www.rexxer.pl\/produkt\/recznik-z-mikrofibry-sport-205g-140x70-pokrowiec-gris\/","og_locale":"en_US","og_type":"article","og_title":"R\u0119cznik z mikrofibry SPORT 205g 140x70 + pokrowiec Gris - Narz\u0119dzia REXXER - sklep online","og_description":"R\u0119cznik SPORT 70\u00d7140 to praktyczne rozwi\u0105zanie dla os\u00f3b aktywnych, kt\u00f3re potrzebuj\u0105 lekkiego, kompaktowego i szybkoschn\u0105cego r\u0119cznika. Wykonany z wysokiej jako\u015bci","og_url":"https:\/\/www.rexxer.pl\/produkt\/recznik-z-mikrofibry-sport-205g-140x70-pokrowiec-gris\/","og_site_name":"Narz\u0119dzia REXXER - sklep online","article_publisher":"https:\/\/www.facebook.com\/Rexxertools\/","article_modified_time":"2026-05-12T09:54:34+00:00","twitter_card":"summary_large_image","twitter_misc":{"Est. reading time":"1 minute"},"schema":{"@context":"https:\/\/schema.org","@graph":[{"@type":"WebPage","@id":"https:\/\/www.rexxer.pl\/produkt\/recznik-z-mikrofibry-sport-205g-140x70-pokrowiec-gris\/","url":"https:\/\/www.rexxer.pl\/produkt\/recznik-z-mikrofibry-sport-205g-140x70-pokrowiec-gris\/","name":"R\u0119cznik z mikrofibry SPORT 205g 140x70 + pokrowiec Gris - Narz\u0119dzia REXXER - sklep online","isPartOf":{"@id":"https:\/\/www.rexxer.pl\/#website"},"primaryImageOfPage":{"@id":"https:\/\/www.rexxer.pl\/produkt\/recznik-z-mikrofibry-sport-205g-140x70-pokrowiec-gris\/#primaryimage"},"image":{"@id":"https:\/\/www.rexxer.pl\/produkt\/recznik-z-mikrofibry-sport-205g-140x70-pokrowiec-gris\/#primaryimage"},"thumbnailUrl":"https:\/\/www.rexxer.pl\/wp-content\/uploads\/2026\/05\/d1b674fdbd627323da83f74fccb18065.png","datePublished":"2026-05-12T09:18:47+00:00","dateModified":"2026-05-12T09:54:34+00:00","breadcrumb":{"@id":"https:\/\/www.rexxer.pl\/produkt\/recznik-z-mikrofibry-sport-205g-140x70-pokrowiec-gris\/#breadcrumb"},"inLanguage":"en-US","potentialAction":[{"@type":"ReadAction","target":["https:\/\/www.rexxer.pl\/produkt\/recznik-z-mikrofibry-sport-205g-140x70-pokrowiec-gris\/"]}]},{"@type":"ImageObject","inLanguage":"en-US","@id":"https:\/\/www.rexxer.pl\/produkt\/recznik-z-mikrofibry-sport-205g-140x70-pokrowiec-gris\/#primaryimage","url":"https:\/\/www.rexxer.pl\/wp-content\/uploads\/2026\/05\/d1b674fdbd627323da83f74fccb18065.png","contentUrl":"https:\/\/www.rexxer.pl\/wp-content\/uploads\/2026\/05\/d1b674fdbd627323da83f74fccb18065.png","width":813,"height":798,"caption":"efec4d79520c5e6ab6976db364cf20c2"},{"@type":"BreadcrumbList","@id":"https:\/\/www.rexxer.pl\/produkt\/recznik-z-mikrofibry-sport-205g-140x70-pokrowiec-gris\/#breadcrumb","itemListElement":[{"@type":"ListItem","position":1,"name":"Strona g\u0142\u00f3wna","item":"https:\/\/www.rexxer.pl\/en\/home\/"},{"@type":"ListItem","position":2,"name":"Sklep","item":"https:\/\/www.rexxer.pl\/sklep\/"},{"@type":"ListItem","position":3,"name":"R\u0119cznik z mikrofibry SPORT 205g 140&#215;70 + pokrowiec Gris"}]},{"@type":"WebSite","@id":"https:\/\/www.rexxer.pl\/#website","url":"https:\/\/www.rexxer.pl\/","name":"Narz\u0119dzia REXXER - sklep online","description":"","publisher":{"@id":"https:\/\/www.rexxer.pl\/#organization"},"potentialAction":[{"@type":"SearchAction","target":{"@type":"EntryPoint","urlTemplate":"https:\/\/www.rexxer.pl\/?s={search_term_string}"},"query-input":{"@type":"PropertyValueSpecification","valueRequired":true,"valueName":"search_term_string"}}],"inLanguage":"en-US"},{"@type":"Organization","@id":"https:\/\/www.rexxer.pl\/#organization","name":"Narz\u0119dzia REXXER - sklep online","url":"https:\/\/www.rexxer.pl\/","logo":{"@type":"ImageObject","inLanguage":"en-US","@id":"https:\/\/www.rexxer.pl\/#\/schema\/logo\/image\/","url":"https:\/\/www.rexxer.pl\/wp-content\/uploads\/2025\/08\/logo.png","contentUrl":"https:\/\/www.rexxer.pl\/wp-content\/uploads\/2025\/08\/logo.png","width":225,"height":114,"caption":"Narz\u0119dzia REXXER - sklep online"},"image":{"@id":"https:\/\/www.rexxer.pl\/#\/schema\/logo\/image\/"},"sameAs":["https:\/\/www.facebook.com\/Rexxertools\/"]}]}},"_links":{"self":[{"href":"https:\/\/www.rexxer.pl\/en\/wp-json\/wp\/v2\/product\/94989","targetHints":{"allow":["GET"]}}],"collection":[{"href":"https:\/\/www.rexxer.pl\/en\/wp-json\/wp\/v2\/product"}],"about":[{"href":"https:\/\/www.rexxer.pl\/en\/wp-json\/wp\/v2\/types\/product"}],"replies":[{"embeddable":true,"href":"https:\/\/www.rexxer.pl\/en\/wp-json\/wp\/v2\/comments?post=94989"}],"version-history":[{"count":0,"href":"https:\/\/www.rexxer.pl\/en\/wp-json\/wp\/v2\/product\/94989\/revisions"}],"wp:featuredmedia":[{"embeddable":true,"href":"https:\/\/www.rexxer.pl\/en\/wp-json\/wp\/v2\/media\/94995"}],"wp:attachment":[{"href":"https:\/\/www.rexxer.pl\/en\/wp-json\/wp\/v2\/media?parent=94989"}],"wp:term":[{"taxonomy":"product_brand","embeddable":true,"href":"https:\/\/www.rexxer.pl\/en\/wp-json\/wp\/v2\/product_brand?post=94989"},{"taxonomy":"product_cat","embeddable":true,"href":"https:\/\/www.rexxer.pl\/en\/wp-json\/wp\/v2\/product_cat?post=94989"},{"taxonomy":"product_tag","embeddable":true,"href":"https:\/\/www.rexxer.pl\/en\/wp-json\/wp\/v2\/product_tag?post=94989"}],"curies":[{"name":"wp","href":"https:\/\/api.w.org\/{rel}","templated":true}]}}