{"id":94889,"date":"2026-05-12T11:15:40","date_gmt":"2026-05-12T09:15:40","guid":{"rendered":"https:\/\/www.rexxer.pl\/produkt\/recznik-larisa-ii-500g-140x70-gris\/"},"modified":"2026-05-12T11:56:25","modified_gmt":"2026-05-12T09:56:25","slug":"recznik-larisa-ii-500g-140x70-gris","status":"publish","type":"product","link":"https:\/\/www.rexxer.pl\/en\/produkt\/recznik-larisa-ii-500g-140x70-gris\/","title":{"rendered":"R\u0119cznik LARISA II 500g 140&#215;70 Gris"},"content":{"rendered":"<p>Wykonany w 100% z wysokogatunkowej bawe\u0142ny, r\u0119cznik LARISA II Premium o wymiarach 50\u00d7100 cm zapewnia niezr\u00f3wnan\u0105 mi\u0119kko\u015b\u0107 i wyj\u0105tkow\u0105 ch\u0142onno\u015b\u0107. Jego gramatura gwarantuje optymaln\u0105 puszysto\u015b\u0107 oraz trwa\u0142o\u015b\u0107, dzi\u0119ki czemu staje si\u0119 nieod\u0142\u0105cznym elementem codziennej piel\u0119gnacji. Bez wzgl\u0119du na to, czy u\u017cywasz go po relaksuj\u0105cej k\u0105pieli, szybkim prysznicu czy w trakcie wizyty na basenie, zawsze otuli Ci\u0119 przyjemnym ciep\u0142em.<\/p>\n<p>R\u0119cznik LARISA II Premium wyr\u00f3\u017cnia si\u0119 eleganck\u0105 bordiur\u0105, kt\u00f3ra nadaje mu wyj\u0105tkowy charakter. Z jednej strony ozdobiony jest trzema du\u017cymi kostkami welurowymi, a z drugiej jedn\u0105 du\u017c\u0105 kostk\u0105, co podkre\u015bla jego nowoczesny i wyrafinowany design. Takie subtelne detale sprawiaj\u0105, \u017ce r\u0119cznik doskonale komponuje si\u0119 zar\u00f3wno z klasycznymi, jak i nowoczesnymi wn\u0119trzami. Praktyczna tasiemka do zawieszania u\u0142atwia przechowywanie, a wysokiej jako\u015bci materia\u0142y sprawiaj\u0105, \u017ce r\u0119cznik staje si\u0119 jeszcze bardziej mi\u0119kki po ka\u017cdym praniu.                                              <\/p>\n","protected":false},"excerpt":{"rendered":"<p>Wykonany w 100% z wysokogatunkowej bawe\u0142ny, r\u0119cznik LARISA II Premium o wymiarach 50\u00d7100 cm zapewnia niezr\u00f3wnan\u0105 mi\u0119kko\u015b\u0107 i wyj\u0105tkow\u0105 ch\u0142onno\u015b\u0107.<\/p>\n","protected":false},"featured_media":94895,"comment_status":"open","ping_status":"closed","template":"","meta":[],"product_brand":[],"product_cat":[443,444,1288],"product_tag":[],"class_list":{"0":"post-94889","1":"product","2":"type-product","3":"status-publish","4":"has-post-thumbnail","6":"product_cat-dom-i-ogrod","7":"product_cat-gospodarstwo-domowe","8":"product_cat-reczniki","10":"first","11":"instock","12":"taxable","13":"shipping-taxable","14":"purchasable","15":"product-type-simple"},"yoast_head":"<!-- This site is optimized with the Yoast SEO plugin v27.6 - https:\/\/yoast.com\/product\/yoast-seo-wordpress\/ -->\n<title>R\u0119cznik LARISA II 500g 140x70 Gris - Narz\u0119dzia REXXER - sklep online<\/title>\n<meta name=\"robots\" content=\"index, follow, max-snippet:-1, max-image-preview:large, max-video-preview:-1\" \/>\n<link rel=\"canonical\" href=\"https:\/\/www.rexxer.pl\/produkt\/recznik-larisa-ii-500g-140x70-gris\/\" \/>\n<meta property=\"og:locale\" content=\"en_US\" \/>\n<meta property=\"og:type\" content=\"article\" \/>\n<meta property=\"og:title\" content=\"R\u0119cznik LARISA II 500g 140x70 Gris - Narz\u0119dzia REXXER - sklep online\" \/>\n<meta property=\"og:description\" content=\"Wykonany w 100% z wysokogatunkowej bawe\u0142ny, r\u0119cznik LARISA II Premium o wymiarach 50\u00d7100 cm zapewnia niezr\u00f3wnan\u0105 mi\u0119kko\u015b\u0107 i wyj\u0105tkow\u0105 ch\u0142onno\u015b\u0107.\" \/>\n<meta property=\"og:url\" content=\"https:\/\/www.rexxer.pl\/produkt\/recznik-larisa-ii-500g-140x70-gris\/\" \/>\n<meta property=\"og:site_name\" content=\"Narz\u0119dzia REXXER - sklep online\" \/>\n<meta property=\"article:publisher\" content=\"https:\/\/www.facebook.com\/Rexxertools\/\" \/>\n<meta property=\"article:modified_time\" content=\"2026-05-12T09:56:25+00:00\" \/>\n<meta name=\"twitter:card\" content=\"summary_large_image\" \/>\n<meta name=\"twitter:label1\" content=\"Est. reading time\" \/>\n\t<meta name=\"twitter:data1\" content=\"1 minute\" \/>\n<script type=\"application\/ld+json\" class=\"yoast-schema-graph\">{\"@context\":\"https:\\\/\\\/schema.org\",\"@graph\":[{\"@type\":\"WebPage\",\"@id\":\"https:\\\/\\\/www.rexxer.pl\\\/produkt\\\/recznik-larisa-ii-500g-140x70-gris\\\/\",\"url\":\"https:\\\/\\\/www.rexxer.pl\\\/produkt\\\/recznik-larisa-ii-500g-140x70-gris\\\/\",\"name\":\"R\u0119cznik LARISA II 500g 140x70 Gris - Narz\u0119dzia REXXER - sklep online\",\"isPartOf\":{\"@id\":\"https:\\\/\\\/www.rexxer.pl\\\/#website\"},\"primaryImageOfPage\":{\"@id\":\"https:\\\/\\\/www.rexxer.pl\\\/produkt\\\/recznik-larisa-ii-500g-140x70-gris\\\/#primaryimage\"},\"image\":{\"@id\":\"https:\\\/\\\/www.rexxer.pl\\\/produkt\\\/recznik-larisa-ii-500g-140x70-gris\\\/#primaryimage\"},\"thumbnailUrl\":\"https:\\\/\\\/www.rexxer.pl\\\/wp-content\\\/uploads\\\/2026\\\/05\\\/a755442155b6a3dfa5fb241e21036fe3.jpg\",\"datePublished\":\"2026-05-12T09:15:40+00:00\",\"dateModified\":\"2026-05-12T09:56:25+00:00\",\"breadcrumb\":{\"@id\":\"https:\\\/\\\/www.rexxer.pl\\\/produkt\\\/recznik-larisa-ii-500g-140x70-gris\\\/#breadcrumb\"},\"inLanguage\":\"en-US\",\"potentialAction\":[{\"@type\":\"ReadAction\",\"target\":[\"https:\\\/\\\/www.rexxer.pl\\\/produkt\\\/recznik-larisa-ii-500g-140x70-gris\\\/\"]}]},{\"@type\":\"ImageObject\",\"inLanguage\":\"en-US\",\"@id\":\"https:\\\/\\\/www.rexxer.pl\\\/produkt\\\/recznik-larisa-ii-500g-140x70-gris\\\/#primaryimage\",\"url\":\"https:\\\/\\\/www.rexxer.pl\\\/wp-content\\\/uploads\\\/2026\\\/05\\\/a755442155b6a3dfa5fb241e21036fe3.jpg\",\"contentUrl\":\"https:\\\/\\\/www.rexxer.pl\\\/wp-content\\\/uploads\\\/2026\\\/05\\\/a755442155b6a3dfa5fb241e21036fe3.jpg\",\"width\":1000,\"height\":1000,\"caption\":\"735fefd43fbc7c05e308a7c25fdbba15\"},{\"@type\":\"BreadcrumbList\",\"@id\":\"https:\\\/\\\/www.rexxer.pl\\\/produkt\\\/recznik-larisa-ii-500g-140x70-gris\\\/#breadcrumb\",\"itemListElement\":[{\"@type\":\"ListItem\",\"position\":1,\"name\":\"Strona g\u0142\u00f3wna\",\"item\":\"https:\\\/\\\/www.rexxer.pl\\\/en\\\/home\\\/\"},{\"@type\":\"ListItem\",\"position\":2,\"name\":\"Sklep\",\"item\":\"https:\\\/\\\/www.rexxer.pl\\\/sklep\\\/\"},{\"@type\":\"ListItem\",\"position\":3,\"name\":\"R\u0119cznik LARISA II 500g 140&#215;70 Gris\"}]},{\"@type\":\"WebSite\",\"@id\":\"https:\\\/\\\/www.rexxer.pl\\\/#website\",\"url\":\"https:\\\/\\\/www.rexxer.pl\\\/\",\"name\":\"Narz\u0119dzia REXXER - sklep online\",\"description\":\"\",\"publisher\":{\"@id\":\"https:\\\/\\\/www.rexxer.pl\\\/#organization\"},\"potentialAction\":[{\"@type\":\"SearchAction\",\"target\":{\"@type\":\"EntryPoint\",\"urlTemplate\":\"https:\\\/\\\/www.rexxer.pl\\\/?s={search_term_string}\"},\"query-input\":{\"@type\":\"PropertyValueSpecification\",\"valueRequired\":true,\"valueName\":\"search_term_string\"}}],\"inLanguage\":\"en-US\"},{\"@type\":\"Organization\",\"@id\":\"https:\\\/\\\/www.rexxer.pl\\\/#organization\",\"name\":\"Narz\u0119dzia REXXER - sklep online\",\"url\":\"https:\\\/\\\/www.rexxer.pl\\\/\",\"logo\":{\"@type\":\"ImageObject\",\"inLanguage\":\"en-US\",\"@id\":\"https:\\\/\\\/www.rexxer.pl\\\/#\\\/schema\\\/logo\\\/image\\\/\",\"url\":\"https:\\\/\\\/www.rexxer.pl\\\/wp-content\\\/uploads\\\/2025\\\/08\\\/logo.png\",\"contentUrl\":\"https:\\\/\\\/www.rexxer.pl\\\/wp-content\\\/uploads\\\/2025\\\/08\\\/logo.png\",\"width\":225,\"height\":114,\"caption\":\"Narz\u0119dzia REXXER - sklep online\"},\"image\":{\"@id\":\"https:\\\/\\\/www.rexxer.pl\\\/#\\\/schema\\\/logo\\\/image\\\/\"},\"sameAs\":[\"https:\\\/\\\/www.facebook.com\\\/Rexxertools\\\/\"]}]}<\/script>\n<!-- \/ Yoast SEO plugin. -->","yoast_head_json":{"title":"R\u0119cznik LARISA II 500g 140x70 Gris - Narz\u0119dzia REXXER - sklep online","robots":{"index":"index","follow":"follow","max-snippet":"max-snippet:-1","max-image-preview":"max-image-preview:large","max-video-preview":"max-video-preview:-1"},"canonical":"https:\/\/www.rexxer.pl\/produkt\/recznik-larisa-ii-500g-140x70-gris\/","og_locale":"en_US","og_type":"article","og_title":"R\u0119cznik LARISA II 500g 140x70 Gris - Narz\u0119dzia REXXER - sklep online","og_description":"Wykonany w 100% z wysokogatunkowej bawe\u0142ny, r\u0119cznik LARISA II Premium o wymiarach 50\u00d7100 cm zapewnia niezr\u00f3wnan\u0105 mi\u0119kko\u015b\u0107 i wyj\u0105tkow\u0105 ch\u0142onno\u015b\u0107.","og_url":"https:\/\/www.rexxer.pl\/produkt\/recznik-larisa-ii-500g-140x70-gris\/","og_site_name":"Narz\u0119dzia REXXER - sklep online","article_publisher":"https:\/\/www.facebook.com\/Rexxertools\/","article_modified_time":"2026-05-12T09:56:25+00:00","twitter_card":"summary_large_image","twitter_misc":{"Est. reading time":"1 minute"},"schema":{"@context":"https:\/\/schema.org","@graph":[{"@type":"WebPage","@id":"https:\/\/www.rexxer.pl\/produkt\/recznik-larisa-ii-500g-140x70-gris\/","url":"https:\/\/www.rexxer.pl\/produkt\/recznik-larisa-ii-500g-140x70-gris\/","name":"R\u0119cznik LARISA II 500g 140x70 Gris - Narz\u0119dzia REXXER - sklep online","isPartOf":{"@id":"https:\/\/www.rexxer.pl\/#website"},"primaryImageOfPage":{"@id":"https:\/\/www.rexxer.pl\/produkt\/recznik-larisa-ii-500g-140x70-gris\/#primaryimage"},"image":{"@id":"https:\/\/www.rexxer.pl\/produkt\/recznik-larisa-ii-500g-140x70-gris\/#primaryimage"},"thumbnailUrl":"https:\/\/www.rexxer.pl\/wp-content\/uploads\/2026\/05\/a755442155b6a3dfa5fb241e21036fe3.jpg","datePublished":"2026-05-12T09:15:40+00:00","dateModified":"2026-05-12T09:56:25+00:00","breadcrumb":{"@id":"https:\/\/www.rexxer.pl\/produkt\/recznik-larisa-ii-500g-140x70-gris\/#breadcrumb"},"inLanguage":"en-US","potentialAction":[{"@type":"ReadAction","target":["https:\/\/www.rexxer.pl\/produkt\/recznik-larisa-ii-500g-140x70-gris\/"]}]},{"@type":"ImageObject","inLanguage":"en-US","@id":"https:\/\/www.rexxer.pl\/produkt\/recznik-larisa-ii-500g-140x70-gris\/#primaryimage","url":"https:\/\/www.rexxer.pl\/wp-content\/uploads\/2026\/05\/a755442155b6a3dfa5fb241e21036fe3.jpg","contentUrl":"https:\/\/www.rexxer.pl\/wp-content\/uploads\/2026\/05\/a755442155b6a3dfa5fb241e21036fe3.jpg","width":1000,"height":1000,"caption":"735fefd43fbc7c05e308a7c25fdbba15"},{"@type":"BreadcrumbList","@id":"https:\/\/www.rexxer.pl\/produkt\/recznik-larisa-ii-500g-140x70-gris\/#breadcrumb","itemListElement":[{"@type":"ListItem","position":1,"name":"Strona g\u0142\u00f3wna","item":"https:\/\/www.rexxer.pl\/en\/home\/"},{"@type":"ListItem","position":2,"name":"Sklep","item":"https:\/\/www.rexxer.pl\/sklep\/"},{"@type":"ListItem","position":3,"name":"R\u0119cznik LARISA II 500g 140&#215;70 Gris"}]},{"@type":"WebSite","@id":"https:\/\/www.rexxer.pl\/#website","url":"https:\/\/www.rexxer.pl\/","name":"Narz\u0119dzia REXXER - sklep online","description":"","publisher":{"@id":"https:\/\/www.rexxer.pl\/#organization"},"potentialAction":[{"@type":"SearchAction","target":{"@type":"EntryPoint","urlTemplate":"https:\/\/www.rexxer.pl\/?s={search_term_string}"},"query-input":{"@type":"PropertyValueSpecification","valueRequired":true,"valueName":"search_term_string"}}],"inLanguage":"en-US"},{"@type":"Organization","@id":"https:\/\/www.rexxer.pl\/#organization","name":"Narz\u0119dzia REXXER - sklep online","url":"https:\/\/www.rexxer.pl\/","logo":{"@type":"ImageObject","inLanguage":"en-US","@id":"https:\/\/www.rexxer.pl\/#\/schema\/logo\/image\/","url":"https:\/\/www.rexxer.pl\/wp-content\/uploads\/2025\/08\/logo.png","contentUrl":"https:\/\/www.rexxer.pl\/wp-content\/uploads\/2025\/08\/logo.png","width":225,"height":114,"caption":"Narz\u0119dzia REXXER - sklep online"},"image":{"@id":"https:\/\/www.rexxer.pl\/#\/schema\/logo\/image\/"},"sameAs":["https:\/\/www.facebook.com\/Rexxertools\/"]}]}},"_links":{"self":[{"href":"https:\/\/www.rexxer.pl\/en\/wp-json\/wp\/v2\/product\/94889","targetHints":{"allow":["GET"]}}],"collection":[{"href":"https:\/\/www.rexxer.pl\/en\/wp-json\/wp\/v2\/product"}],"about":[{"href":"https:\/\/www.rexxer.pl\/en\/wp-json\/wp\/v2\/types\/product"}],"replies":[{"embeddable":true,"href":"https:\/\/www.rexxer.pl\/en\/wp-json\/wp\/v2\/comments?post=94889"}],"version-history":[{"count":0,"href":"https:\/\/www.rexxer.pl\/en\/wp-json\/wp\/v2\/product\/94889\/revisions"}],"wp:featuredmedia":[{"embeddable":true,"href":"https:\/\/www.rexxer.pl\/en\/wp-json\/wp\/v2\/media\/94895"}],"wp:attachment":[{"href":"https:\/\/www.rexxer.pl\/en\/wp-json\/wp\/v2\/media?parent=94889"}],"wp:term":[{"taxonomy":"product_brand","embeddable":true,"href":"https:\/\/www.rexxer.pl\/en\/wp-json\/wp\/v2\/product_brand?post=94889"},{"taxonomy":"product_cat","embeddable":true,"href":"https:\/\/www.rexxer.pl\/en\/wp-json\/wp\/v2\/product_cat?post=94889"},{"taxonomy":"product_tag","embeddable":true,"href":"https:\/\/www.rexxer.pl\/en\/wp-json\/wp\/v2\/product_tag?post=94889"}],"curies":[{"name":"wp","href":"https:\/\/api.w.org\/{rel}","templated":true}]}}