{"id":93434,"date":"2026-04-27T08:21:36","date_gmt":"2026-04-27T06:21:36","guid":{"rendered":"https:\/\/www.rexxer.pl\/produkt\/3-warstwowy-waz-ogrodowy-1-2-100m-20-bar-zlaczki-pistolet-zraszajacy\/"},"modified":"2026-04-27T17:37:17","modified_gmt":"2026-04-27T15:37:17","slug":"3-warstwowy-waz-ogrodowy-1-2-100m-20-bar-zlaczki-pistolet-zraszajacy","status":"publish","type":"product","link":"https:\/\/www.rexxer.pl\/en\/produkt\/3-warstwowy-waz-ogrodowy-1-2-100m-20-bar-zlaczki-pistolet-zraszajacy\/","title":{"rendered":"3-WARSTWOWY W\u0104\u017b OGRODOWY 1\/2&#8243; 100M 20 BAR + z\u0142\u0105czki + pistolet zraszaj\u0105cy"},"content":{"rendered":"<section class=\"section\">\n<div class=\"item item-6\">\n<section class=\"image-item\"><\/section>\n<\/div>\n<div class=\"item item-6\">\n<section class=\"text-item\">\n<h1>3-WARSTWOWY W\u0104\u017b OGRODOWY 1\/2&#8243; 100 M+ Z\u0141\u0104CZKI + PISTOLET ZRASZAJ\u0104CY<\/h1>\n<ul>\n<li>SKU: RG-13-873<\/li>\n<li>Producent: REXXER<\/li>\n<li>Model: REXXER<\/li>\n<\/ul>\n<p><b>Komplet zawiera<\/b><\/p>\n<ul>\n<li>1x <b>3-WARSTWOWY W\u0104\u017b OGRODOWY 1\/2&#8243; 100 M<\/b><\/li>\n<li>1x\u00a0<b>PISTOLET ZRASZAJ\u0104CY<\/b><\/li>\n<li>1x\u00a0<b>PRZY\u0141\u0104CZE NA KRAN 1&#8243; &#8211; 3\/4&#8243; &#8211; 1\/2&#8243;<\/b><\/li>\n<li>1x\u00a0<b>SZYBKOZ\u0141\u0104CZKA NA W\u0104\u017b 1\/2&#8243;<\/b><\/li>\n<li>1x\u00a0<b>SZYBKOZ\u0141\u0104CZKA STOP NA W\u0104\u017b 1\/2&#8243;<\/b><\/li>\n<\/ul>\n<\/section>\n<\/div>\n<\/section>\n<section class=\"section\">\n<div class=\"item item-6\">\n<section class=\"text-item\">\n<h2>DANE TECHNICZNE<\/h2>\n<ul>\n<li>\u015arednica wewn\u0119trzna w\u0119\u017ca:\u00a0<b>1\/2&#8243;<\/b><\/li>\n<li>D\u0142ugo\u015b\u0107:\u00a0<b>100m<\/b><\/li>\n<li>Ci\u015bnienie robocze przy 20\u00b0C:\u00a0<b>7\u00a0bar\u00a0<\/b><\/li>\n<li>ci\u015bnienie rozrywaj\u0105ce przy 20\u00b0C:\u00a0<b>20 bar\u00a0<\/b><\/li>\n<li>Liczba warstw:\u00a0<b>3<\/b><\/li>\n<li>Zakres temperatur:\u00a0<b>-10\u00b0C\u00a0 do +50\u00b0C<\/b><\/li>\n<\/ul>\n<\/section>\n<\/div>\n<div class=\"item item-6\">\n<section class=\"image-item\"><\/section>\n<\/div>\n<\/section>\n<section class=\"section\">\n<div class=\"item item-6\">\n<section class=\"text-item\">\n<ul>\n<li>3-warstwowy w\u0105\u017c ogrodowy pozwala na swobodne podlewanie ogrodu lub dzia\u0142ki. Sk\u0142ada si\u0119 on z czterech warstw: wewn\u0119trznej warstwy, kt\u00f3ra zapobiega powstawaniu zanieczyszcze\u0144 i osad\u00f3w, wzmocnionej siatk\u0105 warstwy, kt\u00f3ra zwi\u0119ksza wytrzyma\u0142o\u015b\u0107 w\u0119\u017ca, trzeciej warstwy z termoplastycznej gumy, kt\u00f3ra chroni przed dzia\u0142aniem wysokiej temperatury i szkodliwych czynnik\u00f3w atmosferycznych, oraz zewn\u0119trznej warstwy z materia\u0142u odpornego na \u015bcieranie. Dzi\u0119ki temu, w\u0105\u017c jest bardzo odporny na uszkodzenia i trwa\u0142y w u\u017cytkowaniu. Dodatkowo, jego wzmocniona konstrukcja pozwala na swobodne przemieszczanie si\u0119 bez ryzyka uszkodze\u0144 lub p\u0119kni\u0119\u0107. Jego wytrzyma\u0142o\u015b\u0107 i elastyczno\u015b\u0107 sprawiaj\u0105, \u017ce jest to idealne narz\u0119dzie dla mi\u0142o\u015bnik\u00f3w ogrod\u00f3w, kt\u00f3rzy cz\u0119sto korzystaj\u0105 z w\u0119\u017ca ogrodowego. Dzi\u0119ki swojej konstrukcji, w\u0105\u017c ten jest odporny na zginanie i skr\u0119canie, co pozwala na wygodne podlewanie z ka\u017cdej strony. Dzi\u0119ki zastosowaniu specjalnych materia\u0142\u00f3w, jest odporny na dzia\u0142anie promieni UV, co pozwala na d\u0142ugi okres u\u017cytkowania bez ryzyka utraty w\u0142a\u015bciwo\u015bci.Produkt zosta\u0142 wyprodukowany w Polsce.<\/li>\n<\/ul>\n<\/section>\n<\/div>\n<div class=\"item item-6\">\n<section class=\"image-item\"><\/section>\n<\/div>\n<\/section>\n<section class=\"section\">\n<div class=\"item item-6\">\n<section class=\"text-item\">Przy\u0142\u0105cza na kran wykonane z mocnego tworzywa sztucznego odpornego na warunki atmosferyczne i promieniowanie UV. W zestawie uszczelka i oring uszczelniaj\u0105cy. Kr\u00f3ciec kompatybilny z innymi szykoz\u0142\u0105czami dost\u0119pnymi na rynku.<\/p>\n<p>Wysokiej jako\u015bci szybkoz\u0142\u0105czki, jedna wyposa\u017cona w system STOP, pozwalaj\u0105ce w \u0142atwy i szybki spos\u00f3b na przy\u0142\u0105czanie i od\u0142\u0105czanie urz\u0105dze\u0144 zraszaj\u0105cych oraz w\u0119\u017ca do kranu. System STOP pozwala na natychmiastowe zatrzymanie wody podczas od\u0142\u0105czania zraszacza. Z\u0142\u0105czki posiadaj\u0105 wyprofilowane z\u0105bki, kt\u00f3re pozwalaj\u0105 na solidne zamocowanie ko\u0144c\u00f3wki na ko\u0144cu w\u0119\u017ca 1\/2&#8243;. Szybkoz\u0142\u0105czki zapewniaj\u0105 szczelne po\u0142\u0105czenie, dzi\u0119ki czemu woda nie wycieka na zewn\u0105trz. Aby roz\u0142\u0105czy\u0107 w\u0105\u017c, nale\u017cy jedynie obr\u00f3ci\u0107 cz\u0119\u015b\u0107 \u017ce\u0144sk\u0105 o \u0107wier\u0107 obrotu i odci\u0105gn\u0105\u0107 j\u0105 od cz\u0119\u015bci m\u0119skiej. S\u0105 kompatybilne ze wszystkimi z\u0142\u0105czkami dost\u0119pnymi na rynku.<\/p>\n<\/section>\n<\/div>\n<\/section>\n","protected":false},"excerpt":{"rendered":"<p>3-WARSTWOWY W\u0104\u017b OGRODOWY 1\/2&#8243; 100 M+ Z\u0141\u0104CZKI + PISTOLET ZRASZAJ\u0104CY SKU: RG-13-873 Producent: REXXER Model: REXXER Komplet zawiera 1x 3-WARSTWOWY<\/p>\n","protected":false},"featured_media":93449,"comment_status":"open","ping_status":"closed","template":"","meta":[],"product_brand":[519],"product_cat":[443,450,451],"product_tag":[],"class_list":{"0":"post-93434","1":"product","2":"type-product","3":"status-publish","4":"has-post-thumbnail","6":"product_brand-rexxer","7":"product_cat-dom-i-ogrod","8":"product_cat-ogrod","9":"product_cat-weze-ogrodowe","11":"first","12":"instock","13":"taxable","14":"shipping-taxable","15":"purchasable","16":"product-type-simple"},"yoast_head":"<!-- This site is optimized with the Yoast SEO plugin v27.4 - https:\/\/yoast.com\/product\/yoast-seo-wordpress\/ -->\n<title>3-WARSTWOWY W\u0104\u017b OGRODOWY 1\/2&quot; 100M 20 BAR + z\u0142\u0105czki + pistolet zraszaj\u0105cy - Narz\u0119dzia REXXER - sklep online<\/title>\n<meta name=\"robots\" content=\"index, follow, max-snippet:-1, max-image-preview:large, max-video-preview:-1\" \/>\n<link rel=\"canonical\" href=\"https:\/\/www.rexxer.pl\/en\/produkt\/3-warstwowy-waz-ogrodowy-1-2-100m-20-bar-zlaczki-pistolet-zraszajacy\/\" \/>\n<meta property=\"og:locale\" content=\"en_US\" \/>\n<meta property=\"og:type\" content=\"article\" \/>\n<meta property=\"og:title\" content=\"3-WARSTWOWY W\u0104\u017b OGRODOWY 1\/2&quot; 100M 20 BAR + z\u0142\u0105czki + pistolet zraszaj\u0105cy - Narz\u0119dzia REXXER - sklep online\" \/>\n<meta property=\"og:description\" content=\"3-WARSTWOWY W\u0104\u017b OGRODOWY 1\/2&#8243; 100 M+ Z\u0141\u0104CZKI + PISTOLET ZRASZAJ\u0104CY SKU: RG-13-873 Producent: REXXER Model: REXXER Komplet zawiera 1x 3-WARSTWOWY\" \/>\n<meta property=\"og:url\" content=\"https:\/\/www.rexxer.pl\/en\/produkt\/3-warstwowy-waz-ogrodowy-1-2-100m-20-bar-zlaczki-pistolet-zraszajacy\/\" \/>\n<meta property=\"og:site_name\" content=\"Narz\u0119dzia REXXER - sklep online\" \/>\n<meta property=\"article:publisher\" content=\"https:\/\/www.facebook.com\/Rexxertools\/\" \/>\n<meta property=\"article:modified_time\" content=\"2026-04-27T15:37:17+00:00\" \/>\n<meta property=\"og:image\" content=\"https:\/\/www.rexxer.pl\/wp-content\/uploads\/2026\/04\/de7303185a318952bcce6a59d9990364.jpg\" \/>\n\t<meta property=\"og:image:width\" content=\"1984\" \/>\n\t<meta property=\"og:image:height\" content=\"1984\" \/>\n\t<meta property=\"og:image:type\" content=\"image\/jpeg\" \/>\n<meta name=\"twitter:card\" content=\"summary_large_image\" \/>\n<meta name=\"twitter:label1\" content=\"Est. reading time\" \/>\n\t<meta name=\"twitter:data1\" content=\"2 minutes\" \/>\n<script type=\"application\/ld+json\" class=\"yoast-schema-graph\">{\"@context\":\"https:\\\/\\\/schema.org\",\"@graph\":[{\"@type\":\"WebPage\",\"@id\":\"https:\\\/\\\/www.rexxer.pl\\\/en\\\/produkt\\\/3-warstwowy-waz-ogrodowy-1-2-100m-20-bar-zlaczki-pistolet-zraszajacy\\\/\",\"url\":\"https:\\\/\\\/www.rexxer.pl\\\/en\\\/produkt\\\/3-warstwowy-waz-ogrodowy-1-2-100m-20-bar-zlaczki-pistolet-zraszajacy\\\/\",\"name\":\"3-WARSTWOWY W\u0104\u017b OGRODOWY 1\\\/2\\\" 100M 20 BAR + z\u0142\u0105czki + pistolet zraszaj\u0105cy - Narz\u0119dzia REXXER - sklep online\",\"isPartOf\":{\"@id\":\"https:\\\/\\\/www.rexxer.pl\\\/en\\\/#website\"},\"primaryImageOfPage\":{\"@id\":\"https:\\\/\\\/www.rexxer.pl\\\/en\\\/produkt\\\/3-warstwowy-waz-ogrodowy-1-2-100m-20-bar-zlaczki-pistolet-zraszajacy\\\/#primaryimage\"},\"image\":{\"@id\":\"https:\\\/\\\/www.rexxer.pl\\\/en\\\/produkt\\\/3-warstwowy-waz-ogrodowy-1-2-100m-20-bar-zlaczki-pistolet-zraszajacy\\\/#primaryimage\"},\"thumbnailUrl\":\"https:\\\/\\\/www.rexxer.pl\\\/wp-content\\\/uploads\\\/2026\\\/04\\\/de7303185a318952bcce6a59d9990364.jpg\",\"datePublished\":\"2026-04-27T06:21:36+00:00\",\"dateModified\":\"2026-04-27T15:37:17+00:00\",\"breadcrumb\":{\"@id\":\"https:\\\/\\\/www.rexxer.pl\\\/en\\\/produkt\\\/3-warstwowy-waz-ogrodowy-1-2-100m-20-bar-zlaczki-pistolet-zraszajacy\\\/#breadcrumb\"},\"inLanguage\":\"en-US\",\"potentialAction\":[{\"@type\":\"ReadAction\",\"target\":[\"https:\\\/\\\/www.rexxer.pl\\\/en\\\/produkt\\\/3-warstwowy-waz-ogrodowy-1-2-100m-20-bar-zlaczki-pistolet-zraszajacy\\\/\"]}]},{\"@type\":\"ImageObject\",\"inLanguage\":\"en-US\",\"@id\":\"https:\\\/\\\/www.rexxer.pl\\\/en\\\/produkt\\\/3-warstwowy-waz-ogrodowy-1-2-100m-20-bar-zlaczki-pistolet-zraszajacy\\\/#primaryimage\",\"url\":\"https:\\\/\\\/www.rexxer.pl\\\/wp-content\\\/uploads\\\/2026\\\/04\\\/de7303185a318952bcce6a59d9990364.jpg\",\"contentUrl\":\"https:\\\/\\\/www.rexxer.pl\\\/wp-content\\\/uploads\\\/2026\\\/04\\\/de7303185a318952bcce6a59d9990364.jpg\",\"width\":1984,\"height\":1984,\"caption\":\"793e08a7f4ef7500504775eaf601ae3a\"},{\"@type\":\"BreadcrumbList\",\"@id\":\"https:\\\/\\\/www.rexxer.pl\\\/en\\\/produkt\\\/3-warstwowy-waz-ogrodowy-1-2-100m-20-bar-zlaczki-pistolet-zraszajacy\\\/#breadcrumb\",\"itemListElement\":[{\"@type\":\"ListItem\",\"position\":1,\"name\":\"Strona g\u0142\u00f3wna\",\"item\":\"https:\\\/\\\/www.rexxer.pl\\\/en\\\/home\\\/\"},{\"@type\":\"ListItem\",\"position\":2,\"name\":\"Sklep\",\"item\":\"https:\\\/\\\/www.rexxer.pl\\\/sklep\\\/\"},{\"@type\":\"ListItem\",\"position\":3,\"name\":\"3-WARSTWOWY W\u0104\u017b OGRODOWY 1\\\/2&#8243; 100M 20 BAR + z\u0142\u0105czki + pistolet zraszaj\u0105cy\"}]},{\"@type\":\"WebSite\",\"@id\":\"https:\\\/\\\/www.rexxer.pl\\\/en\\\/#website\",\"url\":\"https:\\\/\\\/www.rexxer.pl\\\/en\\\/\",\"name\":\"Narz\u0119dzia REXXER - sklep online\",\"description\":\"\",\"publisher\":{\"@id\":\"https:\\\/\\\/www.rexxer.pl\\\/en\\\/#organization\"},\"potentialAction\":[{\"@type\":\"SearchAction\",\"target\":{\"@type\":\"EntryPoint\",\"urlTemplate\":\"https:\\\/\\\/www.rexxer.pl\\\/en\\\/?s={search_term_string}\"},\"query-input\":{\"@type\":\"PropertyValueSpecification\",\"valueRequired\":true,\"valueName\":\"search_term_string\"}}],\"inLanguage\":\"en-US\"},{\"@type\":\"Organization\",\"@id\":\"https:\\\/\\\/www.rexxer.pl\\\/en\\\/#organization\",\"name\":\"Narz\u0119dzia REXXER - sklep online\",\"url\":\"https:\\\/\\\/www.rexxer.pl\\\/en\\\/\",\"logo\":{\"@type\":\"ImageObject\",\"inLanguage\":\"en-US\",\"@id\":\"https:\\\/\\\/www.rexxer.pl\\\/en\\\/#\\\/schema\\\/logo\\\/image\\\/\",\"url\":\"https:\\\/\\\/www.rexxer.pl\\\/wp-content\\\/uploads\\\/2025\\\/08\\\/logo.png\",\"contentUrl\":\"https:\\\/\\\/www.rexxer.pl\\\/wp-content\\\/uploads\\\/2025\\\/08\\\/logo.png\",\"width\":225,\"height\":114,\"caption\":\"Narz\u0119dzia REXXER - sklep online\"},\"image\":{\"@id\":\"https:\\\/\\\/www.rexxer.pl\\\/en\\\/#\\\/schema\\\/logo\\\/image\\\/\"},\"sameAs\":[\"https:\\\/\\\/www.facebook.com\\\/Rexxertools\\\/\"]}]}<\/script>\n<!-- \/ Yoast SEO plugin. -->","yoast_head_json":{"title":"3-WARSTWOWY W\u0104\u017b OGRODOWY 1\/2\" 100M 20 BAR + z\u0142\u0105czki + pistolet zraszaj\u0105cy - Narz\u0119dzia REXXER - sklep online","robots":{"index":"index","follow":"follow","max-snippet":"max-snippet:-1","max-image-preview":"max-image-preview:large","max-video-preview":"max-video-preview:-1"},"canonical":"https:\/\/www.rexxer.pl\/en\/produkt\/3-warstwowy-waz-ogrodowy-1-2-100m-20-bar-zlaczki-pistolet-zraszajacy\/","og_locale":"en_US","og_type":"article","og_title":"3-WARSTWOWY W\u0104\u017b OGRODOWY 1\/2\" 100M 20 BAR + z\u0142\u0105czki + pistolet zraszaj\u0105cy - Narz\u0119dzia REXXER - sklep online","og_description":"3-WARSTWOWY W\u0104\u017b OGRODOWY 1\/2&#8243; 100 M+ Z\u0141\u0104CZKI + PISTOLET ZRASZAJ\u0104CY SKU: RG-13-873 Producent: REXXER Model: REXXER Komplet zawiera 1x 3-WARSTWOWY","og_url":"https:\/\/www.rexxer.pl\/en\/produkt\/3-warstwowy-waz-ogrodowy-1-2-100m-20-bar-zlaczki-pistolet-zraszajacy\/","og_site_name":"Narz\u0119dzia REXXER - sklep online","article_publisher":"https:\/\/www.facebook.com\/Rexxertools\/","article_modified_time":"2026-04-27T15:37:17+00:00","og_image":[{"width":1984,"height":1984,"url":"https:\/\/www.rexxer.pl\/wp-content\/uploads\/2026\/04\/de7303185a318952bcce6a59d9990364.jpg","type":"image\/jpeg"}],"twitter_card":"summary_large_image","twitter_misc":{"Est. reading time":"2 minutes"},"schema":{"@context":"https:\/\/schema.org","@graph":[{"@type":"WebPage","@id":"https:\/\/www.rexxer.pl\/en\/produkt\/3-warstwowy-waz-ogrodowy-1-2-100m-20-bar-zlaczki-pistolet-zraszajacy\/","url":"https:\/\/www.rexxer.pl\/en\/produkt\/3-warstwowy-waz-ogrodowy-1-2-100m-20-bar-zlaczki-pistolet-zraszajacy\/","name":"3-WARSTWOWY W\u0104\u017b OGRODOWY 1\/2\" 100M 20 BAR + z\u0142\u0105czki + pistolet zraszaj\u0105cy - Narz\u0119dzia REXXER - sklep online","isPartOf":{"@id":"https:\/\/www.rexxer.pl\/en\/#website"},"primaryImageOfPage":{"@id":"https:\/\/www.rexxer.pl\/en\/produkt\/3-warstwowy-waz-ogrodowy-1-2-100m-20-bar-zlaczki-pistolet-zraszajacy\/#primaryimage"},"image":{"@id":"https:\/\/www.rexxer.pl\/en\/produkt\/3-warstwowy-waz-ogrodowy-1-2-100m-20-bar-zlaczki-pistolet-zraszajacy\/#primaryimage"},"thumbnailUrl":"https:\/\/www.rexxer.pl\/wp-content\/uploads\/2026\/04\/de7303185a318952bcce6a59d9990364.jpg","datePublished":"2026-04-27T06:21:36+00:00","dateModified":"2026-04-27T15:37:17+00:00","breadcrumb":{"@id":"https:\/\/www.rexxer.pl\/en\/produkt\/3-warstwowy-waz-ogrodowy-1-2-100m-20-bar-zlaczki-pistolet-zraszajacy\/#breadcrumb"},"inLanguage":"en-US","potentialAction":[{"@type":"ReadAction","target":["https:\/\/www.rexxer.pl\/en\/produkt\/3-warstwowy-waz-ogrodowy-1-2-100m-20-bar-zlaczki-pistolet-zraszajacy\/"]}]},{"@type":"ImageObject","inLanguage":"en-US","@id":"https:\/\/www.rexxer.pl\/en\/produkt\/3-warstwowy-waz-ogrodowy-1-2-100m-20-bar-zlaczki-pistolet-zraszajacy\/#primaryimage","url":"https:\/\/www.rexxer.pl\/wp-content\/uploads\/2026\/04\/de7303185a318952bcce6a59d9990364.jpg","contentUrl":"https:\/\/www.rexxer.pl\/wp-content\/uploads\/2026\/04\/de7303185a318952bcce6a59d9990364.jpg","width":1984,"height":1984,"caption":"793e08a7f4ef7500504775eaf601ae3a"},{"@type":"BreadcrumbList","@id":"https:\/\/www.rexxer.pl\/en\/produkt\/3-warstwowy-waz-ogrodowy-1-2-100m-20-bar-zlaczki-pistolet-zraszajacy\/#breadcrumb","itemListElement":[{"@type":"ListItem","position":1,"name":"Strona g\u0142\u00f3wna","item":"https:\/\/www.rexxer.pl\/en\/home\/"},{"@type":"ListItem","position":2,"name":"Sklep","item":"https:\/\/www.rexxer.pl\/sklep\/"},{"@type":"ListItem","position":3,"name":"3-WARSTWOWY W\u0104\u017b OGRODOWY 1\/2&#8243; 100M 20 BAR + z\u0142\u0105czki + pistolet zraszaj\u0105cy"}]},{"@type":"WebSite","@id":"https:\/\/www.rexxer.pl\/en\/#website","url":"https:\/\/www.rexxer.pl\/en\/","name":"Narz\u0119dzia REXXER - sklep online","description":"","publisher":{"@id":"https:\/\/www.rexxer.pl\/en\/#organization"},"potentialAction":[{"@type":"SearchAction","target":{"@type":"EntryPoint","urlTemplate":"https:\/\/www.rexxer.pl\/en\/?s={search_term_string}"},"query-input":{"@type":"PropertyValueSpecification","valueRequired":true,"valueName":"search_term_string"}}],"inLanguage":"en-US"},{"@type":"Organization","@id":"https:\/\/www.rexxer.pl\/en\/#organization","name":"Narz\u0119dzia REXXER - sklep online","url":"https:\/\/www.rexxer.pl\/en\/","logo":{"@type":"ImageObject","inLanguage":"en-US","@id":"https:\/\/www.rexxer.pl\/en\/#\/schema\/logo\/image\/","url":"https:\/\/www.rexxer.pl\/wp-content\/uploads\/2025\/08\/logo.png","contentUrl":"https:\/\/www.rexxer.pl\/wp-content\/uploads\/2025\/08\/logo.png","width":225,"height":114,"caption":"Narz\u0119dzia REXXER - sklep online"},"image":{"@id":"https:\/\/www.rexxer.pl\/en\/#\/schema\/logo\/image\/"},"sameAs":["https:\/\/www.facebook.com\/Rexxertools\/"]}]}},"_links":{"self":[{"href":"https:\/\/www.rexxer.pl\/en\/wp-json\/wp\/v2\/product\/93434","targetHints":{"allow":["GET"]}}],"collection":[{"href":"https:\/\/www.rexxer.pl\/en\/wp-json\/wp\/v2\/product"}],"about":[{"href":"https:\/\/www.rexxer.pl\/en\/wp-json\/wp\/v2\/types\/product"}],"replies":[{"embeddable":true,"href":"https:\/\/www.rexxer.pl\/en\/wp-json\/wp\/v2\/comments?post=93434"}],"version-history":[{"count":1,"href":"https:\/\/www.rexxer.pl\/en\/wp-json\/wp\/v2\/product\/93434\/revisions"}],"predecessor-version":[{"id":93531,"href":"https:\/\/www.rexxer.pl\/en\/wp-json\/wp\/v2\/product\/93434\/revisions\/93531"}],"wp:featuredmedia":[{"embeddable":true,"href":"https:\/\/www.rexxer.pl\/en\/wp-json\/wp\/v2\/media\/93449"}],"wp:attachment":[{"href":"https:\/\/www.rexxer.pl\/en\/wp-json\/wp\/v2\/media?parent=93434"}],"wp:term":[{"taxonomy":"product_brand","embeddable":true,"href":"https:\/\/www.rexxer.pl\/en\/wp-json\/wp\/v2\/product_brand?post=93434"},{"taxonomy":"product_cat","embeddable":true,"href":"https:\/\/www.rexxer.pl\/en\/wp-json\/wp\/v2\/product_cat?post=93434"},{"taxonomy":"product_tag","embeddable":true,"href":"https:\/\/www.rexxer.pl\/en\/wp-json\/wp\/v2\/product_tag?post=93434"}],"curies":[{"name":"wp","href":"https:\/\/api.w.org\/{rel}","templated":true}]}}