{"id":92923,"date":"2026-04-21T13:10:14","date_gmt":"2026-04-21T11:10:14","guid":{"rendered":"https:\/\/www.rexxer.pl\/produkt\/3-warstwowy-waz-ogrodowy-3-4-25m-20-bar\/"},"modified":"2026-04-22T10:50:59","modified_gmt":"2026-04-22T08:50:59","slug":"3-warstwowy-waz-ogrodowy-3-4-25m-20-bar","status":"publish","type":"product","link":"https:\/\/www.rexxer.pl\/en\/produkt\/3-warstwowy-waz-ogrodowy-3-4-25m-20-bar\/","title":{"rendered":"3-warstwowy w\u0105\u017c ogrodowy 3\/4&#8243; 25m 20 bar"},"content":{"rendered":"<section class=\"section\">\n<div class=\"item item-6\">\n<section class=\"image-item\"><span style=\"color: #1b1919;font-size: 28px\">3-WARSTWOWY W\u0104\u017b OGRODOWY 3\/4&#8243; 20 M<\/span><\/section>\n<\/div>\n<div class=\"item item-6\">\n<section class=\"text-item\">\n<ul>\n<li>SKU: RC-13-856<\/li>\n<li>EAN: 5901180800532<\/li>\n<li>Producent: REXXER<\/li>\n<li>Model: REXXER<\/li>\n<\/ul>\n<p>3-warstwowy w\u0105\u017c ogrodowy pozwala na swobodne podlewanie ogrodu lub dzia\u0142ki. Sk\u0142ada si\u0119 on z czterech warstw: wewn\u0119trznej warstwy, kt\u00f3ra zapobiega powstawaniu zanieczyszcze\u0144 i osad\u00f3w, wzmocnionej siatk\u0105 warstwy, kt\u00f3ra zwi\u0119ksza wytrzyma\u0142o\u015b\u0107 w\u0119\u017ca, trzeciej warstwy z termoplastycznej gumy, kt\u00f3ra chroni przed dzia\u0142aniem wysokiej temperatury i szkodliwych czynnik\u00f3w atmosferycznych, oraz zewn\u0119trznej warstwy z materia\u0142u odpornego na \u015bcieranie. Dzi\u0119ki temu, w\u0105\u017c jest bardzo odporny na uszkodzenia i trwa\u0142y w u\u017cytkowaniu. Dodatkowo, jego wzmocniona konstrukcja pozwala na swobodne przemieszczanie si\u0119 bez ryzyka uszkodze\u0144 lub p\u0119kni\u0119\u0107. Jego wytrzyma\u0142o\u015b\u0107 i elastyczno\u015b\u0107 sprawiaj\u0105, \u017ce jest to idealne narz\u0119dzie dla mi\u0142o\u015bnik\u00f3w ogrod\u00f3w, kt\u00f3rzy cz\u0119sto korzystaj\u0105 z w\u0119\u017ca ogrodowego. Dzi\u0119ki swojej konstrukcji, w\u0105\u017c ten jest odporny na zginanie i skr\u0119canie, co pozwala na wygodne podlewanie z ka\u017cdej strony. Dzi\u0119ki zastosowaniu specjalnych materia\u0142\u00f3w, jest odporny na dzia\u0142anie promieni UV, co pozwala na d\u0142ugi okres u\u017cytkowania bez ryzyka utraty w\u0142a\u015bciwo\u015bci.\u00a0<b>Produkt zosta\u0142 wyprodukowany w Polsce<\/b>.<\/p>\n<p>Najwa\u017cniejsze zalety:<\/p>\n<ul>\n<li><b>Wytrzyma\u0142o\u015b\u0107<\/b><\/li>\n<li><b>Trwa\u0142o\u015b\u0107<\/b><\/li>\n<li><b>Elastyczno\u015b\u0107<\/b><\/li>\n<li><b>Odporno\u015b\u0107 na zniszczenie i promieniowanie UV<\/b><\/li>\n<li><b>W\u0105\u017c jest lekki<\/b><\/li>\n<\/ul>\n<\/section>\n<\/div>\n<\/section>\n<section class=\"section\">\n<div class=\"item item-6\">\n<section class=\"text-item\"><b>Dane techniczne<\/b><\/p>\n<ul>\n<li>\u015arednica wewn\u0119trzna w\u0119\u017ca:\u00a0<b>3\/4&#8243;<\/b><\/li>\n<li>D\u0142ugo\u015b\u0107:<b> 20m<\/b><\/li>\n<li>Ci\u015bnienie robocze przy 20\u00b0C:\u00a0<b>7\u00a0bar\u00a0<\/b><\/li>\n<li>ci\u015bnienie rozrywaj\u0105ce przy 20\u00b0C:\u00a0<b>20 bar\u00a0<\/b><\/li>\n<li>Liczba warstw:\u00a0<b>3<\/b><\/li>\n<li>Zakres temperatur:\u00a0<b>-10\u00b0C\u00a0 do +50\u00b0C<\/b><\/li>\n<\/ul>\n<\/section>\n<\/div>\n<\/section>\n","protected":false},"excerpt":{"rendered":"<p>3-WARSTWOWY W\u0104\u017b OGRODOWY 3\/4&#8243; 20 M SKU: RC-13-856 EAN: 5901180800532 Producent: REXXER Model: REXXER 3-warstwowy w\u0105\u017c ogrodowy pozwala na swobodne<\/p>\n","protected":false},"featured_media":92927,"comment_status":"open","ping_status":"closed","template":"","meta":[],"product_brand":[1283,519],"product_cat":[443,450,451],"product_tag":[],"class_list":{"0":"post-92923","1":"product","2":"type-product","3":"status-publish","4":"has-post-thumbnail","6":"product_brand-agaplast-sp-z-o-o","7":"product_brand-rexxer","8":"product_cat-dom-i-ogrod","9":"product_cat-ogrod","10":"product_cat-weze-ogrodowe","12":"first","13":"instock","14":"taxable","15":"shipping-taxable","16":"purchasable","17":"product-type-simple"},"yoast_head":"<!-- This site is optimized with the Yoast SEO plugin v27.4 - https:\/\/yoast.com\/product\/yoast-seo-wordpress\/ -->\n<title>3-warstwowy w\u0105\u017c ogrodowy 3\/4&quot; 25m 20 bar - Narz\u0119dzia REXXER - sklep online<\/title>\n<meta name=\"robots\" content=\"index, follow, max-snippet:-1, max-image-preview:large, max-video-preview:-1\" \/>\n<link rel=\"canonical\" href=\"https:\/\/www.rexxer.pl\/en\/produkt\/3-warstwowy-waz-ogrodowy-3-4-25m-20-bar\/\" \/>\n<meta property=\"og:locale\" content=\"en_US\" \/>\n<meta property=\"og:type\" content=\"article\" \/>\n<meta property=\"og:title\" content=\"3-warstwowy w\u0105\u017c ogrodowy 3\/4&quot; 25m 20 bar - Narz\u0119dzia REXXER - sklep online\" \/>\n<meta property=\"og:description\" content=\"3-WARSTWOWY W\u0104\u017b OGRODOWY 3\/4&#8243; 20 M SKU: RC-13-856 EAN: 5901180800532 Producent: REXXER Model: REXXER 3-warstwowy w\u0105\u017c ogrodowy pozwala na swobodne\" \/>\n<meta property=\"og:url\" content=\"https:\/\/www.rexxer.pl\/en\/produkt\/3-warstwowy-waz-ogrodowy-3-4-25m-20-bar\/\" \/>\n<meta property=\"og:site_name\" content=\"Narz\u0119dzia REXXER - sklep online\" \/>\n<meta property=\"article:publisher\" content=\"https:\/\/www.facebook.com\/Rexxertools\/\" \/>\n<meta property=\"article:modified_time\" content=\"2026-04-22T08:50:59+00:00\" \/>\n<meta property=\"og:image\" content=\"https:\/\/www.rexxer.pl\/wp-content\/uploads\/2026\/04\/1c54b4a264eba1f74362271ed6d526ec.jpg\" \/>\n\t<meta property=\"og:image:width\" content=\"1984\" \/>\n\t<meta property=\"og:image:height\" content=\"1984\" \/>\n\t<meta property=\"og:image:type\" content=\"image\/jpeg\" \/>\n<meta name=\"twitter:card\" content=\"summary_large_image\" \/>\n<meta name=\"twitter:label1\" content=\"Est. reading time\" \/>\n\t<meta name=\"twitter:data1\" content=\"1 minute\" \/>\n<script type=\"application\/ld+json\" class=\"yoast-schema-graph\">{\"@context\":\"https:\\\/\\\/schema.org\",\"@graph\":[{\"@type\":\"WebPage\",\"@id\":\"https:\\\/\\\/www.rexxer.pl\\\/en\\\/produkt\\\/3-warstwowy-waz-ogrodowy-3-4-25m-20-bar\\\/\",\"url\":\"https:\\\/\\\/www.rexxer.pl\\\/en\\\/produkt\\\/3-warstwowy-waz-ogrodowy-3-4-25m-20-bar\\\/\",\"name\":\"3-warstwowy w\u0105\u017c ogrodowy 3\\\/4\\\" 25m 20 bar - Narz\u0119dzia REXXER - sklep online\",\"isPartOf\":{\"@id\":\"https:\\\/\\\/www.rexxer.pl\\\/en\\\/#website\"},\"primaryImageOfPage\":{\"@id\":\"https:\\\/\\\/www.rexxer.pl\\\/en\\\/produkt\\\/3-warstwowy-waz-ogrodowy-3-4-25m-20-bar\\\/#primaryimage\"},\"image\":{\"@id\":\"https:\\\/\\\/www.rexxer.pl\\\/en\\\/produkt\\\/3-warstwowy-waz-ogrodowy-3-4-25m-20-bar\\\/#primaryimage\"},\"thumbnailUrl\":\"https:\\\/\\\/www.rexxer.pl\\\/wp-content\\\/uploads\\\/2026\\\/04\\\/1c54b4a264eba1f74362271ed6d526ec.jpg\",\"datePublished\":\"2026-04-21T11:10:14+00:00\",\"dateModified\":\"2026-04-22T08:50:59+00:00\",\"breadcrumb\":{\"@id\":\"https:\\\/\\\/www.rexxer.pl\\\/en\\\/produkt\\\/3-warstwowy-waz-ogrodowy-3-4-25m-20-bar\\\/#breadcrumb\"},\"inLanguage\":\"en-US\",\"potentialAction\":[{\"@type\":\"ReadAction\",\"target\":[\"https:\\\/\\\/www.rexxer.pl\\\/en\\\/produkt\\\/3-warstwowy-waz-ogrodowy-3-4-25m-20-bar\\\/\"]}]},{\"@type\":\"ImageObject\",\"inLanguage\":\"en-US\",\"@id\":\"https:\\\/\\\/www.rexxer.pl\\\/en\\\/produkt\\\/3-warstwowy-waz-ogrodowy-3-4-25m-20-bar\\\/#primaryimage\",\"url\":\"https:\\\/\\\/www.rexxer.pl\\\/wp-content\\\/uploads\\\/2026\\\/04\\\/1c54b4a264eba1f74362271ed6d526ec.jpg\",\"contentUrl\":\"https:\\\/\\\/www.rexxer.pl\\\/wp-content\\\/uploads\\\/2026\\\/04\\\/1c54b4a264eba1f74362271ed6d526ec.jpg\",\"width\":1984,\"height\":1984,\"caption\":\"09d87c0643a45a3e7706aa6f018428f1\"},{\"@type\":\"BreadcrumbList\",\"@id\":\"https:\\\/\\\/www.rexxer.pl\\\/en\\\/produkt\\\/3-warstwowy-waz-ogrodowy-3-4-25m-20-bar\\\/#breadcrumb\",\"itemListElement\":[{\"@type\":\"ListItem\",\"position\":1,\"name\":\"Strona g\u0142\u00f3wna\",\"item\":\"https:\\\/\\\/www.rexxer.pl\\\/en\\\/home\\\/\"},{\"@type\":\"ListItem\",\"position\":2,\"name\":\"Sklep\",\"item\":\"https:\\\/\\\/www.rexxer.pl\\\/sklep\\\/\"},{\"@type\":\"ListItem\",\"position\":3,\"name\":\"3-warstwowy w\u0105\u017c ogrodowy 3\\\/4&#8243; 25m 20 bar\"}]},{\"@type\":\"WebSite\",\"@id\":\"https:\\\/\\\/www.rexxer.pl\\\/en\\\/#website\",\"url\":\"https:\\\/\\\/www.rexxer.pl\\\/en\\\/\",\"name\":\"Narz\u0119dzia REXXER - sklep online\",\"description\":\"\",\"publisher\":{\"@id\":\"https:\\\/\\\/www.rexxer.pl\\\/en\\\/#organization\"},\"potentialAction\":[{\"@type\":\"SearchAction\",\"target\":{\"@type\":\"EntryPoint\",\"urlTemplate\":\"https:\\\/\\\/www.rexxer.pl\\\/en\\\/?s={search_term_string}\"},\"query-input\":{\"@type\":\"PropertyValueSpecification\",\"valueRequired\":true,\"valueName\":\"search_term_string\"}}],\"inLanguage\":\"en-US\"},{\"@type\":\"Organization\",\"@id\":\"https:\\\/\\\/www.rexxer.pl\\\/en\\\/#organization\",\"name\":\"Narz\u0119dzia REXXER - sklep online\",\"url\":\"https:\\\/\\\/www.rexxer.pl\\\/en\\\/\",\"logo\":{\"@type\":\"ImageObject\",\"inLanguage\":\"en-US\",\"@id\":\"https:\\\/\\\/www.rexxer.pl\\\/en\\\/#\\\/schema\\\/logo\\\/image\\\/\",\"url\":\"https:\\\/\\\/www.rexxer.pl\\\/wp-content\\\/uploads\\\/2025\\\/08\\\/logo.png\",\"contentUrl\":\"https:\\\/\\\/www.rexxer.pl\\\/wp-content\\\/uploads\\\/2025\\\/08\\\/logo.png\",\"width\":225,\"height\":114,\"caption\":\"Narz\u0119dzia REXXER - sklep online\"},\"image\":{\"@id\":\"https:\\\/\\\/www.rexxer.pl\\\/en\\\/#\\\/schema\\\/logo\\\/image\\\/\"},\"sameAs\":[\"https:\\\/\\\/www.facebook.com\\\/Rexxertools\\\/\"]}]}<\/script>\n<!-- \/ Yoast SEO plugin. -->","yoast_head_json":{"title":"3-warstwowy w\u0105\u017c ogrodowy 3\/4\" 25m 20 bar - Narz\u0119dzia REXXER - sklep online","robots":{"index":"index","follow":"follow","max-snippet":"max-snippet:-1","max-image-preview":"max-image-preview:large","max-video-preview":"max-video-preview:-1"},"canonical":"https:\/\/www.rexxer.pl\/en\/produkt\/3-warstwowy-waz-ogrodowy-3-4-25m-20-bar\/","og_locale":"en_US","og_type":"article","og_title":"3-warstwowy w\u0105\u017c ogrodowy 3\/4\" 25m 20 bar - Narz\u0119dzia REXXER - sklep online","og_description":"3-WARSTWOWY W\u0104\u017b OGRODOWY 3\/4&#8243; 20 M SKU: RC-13-856 EAN: 5901180800532 Producent: REXXER Model: REXXER 3-warstwowy w\u0105\u017c ogrodowy pozwala na swobodne","og_url":"https:\/\/www.rexxer.pl\/en\/produkt\/3-warstwowy-waz-ogrodowy-3-4-25m-20-bar\/","og_site_name":"Narz\u0119dzia REXXER - sklep online","article_publisher":"https:\/\/www.facebook.com\/Rexxertools\/","article_modified_time":"2026-04-22T08:50:59+00:00","og_image":[{"width":1984,"height":1984,"url":"https:\/\/www.rexxer.pl\/wp-content\/uploads\/2026\/04\/1c54b4a264eba1f74362271ed6d526ec.jpg","type":"image\/jpeg"}],"twitter_card":"summary_large_image","twitter_misc":{"Est. reading time":"1 minute"},"schema":{"@context":"https:\/\/schema.org","@graph":[{"@type":"WebPage","@id":"https:\/\/www.rexxer.pl\/en\/produkt\/3-warstwowy-waz-ogrodowy-3-4-25m-20-bar\/","url":"https:\/\/www.rexxer.pl\/en\/produkt\/3-warstwowy-waz-ogrodowy-3-4-25m-20-bar\/","name":"3-warstwowy w\u0105\u017c ogrodowy 3\/4\" 25m 20 bar - Narz\u0119dzia REXXER - sklep online","isPartOf":{"@id":"https:\/\/www.rexxer.pl\/en\/#website"},"primaryImageOfPage":{"@id":"https:\/\/www.rexxer.pl\/en\/produkt\/3-warstwowy-waz-ogrodowy-3-4-25m-20-bar\/#primaryimage"},"image":{"@id":"https:\/\/www.rexxer.pl\/en\/produkt\/3-warstwowy-waz-ogrodowy-3-4-25m-20-bar\/#primaryimage"},"thumbnailUrl":"https:\/\/www.rexxer.pl\/wp-content\/uploads\/2026\/04\/1c54b4a264eba1f74362271ed6d526ec.jpg","datePublished":"2026-04-21T11:10:14+00:00","dateModified":"2026-04-22T08:50:59+00:00","breadcrumb":{"@id":"https:\/\/www.rexxer.pl\/en\/produkt\/3-warstwowy-waz-ogrodowy-3-4-25m-20-bar\/#breadcrumb"},"inLanguage":"en-US","potentialAction":[{"@type":"ReadAction","target":["https:\/\/www.rexxer.pl\/en\/produkt\/3-warstwowy-waz-ogrodowy-3-4-25m-20-bar\/"]}]},{"@type":"ImageObject","inLanguage":"en-US","@id":"https:\/\/www.rexxer.pl\/en\/produkt\/3-warstwowy-waz-ogrodowy-3-4-25m-20-bar\/#primaryimage","url":"https:\/\/www.rexxer.pl\/wp-content\/uploads\/2026\/04\/1c54b4a264eba1f74362271ed6d526ec.jpg","contentUrl":"https:\/\/www.rexxer.pl\/wp-content\/uploads\/2026\/04\/1c54b4a264eba1f74362271ed6d526ec.jpg","width":1984,"height":1984,"caption":"09d87c0643a45a3e7706aa6f018428f1"},{"@type":"BreadcrumbList","@id":"https:\/\/www.rexxer.pl\/en\/produkt\/3-warstwowy-waz-ogrodowy-3-4-25m-20-bar\/#breadcrumb","itemListElement":[{"@type":"ListItem","position":1,"name":"Strona g\u0142\u00f3wna","item":"https:\/\/www.rexxer.pl\/en\/home\/"},{"@type":"ListItem","position":2,"name":"Sklep","item":"https:\/\/www.rexxer.pl\/sklep\/"},{"@type":"ListItem","position":3,"name":"3-warstwowy w\u0105\u017c ogrodowy 3\/4&#8243; 25m 20 bar"}]},{"@type":"WebSite","@id":"https:\/\/www.rexxer.pl\/en\/#website","url":"https:\/\/www.rexxer.pl\/en\/","name":"Narz\u0119dzia REXXER - sklep online","description":"","publisher":{"@id":"https:\/\/www.rexxer.pl\/en\/#organization"},"potentialAction":[{"@type":"SearchAction","target":{"@type":"EntryPoint","urlTemplate":"https:\/\/www.rexxer.pl\/en\/?s={search_term_string}"},"query-input":{"@type":"PropertyValueSpecification","valueRequired":true,"valueName":"search_term_string"}}],"inLanguage":"en-US"},{"@type":"Organization","@id":"https:\/\/www.rexxer.pl\/en\/#organization","name":"Narz\u0119dzia REXXER - sklep online","url":"https:\/\/www.rexxer.pl\/en\/","logo":{"@type":"ImageObject","inLanguage":"en-US","@id":"https:\/\/www.rexxer.pl\/en\/#\/schema\/logo\/image\/","url":"https:\/\/www.rexxer.pl\/wp-content\/uploads\/2025\/08\/logo.png","contentUrl":"https:\/\/www.rexxer.pl\/wp-content\/uploads\/2025\/08\/logo.png","width":225,"height":114,"caption":"Narz\u0119dzia REXXER - sklep online"},"image":{"@id":"https:\/\/www.rexxer.pl\/en\/#\/schema\/logo\/image\/"},"sameAs":["https:\/\/www.facebook.com\/Rexxertools\/"]}]}},"_links":{"self":[{"href":"https:\/\/www.rexxer.pl\/en\/wp-json\/wp\/v2\/product\/92923","targetHints":{"allow":["GET"]}}],"collection":[{"href":"https:\/\/www.rexxer.pl\/en\/wp-json\/wp\/v2\/product"}],"about":[{"href":"https:\/\/www.rexxer.pl\/en\/wp-json\/wp\/v2\/types\/product"}],"replies":[{"embeddable":true,"href":"https:\/\/www.rexxer.pl\/en\/wp-json\/wp\/v2\/comments?post=92923"}],"version-history":[{"count":2,"href":"https:\/\/www.rexxer.pl\/en\/wp-json\/wp\/v2\/product\/92923\/revisions"}],"predecessor-version":[{"id":93019,"href":"https:\/\/www.rexxer.pl\/en\/wp-json\/wp\/v2\/product\/92923\/revisions\/93019"}],"wp:featuredmedia":[{"embeddable":true,"href":"https:\/\/www.rexxer.pl\/en\/wp-json\/wp\/v2\/media\/92927"}],"wp:attachment":[{"href":"https:\/\/www.rexxer.pl\/en\/wp-json\/wp\/v2\/media?parent=92923"}],"wp:term":[{"taxonomy":"product_brand","embeddable":true,"href":"https:\/\/www.rexxer.pl\/en\/wp-json\/wp\/v2\/product_brand?post=92923"},{"taxonomy":"product_cat","embeddable":true,"href":"https:\/\/www.rexxer.pl\/en\/wp-json\/wp\/v2\/product_cat?post=92923"},{"taxonomy":"product_tag","embeddable":true,"href":"https:\/\/www.rexxer.pl\/en\/wp-json\/wp\/v2\/product_tag?post=92923"}],"curies":[{"name":"wp","href":"https:\/\/api.w.org\/{rel}","templated":true}]}}