{"id":92216,"date":"2026-04-08T14:08:34","date_gmt":"2026-04-08T12:08:34","guid":{"rendered":"https:\/\/www.rexxer.pl\/produkt\/gietarka-do-pretow-14-mm-z-lozyskiem\/"},"modified":"2026-04-08T14:09:17","modified_gmt":"2026-04-08T12:09:17","slug":"gietarka-do-pretow-14-mm-z-lozyskiem","status":"publish","type":"product","link":"https:\/\/www.rexxer.pl\/en\/produkt\/gietarka-do-pretow-14-mm-z-lozyskiem\/","title":{"rendered":"GI\u0118TARKA DO PR\u0118T\u00d3W 14 MM Z \u0141O\u017bYSKIEM"},"content":{"rendered":"<p>Gi\u0119tarka stosowana jest g\u0142\u00f3wnie na placach budowy i w miejscach gdzie tworzone s\u0105 konstrukcje z drut\u00f3w i pr\u0119t\u00f3w. Dzi\u0119ki niej wykonanie odpowiednio wygi\u0119tych pr\u0119t\u00f3w do zbrojenia nie stanowi \u017cadnego problemu. Dodatkowo produkt posiada \u0142o\u017cysko dzi\u0119ki kt\u00f3remu praca przebiega bez nadmiernego u\u017cycia si\u0142y. Model wykonany z solidnej mocnej stali z podstaw\u0105 kt\u00f3ra posiada otwory monta\u017cowe aby narz\u0119dzie przytwierdzi\u0107 do blatu roboczego. Zakres pracy: do 14 mm, opakowanie: folia.                                                                                                                                                                                                                                                                                                                                                                                                                                                                                                                                                <\/p>\n","protected":false},"excerpt":{"rendered":"<p>Gi\u0119tarka stosowana jest g\u0142\u00f3wnie na placach budowy i w miejscach gdzie tworzone s\u0105 konstrukcje z drut\u00f3w i pr\u0119t\u00f3w. Dzi\u0119ki niej<\/p>\n","protected":false},"featured_media":92219,"comment_status":"open","ping_status":"closed","template":"","meta":[],"product_brand":[1287],"product_cat":[332],"product_tag":[],"class_list":{"0":"post-92216","1":"product","2":"type-product","3":"status-publish","4":"has-post-thumbnail","6":"product_brand-ogolna","7":"product_cat-narzedzia-reczne","9":"first","10":"instock","11":"taxable","12":"shipping-taxable","13":"purchasable","14":"product-type-simple"},"yoast_head":"<!-- This site is optimized with the Yoast SEO plugin v27.3 - https:\/\/yoast.com\/product\/yoast-seo-wordpress\/ -->\n<title>GI\u0118TARKA DO PR\u0118T\u00d3W 14 MM Z \u0141O\u017bYSKIEM - Narz\u0119dzia REXXER - sklep online<\/title>\n<meta name=\"robots\" content=\"index, follow, max-snippet:-1, max-image-preview:large, max-video-preview:-1\" \/>\n<link rel=\"canonical\" href=\"https:\/\/www.rexxer.pl\/en\/produkt\/gietarka-do-pretow-14-mm-z-lozyskiem\/\" \/>\n<meta property=\"og:locale\" content=\"en_US\" \/>\n<meta property=\"og:type\" content=\"article\" \/>\n<meta property=\"og:title\" content=\"GI\u0118TARKA DO PR\u0118T\u00d3W 14 MM Z \u0141O\u017bYSKIEM - Narz\u0119dzia REXXER - sklep online\" \/>\n<meta property=\"og:description\" content=\"Gi\u0119tarka stosowana jest g\u0142\u00f3wnie na placach budowy i w miejscach gdzie tworzone s\u0105 konstrukcje z drut\u00f3w i pr\u0119t\u00f3w. Dzi\u0119ki niej\" \/>\n<meta property=\"og:url\" content=\"https:\/\/www.rexxer.pl\/en\/produkt\/gietarka-do-pretow-14-mm-z-lozyskiem\/\" \/>\n<meta property=\"og:site_name\" content=\"Narz\u0119dzia REXXER - sklep online\" \/>\n<meta property=\"article:publisher\" content=\"https:\/\/www.facebook.com\/Rexxertools\/\" \/>\n<meta property=\"article:modified_time\" content=\"2026-04-08T12:09:17+00:00\" \/>\n<meta name=\"twitter:card\" content=\"summary_large_image\" \/>\n<script type=\"application\/ld+json\" class=\"yoast-schema-graph\">{\"@context\":\"https:\\\/\\\/schema.org\",\"@graph\":[{\"@type\":\"WebPage\",\"@id\":\"https:\\\/\\\/www.rexxer.pl\\\/en\\\/produkt\\\/gietarka-do-pretow-14-mm-z-lozyskiem\\\/\",\"url\":\"https:\\\/\\\/www.rexxer.pl\\\/en\\\/produkt\\\/gietarka-do-pretow-14-mm-z-lozyskiem\\\/\",\"name\":\"GI\u0118TARKA DO PR\u0118T\u00d3W 14 MM Z \u0141O\u017bYSKIEM - Narz\u0119dzia REXXER - sklep online\",\"isPartOf\":{\"@id\":\"https:\\\/\\\/www.rexxer.pl\\\/en\\\/#website\"},\"primaryImageOfPage\":{\"@id\":\"https:\\\/\\\/www.rexxer.pl\\\/en\\\/produkt\\\/gietarka-do-pretow-14-mm-z-lozyskiem\\\/#primaryimage\"},\"image\":{\"@id\":\"https:\\\/\\\/www.rexxer.pl\\\/en\\\/produkt\\\/gietarka-do-pretow-14-mm-z-lozyskiem\\\/#primaryimage\"},\"thumbnailUrl\":\"https:\\\/\\\/www.rexxer.pl\\\/wp-content\\\/uploads\\\/2026\\\/04\\\/6ad6b71663b27112f078b75ec31871e9.jpg\",\"datePublished\":\"2026-04-08T12:08:34+00:00\",\"dateModified\":\"2026-04-08T12:09:17+00:00\",\"breadcrumb\":{\"@id\":\"https:\\\/\\\/www.rexxer.pl\\\/en\\\/produkt\\\/gietarka-do-pretow-14-mm-z-lozyskiem\\\/#breadcrumb\"},\"inLanguage\":\"en-US\",\"potentialAction\":[{\"@type\":\"ReadAction\",\"target\":[\"https:\\\/\\\/www.rexxer.pl\\\/en\\\/produkt\\\/gietarka-do-pretow-14-mm-z-lozyskiem\\\/\"]}]},{\"@type\":\"ImageObject\",\"inLanguage\":\"en-US\",\"@id\":\"https:\\\/\\\/www.rexxer.pl\\\/en\\\/produkt\\\/gietarka-do-pretow-14-mm-z-lozyskiem\\\/#primaryimage\",\"url\":\"https:\\\/\\\/www.rexxer.pl\\\/wp-content\\\/uploads\\\/2026\\\/04\\\/6ad6b71663b27112f078b75ec31871e9.jpg\",\"contentUrl\":\"https:\\\/\\\/www.rexxer.pl\\\/wp-content\\\/uploads\\\/2026\\\/04\\\/6ad6b71663b27112f078b75ec31871e9.jpg\",\"width\":960,\"height\":640,\"caption\":\"2f9a19e45a34a6a8f1d7fd94299cf3e3\"},{\"@type\":\"BreadcrumbList\",\"@id\":\"https:\\\/\\\/www.rexxer.pl\\\/en\\\/produkt\\\/gietarka-do-pretow-14-mm-z-lozyskiem\\\/#breadcrumb\",\"itemListElement\":[{\"@type\":\"ListItem\",\"position\":1,\"name\":\"Strona g\u0142\u00f3wna\",\"item\":\"https:\\\/\\\/www.rexxer.pl\\\/en\\\/home\\\/\"},{\"@type\":\"ListItem\",\"position\":2,\"name\":\"Sklep\",\"item\":\"https:\\\/\\\/www.rexxer.pl\\\/sklep\\\/\"},{\"@type\":\"ListItem\",\"position\":3,\"name\":\"GI\u0118TARKA DO PR\u0118T\u00d3W 14 MM Z \u0141O\u017bYSKIEM\"}]},{\"@type\":\"WebSite\",\"@id\":\"https:\\\/\\\/www.rexxer.pl\\\/en\\\/#website\",\"url\":\"https:\\\/\\\/www.rexxer.pl\\\/en\\\/\",\"name\":\"Narz\u0119dzia REXXER - sklep online\",\"description\":\"\",\"publisher\":{\"@id\":\"https:\\\/\\\/www.rexxer.pl\\\/en\\\/#organization\"},\"potentialAction\":[{\"@type\":\"SearchAction\",\"target\":{\"@type\":\"EntryPoint\",\"urlTemplate\":\"https:\\\/\\\/www.rexxer.pl\\\/en\\\/?s={search_term_string}\"},\"query-input\":{\"@type\":\"PropertyValueSpecification\",\"valueRequired\":true,\"valueName\":\"search_term_string\"}}],\"inLanguage\":\"en-US\"},{\"@type\":\"Organization\",\"@id\":\"https:\\\/\\\/www.rexxer.pl\\\/en\\\/#organization\",\"name\":\"Narz\u0119dzia REXXER - sklep online\",\"url\":\"https:\\\/\\\/www.rexxer.pl\\\/en\\\/\",\"logo\":{\"@type\":\"ImageObject\",\"inLanguage\":\"en-US\",\"@id\":\"https:\\\/\\\/www.rexxer.pl\\\/en\\\/#\\\/schema\\\/logo\\\/image\\\/\",\"url\":\"https:\\\/\\\/www.rexxer.pl\\\/wp-content\\\/uploads\\\/2025\\\/08\\\/logo.png\",\"contentUrl\":\"https:\\\/\\\/www.rexxer.pl\\\/wp-content\\\/uploads\\\/2025\\\/08\\\/logo.png\",\"width\":225,\"height\":114,\"caption\":\"Narz\u0119dzia REXXER - sklep online\"},\"image\":{\"@id\":\"https:\\\/\\\/www.rexxer.pl\\\/en\\\/#\\\/schema\\\/logo\\\/image\\\/\"},\"sameAs\":[\"https:\\\/\\\/www.facebook.com\\\/Rexxertools\\\/\"]}]}<\/script>\n<!-- \/ Yoast SEO plugin. -->","yoast_head_json":{"title":"GI\u0118TARKA DO PR\u0118T\u00d3W 14 MM Z \u0141O\u017bYSKIEM - Narz\u0119dzia REXXER - sklep online","robots":{"index":"index","follow":"follow","max-snippet":"max-snippet:-1","max-image-preview":"max-image-preview:large","max-video-preview":"max-video-preview:-1"},"canonical":"https:\/\/www.rexxer.pl\/en\/produkt\/gietarka-do-pretow-14-mm-z-lozyskiem\/","og_locale":"en_US","og_type":"article","og_title":"GI\u0118TARKA DO PR\u0118T\u00d3W 14 MM Z \u0141O\u017bYSKIEM - Narz\u0119dzia REXXER - sklep online","og_description":"Gi\u0119tarka stosowana jest g\u0142\u00f3wnie na placach budowy i w miejscach gdzie tworzone s\u0105 konstrukcje z drut\u00f3w i pr\u0119t\u00f3w. Dzi\u0119ki niej","og_url":"https:\/\/www.rexxer.pl\/en\/produkt\/gietarka-do-pretow-14-mm-z-lozyskiem\/","og_site_name":"Narz\u0119dzia REXXER - sklep online","article_publisher":"https:\/\/www.facebook.com\/Rexxertools\/","article_modified_time":"2026-04-08T12:09:17+00:00","twitter_card":"summary_large_image","schema":{"@context":"https:\/\/schema.org","@graph":[{"@type":"WebPage","@id":"https:\/\/www.rexxer.pl\/en\/produkt\/gietarka-do-pretow-14-mm-z-lozyskiem\/","url":"https:\/\/www.rexxer.pl\/en\/produkt\/gietarka-do-pretow-14-mm-z-lozyskiem\/","name":"GI\u0118TARKA DO PR\u0118T\u00d3W 14 MM Z \u0141O\u017bYSKIEM - Narz\u0119dzia REXXER - sklep online","isPartOf":{"@id":"https:\/\/www.rexxer.pl\/en\/#website"},"primaryImageOfPage":{"@id":"https:\/\/www.rexxer.pl\/en\/produkt\/gietarka-do-pretow-14-mm-z-lozyskiem\/#primaryimage"},"image":{"@id":"https:\/\/www.rexxer.pl\/en\/produkt\/gietarka-do-pretow-14-mm-z-lozyskiem\/#primaryimage"},"thumbnailUrl":"https:\/\/www.rexxer.pl\/wp-content\/uploads\/2026\/04\/6ad6b71663b27112f078b75ec31871e9.jpg","datePublished":"2026-04-08T12:08:34+00:00","dateModified":"2026-04-08T12:09:17+00:00","breadcrumb":{"@id":"https:\/\/www.rexxer.pl\/en\/produkt\/gietarka-do-pretow-14-mm-z-lozyskiem\/#breadcrumb"},"inLanguage":"en-US","potentialAction":[{"@type":"ReadAction","target":["https:\/\/www.rexxer.pl\/en\/produkt\/gietarka-do-pretow-14-mm-z-lozyskiem\/"]}]},{"@type":"ImageObject","inLanguage":"en-US","@id":"https:\/\/www.rexxer.pl\/en\/produkt\/gietarka-do-pretow-14-mm-z-lozyskiem\/#primaryimage","url":"https:\/\/www.rexxer.pl\/wp-content\/uploads\/2026\/04\/6ad6b71663b27112f078b75ec31871e9.jpg","contentUrl":"https:\/\/www.rexxer.pl\/wp-content\/uploads\/2026\/04\/6ad6b71663b27112f078b75ec31871e9.jpg","width":960,"height":640,"caption":"2f9a19e45a34a6a8f1d7fd94299cf3e3"},{"@type":"BreadcrumbList","@id":"https:\/\/www.rexxer.pl\/en\/produkt\/gietarka-do-pretow-14-mm-z-lozyskiem\/#breadcrumb","itemListElement":[{"@type":"ListItem","position":1,"name":"Strona g\u0142\u00f3wna","item":"https:\/\/www.rexxer.pl\/en\/home\/"},{"@type":"ListItem","position":2,"name":"Sklep","item":"https:\/\/www.rexxer.pl\/sklep\/"},{"@type":"ListItem","position":3,"name":"GI\u0118TARKA DO PR\u0118T\u00d3W 14 MM Z \u0141O\u017bYSKIEM"}]},{"@type":"WebSite","@id":"https:\/\/www.rexxer.pl\/en\/#website","url":"https:\/\/www.rexxer.pl\/en\/","name":"Narz\u0119dzia REXXER - sklep online","description":"","publisher":{"@id":"https:\/\/www.rexxer.pl\/en\/#organization"},"potentialAction":[{"@type":"SearchAction","target":{"@type":"EntryPoint","urlTemplate":"https:\/\/www.rexxer.pl\/en\/?s={search_term_string}"},"query-input":{"@type":"PropertyValueSpecification","valueRequired":true,"valueName":"search_term_string"}}],"inLanguage":"en-US"},{"@type":"Organization","@id":"https:\/\/www.rexxer.pl\/en\/#organization","name":"Narz\u0119dzia REXXER - sklep online","url":"https:\/\/www.rexxer.pl\/en\/","logo":{"@type":"ImageObject","inLanguage":"en-US","@id":"https:\/\/www.rexxer.pl\/en\/#\/schema\/logo\/image\/","url":"https:\/\/www.rexxer.pl\/wp-content\/uploads\/2025\/08\/logo.png","contentUrl":"https:\/\/www.rexxer.pl\/wp-content\/uploads\/2025\/08\/logo.png","width":225,"height":114,"caption":"Narz\u0119dzia REXXER - sklep online"},"image":{"@id":"https:\/\/www.rexxer.pl\/en\/#\/schema\/logo\/image\/"},"sameAs":["https:\/\/www.facebook.com\/Rexxertools\/"]}]}},"_links":{"self":[{"href":"https:\/\/www.rexxer.pl\/en\/wp-json\/wp\/v2\/product\/92216","targetHints":{"allow":["GET"]}}],"collection":[{"href":"https:\/\/www.rexxer.pl\/en\/wp-json\/wp\/v2\/product"}],"about":[{"href":"https:\/\/www.rexxer.pl\/en\/wp-json\/wp\/v2\/types\/product"}],"replies":[{"embeddable":true,"href":"https:\/\/www.rexxer.pl\/en\/wp-json\/wp\/v2\/comments?post=92216"}],"version-history":[{"count":0,"href":"https:\/\/www.rexxer.pl\/en\/wp-json\/wp\/v2\/product\/92216\/revisions"}],"wp:featuredmedia":[{"embeddable":true,"href":"https:\/\/www.rexxer.pl\/en\/wp-json\/wp\/v2\/media\/92219"}],"wp:attachment":[{"href":"https:\/\/www.rexxer.pl\/en\/wp-json\/wp\/v2\/media?parent=92216"}],"wp:term":[{"taxonomy":"product_brand","embeddable":true,"href":"https:\/\/www.rexxer.pl\/en\/wp-json\/wp\/v2\/product_brand?post=92216"},{"taxonomy":"product_cat","embeddable":true,"href":"https:\/\/www.rexxer.pl\/en\/wp-json\/wp\/v2\/product_cat?post=92216"},{"taxonomy":"product_tag","embeddable":true,"href":"https:\/\/www.rexxer.pl\/en\/wp-json\/wp\/v2\/product_tag?post=92216"}],"curies":[{"name":"wp","href":"https:\/\/api.w.org\/{rel}","templated":true}]}}