{"id":90839,"date":"2026-03-12T07:27:34","date_gmt":"2026-03-12T06:27:34","guid":{"rendered":"https:\/\/www.rexxer.pl\/produkt\/lacznik-trojnik\/"},"modified":"2026-04-27T14:23:33","modified_gmt":"2026-04-27T12:23:33","slug":"lacznik-trojnik","status":"publish","type":"product","link":"https:\/\/www.rexxer.pl\/en\/produkt\/lacznik-trojnik\/","title":{"rendered":"\u0141\u0105cznik &#8211; tr\u00f3jnik"},"content":{"rendered":"<div>\u0141\u0104CZNIK &#8211; DW\u00d3JNIK<\/div>\n<div>SKU: RC-13-969<\/div>\n<div>EAN: 5901180834223<\/div>\n<div>Producent: REXXER<\/div>\n<div>Model: REXXER<\/div>\n<div><\/div>\n<div>\n<p data-start=\"105\" data-end=\"373\">Praktyczny \u0142\u0105cznik \u2013 tr\u00f3jnik umo\u017cliwiaj\u0105cy szybkie i wygodne rozdzielenie jednego w\u0119\u017ca ogrodowego. Idealne rozwi\u0105zanie do ogrodu, system\u00f3w nawadniania oraz wszelkich prac, gdzie potrzebne jest jednoczesne korzystanie z kilku linii wody.<\/p>\n<p data-start=\"375\" data-end=\"600\">Tr\u00f3jnik pozwala na sprawne pod\u0142\u0105czenie w\u0119\u017cy lub akcesori\u00f3w ogrodowych, zapewniaj\u0105c stabilne i szczelne po\u0142\u0105czenie. Kompatybilno\u015b\u0107 ze standardowymi szybkoz\u0142\u0105czkami sprawia, \u017ce monta\u017c jest szybki i nie wymaga u\u017cycia narz\u0119dzi.<\/p>\n<p data-start=\"602\" data-end=\"696\">Solidne wykonanie gwarantuje trwa\u0142o\u015b\u0107 oraz niezawodne dzia\u0142anie przy regularnym u\u017cytkowaniu.<\/p>\n<\/div>\n","protected":false},"excerpt":{"rendered":"<p>\u0141\u0104CZNIK &#8211; DW\u00d3JNIK SKU: RC-13-969 EAN: 5901180834223 Producent: REXXER Model: REXXER Praktyczny \u0142\u0105cznik \u2013 tr\u00f3jnik umo\u017cliwiaj\u0105cy szybkie i wygodne rozdzielenie<\/p>\n","protected":false},"featured_media":90841,"comment_status":"open","ping_status":"closed","template":"","meta":[],"product_brand":[],"product_cat":[443,450,451],"product_tag":[],"class_list":{"0":"post-90839","1":"product","2":"type-product","3":"status-publish","4":"has-post-thumbnail","6":"product_cat-dom-i-ogrod","7":"product_cat-ogrod","8":"product_cat-weze-ogrodowe","10":"first","11":"instock","12":"taxable","13":"shipping-taxable","14":"purchasable","15":"product-type-simple"},"yoast_head":"<!-- This site is optimized with the Yoast SEO plugin v27.5 - https:\/\/yoast.com\/product\/yoast-seo-wordpress\/ -->\n<title>\u0141\u0105cznik - tr\u00f3jnik - Narz\u0119dzia REXXER - sklep online<\/title>\n<meta name=\"robots\" content=\"index, follow, max-snippet:-1, max-image-preview:large, max-video-preview:-1\" \/>\n<link rel=\"canonical\" href=\"https:\/\/www.rexxer.pl\/produkt\/lacznik-trojnik\/\" \/>\n<meta property=\"og:locale\" content=\"en_US\" \/>\n<meta property=\"og:type\" content=\"article\" \/>\n<meta property=\"og:title\" content=\"\u0141\u0105cznik - tr\u00f3jnik - Narz\u0119dzia REXXER - sklep online\" \/>\n<meta property=\"og:description\" content=\"\u0141\u0104CZNIK &#8211; DW\u00d3JNIK SKU: RC-13-969 EAN: 5901180834223 Producent: REXXER Model: REXXER Praktyczny \u0142\u0105cznik \u2013 tr\u00f3jnik umo\u017cliwiaj\u0105cy szybkie i wygodne rozdzielenie\" \/>\n<meta property=\"og:url\" content=\"https:\/\/www.rexxer.pl\/produkt\/lacznik-trojnik\/\" \/>\n<meta property=\"og:site_name\" content=\"Narz\u0119dzia REXXER - sklep online\" \/>\n<meta property=\"article:publisher\" content=\"https:\/\/www.facebook.com\/Rexxertools\/\" \/>\n<meta property=\"article:modified_time\" content=\"2026-04-27T12:23:33+00:00\" \/>\n<meta property=\"og:image\" content=\"https:\/\/www.rexxer.pl\/wp-content\/uploads\/2026\/03\/393b4f99a3c315de1a8749612d131911.jpg\" \/>\n\t<meta property=\"og:image:width\" content=\"177\" \/>\n\t<meta property=\"og:image:height\" content=\"181\" \/>\n\t<meta property=\"og:image:type\" content=\"image\/jpeg\" \/>\n<meta name=\"twitter:card\" content=\"summary_large_image\" \/>\n<script type=\"application\/ld+json\" class=\"yoast-schema-graph\">{\"@context\":\"https:\\\/\\\/schema.org\",\"@graph\":[{\"@type\":\"WebPage\",\"@id\":\"https:\\\/\\\/www.rexxer.pl\\\/produkt\\\/lacznik-trojnik\\\/\",\"url\":\"https:\\\/\\\/www.rexxer.pl\\\/produkt\\\/lacznik-trojnik\\\/\",\"name\":\"\u0141\u0105cznik - tr\u00f3jnik - Narz\u0119dzia REXXER - sklep online\",\"isPartOf\":{\"@id\":\"https:\\\/\\\/www.rexxer.pl\\\/#website\"},\"primaryImageOfPage\":{\"@id\":\"https:\\\/\\\/www.rexxer.pl\\\/produkt\\\/lacznik-trojnik\\\/#primaryimage\"},\"image\":{\"@id\":\"https:\\\/\\\/www.rexxer.pl\\\/produkt\\\/lacznik-trojnik\\\/#primaryimage\"},\"thumbnailUrl\":\"https:\\\/\\\/www.rexxer.pl\\\/wp-content\\\/uploads\\\/2026\\\/03\\\/393b4f99a3c315de1a8749612d131911.jpg\",\"datePublished\":\"2026-03-12T06:27:34+00:00\",\"dateModified\":\"2026-04-27T12:23:33+00:00\",\"breadcrumb\":{\"@id\":\"https:\\\/\\\/www.rexxer.pl\\\/produkt\\\/lacznik-trojnik\\\/#breadcrumb\"},\"inLanguage\":\"en-US\",\"potentialAction\":[{\"@type\":\"ReadAction\",\"target\":[\"https:\\\/\\\/www.rexxer.pl\\\/produkt\\\/lacznik-trojnik\\\/\"]}]},{\"@type\":\"ImageObject\",\"inLanguage\":\"en-US\",\"@id\":\"https:\\\/\\\/www.rexxer.pl\\\/produkt\\\/lacznik-trojnik\\\/#primaryimage\",\"url\":\"https:\\\/\\\/www.rexxer.pl\\\/wp-content\\\/uploads\\\/2026\\\/03\\\/393b4f99a3c315de1a8749612d131911.jpg\",\"contentUrl\":\"https:\\\/\\\/www.rexxer.pl\\\/wp-content\\\/uploads\\\/2026\\\/03\\\/393b4f99a3c315de1a8749612d131911.jpg\",\"width\":177,\"height\":181,\"caption\":\"61bd39bd70da927403f50797960f3574\"},{\"@type\":\"BreadcrumbList\",\"@id\":\"https:\\\/\\\/www.rexxer.pl\\\/produkt\\\/lacznik-trojnik\\\/#breadcrumb\",\"itemListElement\":[{\"@type\":\"ListItem\",\"position\":1,\"name\":\"Strona g\u0142\u00f3wna\",\"item\":\"https:\\\/\\\/www.rexxer.pl\\\/en\\\/home\\\/\"},{\"@type\":\"ListItem\",\"position\":2,\"name\":\"Sklep\",\"item\":\"https:\\\/\\\/www.rexxer.pl\\\/sklep\\\/\"},{\"@type\":\"ListItem\",\"position\":3,\"name\":\"\u0141\u0105cznik \u2013 tr\u00f3jnik\"}]},{\"@type\":\"WebSite\",\"@id\":\"https:\\\/\\\/www.rexxer.pl\\\/#website\",\"url\":\"https:\\\/\\\/www.rexxer.pl\\\/\",\"name\":\"Narz\u0119dzia REXXER - sklep online\",\"description\":\"\",\"publisher\":{\"@id\":\"https:\\\/\\\/www.rexxer.pl\\\/#organization\"},\"potentialAction\":[{\"@type\":\"SearchAction\",\"target\":{\"@type\":\"EntryPoint\",\"urlTemplate\":\"https:\\\/\\\/www.rexxer.pl\\\/?s={search_term_string}\"},\"query-input\":{\"@type\":\"PropertyValueSpecification\",\"valueRequired\":true,\"valueName\":\"search_term_string\"}}],\"inLanguage\":\"en-US\"},{\"@type\":\"Organization\",\"@id\":\"https:\\\/\\\/www.rexxer.pl\\\/#organization\",\"name\":\"Narz\u0119dzia REXXER - sklep online\",\"url\":\"https:\\\/\\\/www.rexxer.pl\\\/\",\"logo\":{\"@type\":\"ImageObject\",\"inLanguage\":\"en-US\",\"@id\":\"https:\\\/\\\/www.rexxer.pl\\\/#\\\/schema\\\/logo\\\/image\\\/\",\"url\":\"https:\\\/\\\/www.rexxer.pl\\\/wp-content\\\/uploads\\\/2025\\\/08\\\/logo.png\",\"contentUrl\":\"https:\\\/\\\/www.rexxer.pl\\\/wp-content\\\/uploads\\\/2025\\\/08\\\/logo.png\",\"width\":225,\"height\":114,\"caption\":\"Narz\u0119dzia REXXER - sklep online\"},\"image\":{\"@id\":\"https:\\\/\\\/www.rexxer.pl\\\/#\\\/schema\\\/logo\\\/image\\\/\"},\"sameAs\":[\"https:\\\/\\\/www.facebook.com\\\/Rexxertools\\\/\"]}]}<\/script>\n<!-- \/ Yoast SEO plugin. -->","yoast_head_json":{"title":"\u0141\u0105cznik - tr\u00f3jnik - Narz\u0119dzia REXXER - sklep online","robots":{"index":"index","follow":"follow","max-snippet":"max-snippet:-1","max-image-preview":"max-image-preview:large","max-video-preview":"max-video-preview:-1"},"canonical":"https:\/\/www.rexxer.pl\/produkt\/lacznik-trojnik\/","og_locale":"en_US","og_type":"article","og_title":"\u0141\u0105cznik - tr\u00f3jnik - Narz\u0119dzia REXXER - sklep online","og_description":"\u0141\u0104CZNIK &#8211; DW\u00d3JNIK SKU: RC-13-969 EAN: 5901180834223 Producent: REXXER Model: REXXER Praktyczny \u0142\u0105cznik \u2013 tr\u00f3jnik umo\u017cliwiaj\u0105cy szybkie i wygodne rozdzielenie","og_url":"https:\/\/www.rexxer.pl\/produkt\/lacznik-trojnik\/","og_site_name":"Narz\u0119dzia REXXER - sklep online","article_publisher":"https:\/\/www.facebook.com\/Rexxertools\/","article_modified_time":"2026-04-27T12:23:33+00:00","og_image":[{"width":177,"height":181,"url":"https:\/\/www.rexxer.pl\/wp-content\/uploads\/2026\/03\/393b4f99a3c315de1a8749612d131911.jpg","type":"image\/jpeg"}],"twitter_card":"summary_large_image","schema":{"@context":"https:\/\/schema.org","@graph":[{"@type":"WebPage","@id":"https:\/\/www.rexxer.pl\/produkt\/lacznik-trojnik\/","url":"https:\/\/www.rexxer.pl\/produkt\/lacznik-trojnik\/","name":"\u0141\u0105cznik - tr\u00f3jnik - Narz\u0119dzia REXXER - sklep online","isPartOf":{"@id":"https:\/\/www.rexxer.pl\/#website"},"primaryImageOfPage":{"@id":"https:\/\/www.rexxer.pl\/produkt\/lacznik-trojnik\/#primaryimage"},"image":{"@id":"https:\/\/www.rexxer.pl\/produkt\/lacznik-trojnik\/#primaryimage"},"thumbnailUrl":"https:\/\/www.rexxer.pl\/wp-content\/uploads\/2026\/03\/393b4f99a3c315de1a8749612d131911.jpg","datePublished":"2026-03-12T06:27:34+00:00","dateModified":"2026-04-27T12:23:33+00:00","breadcrumb":{"@id":"https:\/\/www.rexxer.pl\/produkt\/lacznik-trojnik\/#breadcrumb"},"inLanguage":"en-US","potentialAction":[{"@type":"ReadAction","target":["https:\/\/www.rexxer.pl\/produkt\/lacznik-trojnik\/"]}]},{"@type":"ImageObject","inLanguage":"en-US","@id":"https:\/\/www.rexxer.pl\/produkt\/lacznik-trojnik\/#primaryimage","url":"https:\/\/www.rexxer.pl\/wp-content\/uploads\/2026\/03\/393b4f99a3c315de1a8749612d131911.jpg","contentUrl":"https:\/\/www.rexxer.pl\/wp-content\/uploads\/2026\/03\/393b4f99a3c315de1a8749612d131911.jpg","width":177,"height":181,"caption":"61bd39bd70da927403f50797960f3574"},{"@type":"BreadcrumbList","@id":"https:\/\/www.rexxer.pl\/produkt\/lacznik-trojnik\/#breadcrumb","itemListElement":[{"@type":"ListItem","position":1,"name":"Strona g\u0142\u00f3wna","item":"https:\/\/www.rexxer.pl\/en\/home\/"},{"@type":"ListItem","position":2,"name":"Sklep","item":"https:\/\/www.rexxer.pl\/sklep\/"},{"@type":"ListItem","position":3,"name":"\u0141\u0105cznik \u2013 tr\u00f3jnik"}]},{"@type":"WebSite","@id":"https:\/\/www.rexxer.pl\/#website","url":"https:\/\/www.rexxer.pl\/","name":"Narz\u0119dzia REXXER - sklep online","description":"","publisher":{"@id":"https:\/\/www.rexxer.pl\/#organization"},"potentialAction":[{"@type":"SearchAction","target":{"@type":"EntryPoint","urlTemplate":"https:\/\/www.rexxer.pl\/?s={search_term_string}"},"query-input":{"@type":"PropertyValueSpecification","valueRequired":true,"valueName":"search_term_string"}}],"inLanguage":"en-US"},{"@type":"Organization","@id":"https:\/\/www.rexxer.pl\/#organization","name":"Narz\u0119dzia REXXER - sklep online","url":"https:\/\/www.rexxer.pl\/","logo":{"@type":"ImageObject","inLanguage":"en-US","@id":"https:\/\/www.rexxer.pl\/#\/schema\/logo\/image\/","url":"https:\/\/www.rexxer.pl\/wp-content\/uploads\/2025\/08\/logo.png","contentUrl":"https:\/\/www.rexxer.pl\/wp-content\/uploads\/2025\/08\/logo.png","width":225,"height":114,"caption":"Narz\u0119dzia REXXER - sklep online"},"image":{"@id":"https:\/\/www.rexxer.pl\/#\/schema\/logo\/image\/"},"sameAs":["https:\/\/www.facebook.com\/Rexxertools\/"]}]}},"_links":{"self":[{"href":"https:\/\/www.rexxer.pl\/en\/wp-json\/wp\/v2\/product\/90839","targetHints":{"allow":["GET"]}}],"collection":[{"href":"https:\/\/www.rexxer.pl\/en\/wp-json\/wp\/v2\/product"}],"about":[{"href":"https:\/\/www.rexxer.pl\/en\/wp-json\/wp\/v2\/types\/product"}],"replies":[{"embeddable":true,"href":"https:\/\/www.rexxer.pl\/en\/wp-json\/wp\/v2\/comments?post=90839"}],"version-history":[{"count":0,"href":"https:\/\/www.rexxer.pl\/en\/wp-json\/wp\/v2\/product\/90839\/revisions"}],"wp:featuredmedia":[{"embeddable":true,"href":"https:\/\/www.rexxer.pl\/en\/wp-json\/wp\/v2\/media\/90841"}],"wp:attachment":[{"href":"https:\/\/www.rexxer.pl\/en\/wp-json\/wp\/v2\/media?parent=90839"}],"wp:term":[{"taxonomy":"product_brand","embeddable":true,"href":"https:\/\/www.rexxer.pl\/en\/wp-json\/wp\/v2\/product_brand?post=90839"},{"taxonomy":"product_cat","embeddable":true,"href":"https:\/\/www.rexxer.pl\/en\/wp-json\/wp\/v2\/product_cat?post=90839"},{"taxonomy":"product_tag","embeddable":true,"href":"https:\/\/www.rexxer.pl\/en\/wp-json\/wp\/v2\/product_tag?post=90839"}],"curies":[{"name":"wp","href":"https:\/\/api.w.org\/{rel}","templated":true}]}}