{"id":90628,"date":"2026-03-10T09:31:22","date_gmt":"2026-03-10T08:31:22","guid":{"rendered":"https:\/\/www.rexxer.pl\/produkt\/6-warstwowy-waz-ogrodowy-3-4-30m-zlaczki-pistolet-zraszajacy\/"},"modified":"2026-05-08T20:26:09","modified_gmt":"2026-05-08T18:26:09","slug":"6-warstwowy-waz-ogrodowy-3-4-30m-zlaczki-pistolet-zraszajacy","status":"publish","type":"product","link":"https:\/\/www.rexxer.pl\/en\/produkt\/6-warstwowy-waz-ogrodowy-3-4-30m-zlaczki-pistolet-zraszajacy\/","title":{"rendered":"6-Warstwowy W\u0105\u017c Ogrodowy 3\/4&#8243; 30m + z\u0142\u0105czki + pistolet zraszaj\u0105cy"},"content":{"rendered":"<section class=\"section\">\n<div class=\"item item-6\">\n<section class=\"image-item\"><\/section>\n<\/div>\n<div class=\"item item-6\">\n<section class=\"text-item\">\n<h1>6-WARSTWOWY W\u0104\u017b OGRODOWY 3\/4&#8243; 30 M + Z\u0141\u0104CZKI + PISTOLET ZRASZAJ\u0104CY<\/h1>\n<ul>\n<li>SKU: RG-13-986<\/li>\n<li>Producent: REXXER<\/li>\n<li>Model: REXXER<\/li>\n<\/ul>\n<p><b>Komplet zawiera<\/b><\/p>\n<ul>\n<li>1x <b>6-WARSTWOWY W\u0104\u017b OGRODOWY 3\/4&#8243; 30 M<\/b><\/li>\n<li>1x\u00a0<b>PISTOLET ZRASZAJ\u0104CY<\/b><\/li>\n<li>1x <b>PRZY\u0141\u0104CZE NA KRAN 1&#8243; &#8211; 3\/4&#8243; &#8211; 1\/2&#8243;<\/b><\/li>\n<li>1x <b>SZYBKOZ\u0141\u0104CZKA NA W\u0104\u017b 3\/4&#8243;<\/b><\/li>\n<li>1x <b>SZYBKOZ\u0141\u0104CZKA STOP NA W\u0104\u017b 3\/4&#8243;<\/b><\/li>\n<\/ul>\n<\/section>\n<\/div>\n<\/section>\n<section class=\"section\">\n<div class=\"item item-6\">\n<section class=\"text-item\"><b>Dane techniczne<\/b><\/p>\n<p><b>Dane techniczne<\/b><\/p>\n<ul>\n<li>\u015arednica wewn\u0119trzna w\u0119\u017ca:\u00a0<b>3\/4&#8243;<\/b><\/li>\n<li>D\u0142ugo\u015b\u0107:\u00a0<b>30 m<\/b><\/li>\n<li>Ci\u015bnienie robocze przy 20\u00b0C:\u00a0<b>8 bar (120 PSI)<\/b><\/li>\n<li>ci\u015bnienie rozrywaj\u0105ce przy 20\u00b0C:\u00a0<b>30 bar (435 PSI)<\/b><\/li>\n<li>Liczba warstw:\u00a0<b>6<\/b><\/li>\n<li>Zakres temperatur:\u00a0<b>-10\u00b0C\u00a0 do +60\u00b0C<\/b><\/li>\n<\/ul>\n<p>PLASTIKOWA DYSZA ZRASZAJ\u0104CA<\/p>\n<ul>\n<li>Materia\u0142 wykonania: <b>tworzywo sztuczne<\/b><\/li>\n<li>Regulacja strumienia wody: <b>tak<\/b><\/li>\n<\/ul>\n<p>SZYBKOZ\u0141\u0104CZKI NA W\u0104\u017b 3\/4&#8243;<\/p>\n<ul>\n<li>\u015arednica w\u0119\u017ca: <b>3\/4&#8243;<\/b><\/li>\n<li>Materia\u0142 wykonania: <b>tworzywo sztuczne<\/b><\/li>\n<li>Funkcje:<b> System STOP<\/b><\/li>\n<\/ul>\n<p>PRZY\u0141\u0104CZE NA KRAN<\/p>\n<ul>\n<li>\u015arednica gwintu: <b>1&#8243; &#8211; 3\/4&#8243; &#8211; 1\/2&#8243;<\/b><\/li>\n<li>Materia\u0142 wykonania: <b>tworzywo sztuczne<\/b><\/li>\n<\/ul>\n<\/section>\n<\/div>\n<div class=\"item item-6\">\n<section class=\"image-item\"><\/section>\n<\/div>\n<\/section>\n<section class=\"section\">\n<div class=\"item item-6\">\n<section class=\"text-item\">Sze\u015bciowarstwowy w\u0105\u017c ogrodowy to wyj\u0105tkowo wytrzyma\u0142e narz\u0119dzie do podlewania ogrodu lub dzia\u0142ki, sk\u0142adaj\u0105ce si\u0119 z sze\u015bciu warstw. Pierwsza warstwa jest odpowiednia do kontaktu z \u017cywno\u015bci\u0105, druga warstwa wewn\u0119trzna zapobiega powstawaniu osad\u00f3w i zanieczyszcze\u0144, trzecia warstwa jest wzmocniona siatk\u0105, czwarta warstwa z termoplastycznej gumy chroni przed dzia\u0142aniem promieni UV i czynnik\u00f3w atmosferycznych, pi\u0105ta warstwa zwi\u0119ksza wytrzyma\u0142o\u015b\u0107 w\u0119\u017ca, a sz\u00f3sta warstwa zewn\u0119trzna wykonana jest z materia\u0142u odpornego na \u015bcieranie. Dzi\u0119ki swojej sze\u015bciowarstwowej konstrukcji, w\u0105\u017c ogrodowy jest niezwykle wytrzyma\u0142y i odporny na uszkodzenia. Wzmocniona siatka pozwala na bezpieczne i swobodne przemieszczanie si\u0119 w\u0119\u017ca bez ryzyka uszkodze\u0144 lub p\u0119kni\u0119\u0107. W\u0105\u017c ten jest tak\u017ce elastyczny, co umo\u017cliwia wygodne podlewanie z ka\u017cdej strony. Dzi\u0119ki zastosowaniu specjalnych materia\u0142\u00f3w, jest odporny na dzia\u0142anie promieni UV, co pozwala na d\u0142ugi okres u\u017cytkowania bez ryzyka utraty w\u0142a\u015bciwo\u015bci.\u00a0<b>Produkt zosta\u0142 wyprodukowany w Polsce<\/b>.<\/p>\n<p>Najwa\u017cniejsze zalety:<\/p>\n<ul>\n<li><b>Wytrzyma\u0142o\u015b\u0107<\/b><\/li>\n<li><b>Trwa\u0142o\u015b\u0107<\/b><\/li>\n<li><b>Elastyczno\u015b\u0107<\/b><\/li>\n<li><b>Odporno\u015b\u0107 na zniszczenie i promieniowanie UV<\/b><\/li>\n<li><b>W\u0105\u017c jest lekki<\/b><\/li>\n<\/ul>\n<\/section>\n<\/div>\n<\/section>\n<section class=\"section\">\n<div class=\"item item-6\">\n<section class=\"text-item\">Przy\u0142\u0105cza na kran wykonane z mocnego tworzywa sztucznego odpornego na warunki atmosferyczne i promieniowanie UV. W zestawie uszczelka i oring uszczelniaj\u0105cy. Kr\u00f3ciec kompatybilny z innymi szykoz\u0142\u0105czami dost\u0119pnymi na rynku.<\/p>\n<p>Wysokiej jako\u015bci szybkoz\u0142\u0105czki, jedna wyposa\u017cona w system STOP, pozwalaj\u0105ce w \u0142atwy i szybki spos\u00f3b na przy\u0142\u0105czanie i od\u0142\u0105czanie urz\u0105dze\u0144 zraszaj\u0105cych oraz w\u0119\u017ca do kranu. System STOP pozwala na natychmiastowe zatrzymanie wody podczas od\u0142\u0105czania zraszacza. Z\u0142\u0105czki posiadaj\u0105 wyprofilowane z\u0105bki, kt\u00f3re pozwalaj\u0105 na solidne zamocowanie ko\u0144c\u00f3wki na ko\u0144cu w\u0119\u017ca 1\/2&#8243;. Szybkoz\u0142\u0105czki zapewniaj\u0105 szczelne po\u0142\u0105czenie, dzi\u0119ki czemu woda nie wycieka na zewn\u0105trz. Aby roz\u0142\u0105czy\u0107 w\u0105\u017c, nale\u017cy jedynie obr\u00f3ci\u0107 cz\u0119\u015b\u0107 \u017ce\u0144sk\u0105 o \u0107wier\u0107 obrotu i odci\u0105gn\u0105\u0107 j\u0105 od cz\u0119\u015bci m\u0119skiej. S\u0105 kompatybilne ze wszystkimi z\u0142\u0105czkami dost\u0119pnymi na rynku.<\/p>\n<\/section>\n<\/div>\n<\/section>\n","protected":false},"excerpt":{"rendered":"<p>6-WARSTWOWY W\u0104\u017b OGRODOWY 3\/4&#8243; 30 M + Z\u0141\u0104CZKI + PISTOLET ZRASZAJ\u0104CY SKU: RG-13-986 Producent: REXXER Model: REXXER Komplet zawiera 1x<\/p>\n","protected":false},"featured_media":90632,"comment_status":"open","ping_status":"closed","template":"","meta":[],"product_brand":[519],"product_cat":[443,450,451],"product_tag":[],"class_list":{"0":"post-90628","1":"product","2":"type-product","3":"status-publish","4":"has-post-thumbnail","6":"product_brand-rexxer","7":"product_cat-dom-i-ogrod","8":"product_cat-ogrod","9":"product_cat-weze-ogrodowe","11":"first","12":"instock","13":"taxable","14":"shipping-taxable","15":"purchasable","16":"product-type-simple"},"yoast_head":"<!-- This site is optimized with the Yoast SEO plugin v27.5 - https:\/\/yoast.com\/product\/yoast-seo-wordpress\/ -->\n<title>6-Warstwowy W\u0105\u017c Ogrodowy 3\/4&quot; 30m + z\u0142\u0105czki + pistolet zraszaj\u0105cy - Narz\u0119dzia REXXER - sklep online<\/title>\n<meta name=\"robots\" content=\"index, follow, max-snippet:-1, max-image-preview:large, max-video-preview:-1\" \/>\n<link rel=\"canonical\" href=\"https:\/\/www.rexxer.pl\/produkt\/6-warstwowy-waz-ogrodowy-3-4-30m-zlaczki-pistolet-zraszajacy\/\" \/>\n<meta property=\"og:locale\" content=\"en_US\" \/>\n<meta property=\"og:type\" content=\"article\" \/>\n<meta property=\"og:title\" content=\"6-Warstwowy W\u0105\u017c Ogrodowy 3\/4&quot; 30m + z\u0142\u0105czki + pistolet zraszaj\u0105cy - Narz\u0119dzia REXXER - sklep online\" \/>\n<meta property=\"og:description\" content=\"6-WARSTWOWY W\u0104\u017b OGRODOWY 3\/4&#8243; 30 M + Z\u0141\u0104CZKI + PISTOLET ZRASZAJ\u0104CY SKU: RG-13-986 Producent: REXXER Model: REXXER Komplet zawiera 1x\" \/>\n<meta property=\"og:url\" content=\"https:\/\/www.rexxer.pl\/produkt\/6-warstwowy-waz-ogrodowy-3-4-30m-zlaczki-pistolet-zraszajacy\/\" \/>\n<meta property=\"og:site_name\" content=\"Narz\u0119dzia REXXER - sklep online\" \/>\n<meta property=\"article:publisher\" content=\"https:\/\/www.facebook.com\/Rexxertools\/\" \/>\n<meta property=\"article:modified_time\" content=\"2026-05-08T18:26:09+00:00\" \/>\n<meta property=\"og:image\" content=\"https:\/\/www.rexxer.pl\/wp-content\/uploads\/2026\/03\/7ef776cb1ad808ec16aaa5dec0a5b886.jpg\" \/>\n\t<meta property=\"og:image:width\" content=\"1984\" \/>\n\t<meta property=\"og:image:height\" content=\"1984\" \/>\n\t<meta property=\"og:image:type\" content=\"image\/jpeg\" \/>\n<meta name=\"twitter:card\" content=\"summary_large_image\" \/>\n<meta name=\"twitter:label1\" content=\"Est. reading time\" \/>\n\t<meta name=\"twitter:data1\" content=\"2 minutes\" \/>\n<script type=\"application\/ld+json\" class=\"yoast-schema-graph\">{\"@context\":\"https:\\\/\\\/schema.org\",\"@graph\":[{\"@type\":\"WebPage\",\"@id\":\"https:\\\/\\\/www.rexxer.pl\\\/produkt\\\/6-warstwowy-waz-ogrodowy-3-4-30m-zlaczki-pistolet-zraszajacy\\\/\",\"url\":\"https:\\\/\\\/www.rexxer.pl\\\/produkt\\\/6-warstwowy-waz-ogrodowy-3-4-30m-zlaczki-pistolet-zraszajacy\\\/\",\"name\":\"6-Warstwowy W\u0105\u017c Ogrodowy 3\\\/4\\\" 30m + z\u0142\u0105czki + pistolet zraszaj\u0105cy - Narz\u0119dzia REXXER - sklep online\",\"isPartOf\":{\"@id\":\"https:\\\/\\\/www.rexxer.pl\\\/#website\"},\"primaryImageOfPage\":{\"@id\":\"https:\\\/\\\/www.rexxer.pl\\\/produkt\\\/6-warstwowy-waz-ogrodowy-3-4-30m-zlaczki-pistolet-zraszajacy\\\/#primaryimage\"},\"image\":{\"@id\":\"https:\\\/\\\/www.rexxer.pl\\\/produkt\\\/6-warstwowy-waz-ogrodowy-3-4-30m-zlaczki-pistolet-zraszajacy\\\/#primaryimage\"},\"thumbnailUrl\":\"https:\\\/\\\/www.rexxer.pl\\\/wp-content\\\/uploads\\\/2026\\\/03\\\/7ef776cb1ad808ec16aaa5dec0a5b886.jpg\",\"datePublished\":\"2026-03-10T08:31:22+00:00\",\"dateModified\":\"2026-05-08T18:26:09+00:00\",\"breadcrumb\":{\"@id\":\"https:\\\/\\\/www.rexxer.pl\\\/produkt\\\/6-warstwowy-waz-ogrodowy-3-4-30m-zlaczki-pistolet-zraszajacy\\\/#breadcrumb\"},\"inLanguage\":\"en-US\",\"potentialAction\":[{\"@type\":\"ReadAction\",\"target\":[\"https:\\\/\\\/www.rexxer.pl\\\/produkt\\\/6-warstwowy-waz-ogrodowy-3-4-30m-zlaczki-pistolet-zraszajacy\\\/\"]}]},{\"@type\":\"ImageObject\",\"inLanguage\":\"en-US\",\"@id\":\"https:\\\/\\\/www.rexxer.pl\\\/produkt\\\/6-warstwowy-waz-ogrodowy-3-4-30m-zlaczki-pistolet-zraszajacy\\\/#primaryimage\",\"url\":\"https:\\\/\\\/www.rexxer.pl\\\/wp-content\\\/uploads\\\/2026\\\/03\\\/7ef776cb1ad808ec16aaa5dec0a5b886.jpg\",\"contentUrl\":\"https:\\\/\\\/www.rexxer.pl\\\/wp-content\\\/uploads\\\/2026\\\/03\\\/7ef776cb1ad808ec16aaa5dec0a5b886.jpg\",\"width\":1984,\"height\":1984,\"caption\":\"c6553999e6d395a4062f316edc31f53e\"},{\"@type\":\"BreadcrumbList\",\"@id\":\"https:\\\/\\\/www.rexxer.pl\\\/produkt\\\/6-warstwowy-waz-ogrodowy-3-4-30m-zlaczki-pistolet-zraszajacy\\\/#breadcrumb\",\"itemListElement\":[{\"@type\":\"ListItem\",\"position\":1,\"name\":\"Strona g\u0142\u00f3wna\",\"item\":\"https:\\\/\\\/www.rexxer.pl\\\/en\\\/home\\\/\"},{\"@type\":\"ListItem\",\"position\":2,\"name\":\"Sklep\",\"item\":\"https:\\\/\\\/www.rexxer.pl\\\/sklep\\\/\"},{\"@type\":\"ListItem\",\"position\":3,\"name\":\"6-Warstwowy W\u0105\u017c Ogrodowy 3\\\/4&#8243; 30m + z\u0142\u0105czki + pistolet zraszaj\u0105cy\"}]},{\"@type\":\"WebSite\",\"@id\":\"https:\\\/\\\/www.rexxer.pl\\\/#website\",\"url\":\"https:\\\/\\\/www.rexxer.pl\\\/\",\"name\":\"Narz\u0119dzia REXXER - sklep online\",\"description\":\"\",\"publisher\":{\"@id\":\"https:\\\/\\\/www.rexxer.pl\\\/#organization\"},\"potentialAction\":[{\"@type\":\"SearchAction\",\"target\":{\"@type\":\"EntryPoint\",\"urlTemplate\":\"https:\\\/\\\/www.rexxer.pl\\\/?s={search_term_string}\"},\"query-input\":{\"@type\":\"PropertyValueSpecification\",\"valueRequired\":true,\"valueName\":\"search_term_string\"}}],\"inLanguage\":\"en-US\"},{\"@type\":\"Organization\",\"@id\":\"https:\\\/\\\/www.rexxer.pl\\\/#organization\",\"name\":\"Narz\u0119dzia REXXER - sklep online\",\"url\":\"https:\\\/\\\/www.rexxer.pl\\\/\",\"logo\":{\"@type\":\"ImageObject\",\"inLanguage\":\"en-US\",\"@id\":\"https:\\\/\\\/www.rexxer.pl\\\/#\\\/schema\\\/logo\\\/image\\\/\",\"url\":\"https:\\\/\\\/www.rexxer.pl\\\/wp-content\\\/uploads\\\/2025\\\/08\\\/logo.png\",\"contentUrl\":\"https:\\\/\\\/www.rexxer.pl\\\/wp-content\\\/uploads\\\/2025\\\/08\\\/logo.png\",\"width\":225,\"height\":114,\"caption\":\"Narz\u0119dzia REXXER - sklep online\"},\"image\":{\"@id\":\"https:\\\/\\\/www.rexxer.pl\\\/#\\\/schema\\\/logo\\\/image\\\/\"},\"sameAs\":[\"https:\\\/\\\/www.facebook.com\\\/Rexxertools\\\/\"]}]}<\/script>\n<!-- \/ Yoast SEO plugin. -->","yoast_head_json":{"title":"6-Warstwowy W\u0105\u017c Ogrodowy 3\/4\" 30m + z\u0142\u0105czki + pistolet zraszaj\u0105cy - Narz\u0119dzia REXXER - sklep online","robots":{"index":"index","follow":"follow","max-snippet":"max-snippet:-1","max-image-preview":"max-image-preview:large","max-video-preview":"max-video-preview:-1"},"canonical":"https:\/\/www.rexxer.pl\/produkt\/6-warstwowy-waz-ogrodowy-3-4-30m-zlaczki-pistolet-zraszajacy\/","og_locale":"en_US","og_type":"article","og_title":"6-Warstwowy W\u0105\u017c Ogrodowy 3\/4\" 30m + z\u0142\u0105czki + pistolet zraszaj\u0105cy - Narz\u0119dzia REXXER - sklep online","og_description":"6-WARSTWOWY W\u0104\u017b OGRODOWY 3\/4&#8243; 30 M + Z\u0141\u0104CZKI + PISTOLET ZRASZAJ\u0104CY SKU: RG-13-986 Producent: REXXER Model: REXXER Komplet zawiera 1x","og_url":"https:\/\/www.rexxer.pl\/produkt\/6-warstwowy-waz-ogrodowy-3-4-30m-zlaczki-pistolet-zraszajacy\/","og_site_name":"Narz\u0119dzia REXXER - sklep online","article_publisher":"https:\/\/www.facebook.com\/Rexxertools\/","article_modified_time":"2026-05-08T18:26:09+00:00","og_image":[{"width":1984,"height":1984,"url":"https:\/\/www.rexxer.pl\/wp-content\/uploads\/2026\/03\/7ef776cb1ad808ec16aaa5dec0a5b886.jpg","type":"image\/jpeg"}],"twitter_card":"summary_large_image","twitter_misc":{"Est. reading time":"2 minutes"},"schema":{"@context":"https:\/\/schema.org","@graph":[{"@type":"WebPage","@id":"https:\/\/www.rexxer.pl\/produkt\/6-warstwowy-waz-ogrodowy-3-4-30m-zlaczki-pistolet-zraszajacy\/","url":"https:\/\/www.rexxer.pl\/produkt\/6-warstwowy-waz-ogrodowy-3-4-30m-zlaczki-pistolet-zraszajacy\/","name":"6-Warstwowy W\u0105\u017c Ogrodowy 3\/4\" 30m + z\u0142\u0105czki + pistolet zraszaj\u0105cy - Narz\u0119dzia REXXER - sklep online","isPartOf":{"@id":"https:\/\/www.rexxer.pl\/#website"},"primaryImageOfPage":{"@id":"https:\/\/www.rexxer.pl\/produkt\/6-warstwowy-waz-ogrodowy-3-4-30m-zlaczki-pistolet-zraszajacy\/#primaryimage"},"image":{"@id":"https:\/\/www.rexxer.pl\/produkt\/6-warstwowy-waz-ogrodowy-3-4-30m-zlaczki-pistolet-zraszajacy\/#primaryimage"},"thumbnailUrl":"https:\/\/www.rexxer.pl\/wp-content\/uploads\/2026\/03\/7ef776cb1ad808ec16aaa5dec0a5b886.jpg","datePublished":"2026-03-10T08:31:22+00:00","dateModified":"2026-05-08T18:26:09+00:00","breadcrumb":{"@id":"https:\/\/www.rexxer.pl\/produkt\/6-warstwowy-waz-ogrodowy-3-4-30m-zlaczki-pistolet-zraszajacy\/#breadcrumb"},"inLanguage":"en-US","potentialAction":[{"@type":"ReadAction","target":["https:\/\/www.rexxer.pl\/produkt\/6-warstwowy-waz-ogrodowy-3-4-30m-zlaczki-pistolet-zraszajacy\/"]}]},{"@type":"ImageObject","inLanguage":"en-US","@id":"https:\/\/www.rexxer.pl\/produkt\/6-warstwowy-waz-ogrodowy-3-4-30m-zlaczki-pistolet-zraszajacy\/#primaryimage","url":"https:\/\/www.rexxer.pl\/wp-content\/uploads\/2026\/03\/7ef776cb1ad808ec16aaa5dec0a5b886.jpg","contentUrl":"https:\/\/www.rexxer.pl\/wp-content\/uploads\/2026\/03\/7ef776cb1ad808ec16aaa5dec0a5b886.jpg","width":1984,"height":1984,"caption":"c6553999e6d395a4062f316edc31f53e"},{"@type":"BreadcrumbList","@id":"https:\/\/www.rexxer.pl\/produkt\/6-warstwowy-waz-ogrodowy-3-4-30m-zlaczki-pistolet-zraszajacy\/#breadcrumb","itemListElement":[{"@type":"ListItem","position":1,"name":"Strona g\u0142\u00f3wna","item":"https:\/\/www.rexxer.pl\/en\/home\/"},{"@type":"ListItem","position":2,"name":"Sklep","item":"https:\/\/www.rexxer.pl\/sklep\/"},{"@type":"ListItem","position":3,"name":"6-Warstwowy W\u0105\u017c Ogrodowy 3\/4&#8243; 30m + z\u0142\u0105czki + pistolet zraszaj\u0105cy"}]},{"@type":"WebSite","@id":"https:\/\/www.rexxer.pl\/#website","url":"https:\/\/www.rexxer.pl\/","name":"Narz\u0119dzia REXXER - sklep online","description":"","publisher":{"@id":"https:\/\/www.rexxer.pl\/#organization"},"potentialAction":[{"@type":"SearchAction","target":{"@type":"EntryPoint","urlTemplate":"https:\/\/www.rexxer.pl\/?s={search_term_string}"},"query-input":{"@type":"PropertyValueSpecification","valueRequired":true,"valueName":"search_term_string"}}],"inLanguage":"en-US"},{"@type":"Organization","@id":"https:\/\/www.rexxer.pl\/#organization","name":"Narz\u0119dzia REXXER - sklep online","url":"https:\/\/www.rexxer.pl\/","logo":{"@type":"ImageObject","inLanguage":"en-US","@id":"https:\/\/www.rexxer.pl\/#\/schema\/logo\/image\/","url":"https:\/\/www.rexxer.pl\/wp-content\/uploads\/2025\/08\/logo.png","contentUrl":"https:\/\/www.rexxer.pl\/wp-content\/uploads\/2025\/08\/logo.png","width":225,"height":114,"caption":"Narz\u0119dzia REXXER - sklep online"},"image":{"@id":"https:\/\/www.rexxer.pl\/#\/schema\/logo\/image\/"},"sameAs":["https:\/\/www.facebook.com\/Rexxertools\/"]}]}},"_links":{"self":[{"href":"https:\/\/www.rexxer.pl\/en\/wp-json\/wp\/v2\/product\/90628","targetHints":{"allow":["GET"]}}],"collection":[{"href":"https:\/\/www.rexxer.pl\/en\/wp-json\/wp\/v2\/product"}],"about":[{"href":"https:\/\/www.rexxer.pl\/en\/wp-json\/wp\/v2\/types\/product"}],"replies":[{"embeddable":true,"href":"https:\/\/www.rexxer.pl\/en\/wp-json\/wp\/v2\/comments?post=90628"}],"version-history":[{"count":0,"href":"https:\/\/www.rexxer.pl\/en\/wp-json\/wp\/v2\/product\/90628\/revisions"}],"wp:featuredmedia":[{"embeddable":true,"href":"https:\/\/www.rexxer.pl\/en\/wp-json\/wp\/v2\/media\/90632"}],"wp:attachment":[{"href":"https:\/\/www.rexxer.pl\/en\/wp-json\/wp\/v2\/media?parent=90628"}],"wp:term":[{"taxonomy":"product_brand","embeddable":true,"href":"https:\/\/www.rexxer.pl\/en\/wp-json\/wp\/v2\/product_brand?post=90628"},{"taxonomy":"product_cat","embeddable":true,"href":"https:\/\/www.rexxer.pl\/en\/wp-json\/wp\/v2\/product_cat?post=90628"},{"taxonomy":"product_tag","embeddable":true,"href":"https:\/\/www.rexxer.pl\/en\/wp-json\/wp\/v2\/product_tag?post=90628"}],"curies":[{"name":"wp","href":"https:\/\/api.w.org\/{rel}","templated":true}]}}