{"id":88817,"date":"2026-02-02T11:36:43","date_gmt":"2026-02-02T10:36:43","guid":{"rendered":"https:\/\/www.rexxer.pl\/produkt\/uchwyt-wiertarski-samozaciskowy-13mm-2-adaptery\/"},"modified":"2026-05-08T16:22:24","modified_gmt":"2026-05-08T14:22:24","slug":"uchwyt-wiertarski-samozaciskowy-13mm-2-adaptery","status":"publish","type":"product","link":"https:\/\/www.rexxer.pl\/en\/produkt\/uchwyt-wiertarski-samozaciskowy-13mm-2-adaptery\/","title":{"rendered":"Uchwyt wiertarski samozaciskowy 13mm + 2 adaptery"},"content":{"rendered":"<section class=\"section\">\n<div class=\"item item-6\">\n<section class=\"image-item\"><\/section>\n<\/div>\n<div class=\"item item-6\">\n<section class=\"text-item\">\n<h2>ZESTAW 3w1 \u2013 UCHWYT WIERTARSKI SAMOZACISKOWY 13mm + ADAPTER SDS-PLUS + ADAPTER HEX 1\/4&#8243;<\/h2>\n<p>Marka: REXXER | Profesjonalne akcesoria do elektronarz\u0119dzi<\/p>\n<p>SKU: RG-13-213<\/p>\n<p>EAN: 5901180819299<\/p>\n<p>Producent: REXXER<\/p>\n<p>Uniwersalny zestaw, kt\u00f3ry znacz\u0105co zwi\u0119ksza funkcjonalno\u015b\u0107 Twojej wiertarki, wkr\u0119tarki lub m\u0142otowiertarki. Samozaciskowy uchwyt wiertarski pozwala na szybk\u0105 wymian\u0119 wierte\u0142 bez u\u017cycia kluczyka, a do\u0142\u0105czone adaptery umo\u017cliwiaj\u0105 monta\u017c uchwytu w r\u00f3\u017cnych typach narz\u0119dzi.<\/p>\n<\/section>\n<\/div>\n<\/section>\n<section class=\"section\">\n<div class=\"item item-6\">\n<section class=\"text-item\">\n<h2 data-start=\"577\" data-end=\"621\">UCHWYT WIERTARSKI SAMOZACISKOWY 13 mm<\/h2>\n<p data-start=\"622\" data-end=\"798\">Uchwyt szcz\u0119kowy samozaciskowy przeznaczony do wiertarek i wkr\u0119tarek z wrzecionem gwintowanym 1\/2\u2033-20 UNF. Pozwala na szybkie i wygodne mocowanie wierte\u0142 bez u\u017cycia klucza.<\/p>\n<p>Zalety uchwytu:<\/p>\n<ul data-start=\"824\" data-end=\"1036\">\n<li data-start=\"824\" data-end=\"866\">\n<p data-start=\"826\" data-end=\"866\">szybka wymiana wierte\u0142 \u2013 bez kluczyka,<\/p>\n<\/li>\n<li data-start=\"867\" data-end=\"904\">\n<p data-start=\"869\" data-end=\"904\">solidny i stabilny zacisk szcz\u0119k,<\/p>\n<\/li>\n<li data-start=\"905\" data-end=\"939\">\n<p data-start=\"907\" data-end=\"939\">zakres mocowania do 13 mm,<\/p>\n<\/li>\n<li data-start=\"940\" data-end=\"989\">\n<p data-start=\"942\" data-end=\"989\">precyzyjna praca i pewne trzymanie narz\u0119dzia,<\/p>\n<\/li>\n<li data-start=\"990\" data-end=\"1036\">\n<p data-start=\"992\" data-end=\"1036\">kompatybilno\u015b\u0107 z wieloma elektronarz\u0119dziami.<\/p>\n<\/li>\n<\/ul>\n<p>Dane techniczne:<\/p>\n<ul data-start=\"1063\" data-end=\"1171\">\n<li data-start=\"1063\" data-end=\"1101\">\n<p data-start=\"1065\" data-end=\"1101\">typ: samozaciskowy, szcz\u0119kowy,<\/p>\n<\/li>\n<li data-start=\"1102\" data-end=\"1145\">\n<p data-start=\"1104\" data-end=\"1145\">maksymalna \u015brednica wiert\u0142a: 13 mm,<\/p>\n<\/li>\n<li data-start=\"1146\" data-end=\"1171\">\n<p data-start=\"1148\" data-end=\"1171\">gwint: 1\/2\u2033-20 UNF.<\/p>\n<\/li>\n<\/ul>\n<\/section>\n<\/div>\n<div class=\"item item-6\">\n<section class=\"image-item\"><\/section>\n<\/div>\n<\/section>\n<section class=\"section\">\n<div class=\"item item-6\">\n<section class=\"image-item\"><\/section>\n<\/div>\n<div class=\"item item-6\">\n<section class=\"text-item\">\n<h2 data-start=\"1178\" data-end=\"1201\">ADAPTER SDS-PLUS<\/h2>\n<p data-start=\"1202\" data-end=\"1318\">Umo\u017cliwia monta\u017c uchwytu wiertarskiego w m\u0142otowiertarkach z systemem SDS+, rozszerzaj\u0105c zakres ich zastosowania.<\/p>\n<\/section>\n<\/div>\n<\/section>\n<section class=\"section\">\n<div class=\"item item-6\">\n<section class=\"text-item\">\n<h2 data-start=\"1325\" data-end=\"1348\">ADAPTER HEX 1\/4&#8243;<\/h2>\n<p data-start=\"1349\" data-end=\"1446\">Pozwala na szybkie pod\u0142\u0105czenie uchwytu do wkr\u0119tarek i urz\u0105dze\u0144 z uchwytem sze\u015bciok\u0105tnym 1\/4&#8243;.<\/p>\n<\/section>\n<\/div>\n<div class=\"item item-6\">\n<section class=\"image-item\"><\/section>\n<\/div>\n<\/section>\n<section class=\"section\">\n<div class=\"item item-6\">\n<section class=\"image-item\"><\/section>\n<\/div>\n<div class=\"item item-6\">\n<section class=\"image-item\"><\/section>\n<\/div>\n<\/section>\n","protected":false},"excerpt":{"rendered":"<p>ZESTAW 3w1 \u2013 UCHWYT WIERTARSKI SAMOZACISKOWY 13mm + ADAPTER SDS-PLUS + ADAPTER HEX 1\/4&#8243; Marka: REXXER | Profesjonalne akcesoria do<\/p>\n","protected":false},"featured_media":88823,"comment_status":"open","ping_status":"closed","template":"","meta":[],"product_brand":[519],"product_cat":[457,486],"product_tag":[],"class_list":{"0":"post-88817","1":"product","2":"type-product","3":"status-publish","4":"has-post-thumbnail","6":"product_brand-rexxer","7":"product_cat-akcesoria","8":"product_cat-uchwyty-wiertarskie","10":"first","11":"instock","12":"taxable","13":"shipping-taxable","14":"purchasable","15":"product-type-simple"},"yoast_head":"<!-- This site is optimized with the Yoast SEO plugin v27.5 - https:\/\/yoast.com\/product\/yoast-seo-wordpress\/ -->\n<title>Uchwyt wiertarski samozaciskowy 13mm + 2 adaptery - Narz\u0119dzia REXXER - sklep online<\/title>\n<meta name=\"robots\" content=\"index, follow, max-snippet:-1, max-image-preview:large, max-video-preview:-1\" \/>\n<link rel=\"canonical\" href=\"https:\/\/www.rexxer.pl\/produkt\/uchwyt-wiertarski-samozaciskowy-13mm-2-adaptery\/\" \/>\n<meta property=\"og:locale\" content=\"en_US\" \/>\n<meta property=\"og:type\" content=\"article\" \/>\n<meta property=\"og:title\" content=\"Uchwyt wiertarski samozaciskowy 13mm + 2 adaptery - Narz\u0119dzia REXXER - sklep online\" \/>\n<meta property=\"og:description\" content=\"ZESTAW 3w1 \u2013 UCHWYT WIERTARSKI SAMOZACISKOWY 13mm + ADAPTER SDS-PLUS + ADAPTER HEX 1\/4&#8243; Marka: REXXER | Profesjonalne akcesoria do\" \/>\n<meta property=\"og:url\" content=\"https:\/\/www.rexxer.pl\/produkt\/uchwyt-wiertarski-samozaciskowy-13mm-2-adaptery\/\" \/>\n<meta property=\"og:site_name\" content=\"Narz\u0119dzia REXXER - sklep online\" \/>\n<meta property=\"article:publisher\" content=\"https:\/\/www.facebook.com\/Rexxertools\/\" \/>\n<meta property=\"article:modified_time\" content=\"2026-05-08T14:22:24+00:00\" \/>\n<meta property=\"og:image\" content=\"https:\/\/www.rexxer.pl\/wp-content\/uploads\/2026\/02\/de31f232a6a0cb6e22a4c15df54512dd.jpg\" \/>\n\t<meta property=\"og:image:width\" content=\"1564\" \/>\n\t<meta property=\"og:image:height\" content=\"1564\" \/>\n\t<meta property=\"og:image:type\" content=\"image\/jpeg\" \/>\n<meta name=\"twitter:card\" content=\"summary_large_image\" \/>\n<meta name=\"twitter:label1\" content=\"Est. reading time\" \/>\n\t<meta name=\"twitter:data1\" content=\"1 minute\" \/>\n<script type=\"application\/ld+json\" class=\"yoast-schema-graph\">{\"@context\":\"https:\\\/\\\/schema.org\",\"@graph\":[{\"@type\":\"WebPage\",\"@id\":\"https:\\\/\\\/www.rexxer.pl\\\/produkt\\\/uchwyt-wiertarski-samozaciskowy-13mm-2-adaptery\\\/\",\"url\":\"https:\\\/\\\/www.rexxer.pl\\\/produkt\\\/uchwyt-wiertarski-samozaciskowy-13mm-2-adaptery\\\/\",\"name\":\"Uchwyt wiertarski samozaciskowy 13mm + 2 adaptery - Narz\u0119dzia REXXER - sklep online\",\"isPartOf\":{\"@id\":\"https:\\\/\\\/www.rexxer.pl\\\/#website\"},\"primaryImageOfPage\":{\"@id\":\"https:\\\/\\\/www.rexxer.pl\\\/produkt\\\/uchwyt-wiertarski-samozaciskowy-13mm-2-adaptery\\\/#primaryimage\"},\"image\":{\"@id\":\"https:\\\/\\\/www.rexxer.pl\\\/produkt\\\/uchwyt-wiertarski-samozaciskowy-13mm-2-adaptery\\\/#primaryimage\"},\"thumbnailUrl\":\"https:\\\/\\\/www.rexxer.pl\\\/wp-content\\\/uploads\\\/2026\\\/02\\\/de31f232a6a0cb6e22a4c15df54512dd.jpg\",\"datePublished\":\"2026-02-02T10:36:43+00:00\",\"dateModified\":\"2026-05-08T14:22:24+00:00\",\"breadcrumb\":{\"@id\":\"https:\\\/\\\/www.rexxer.pl\\\/produkt\\\/uchwyt-wiertarski-samozaciskowy-13mm-2-adaptery\\\/#breadcrumb\"},\"inLanguage\":\"en-US\",\"potentialAction\":[{\"@type\":\"ReadAction\",\"target\":[\"https:\\\/\\\/www.rexxer.pl\\\/produkt\\\/uchwyt-wiertarski-samozaciskowy-13mm-2-adaptery\\\/\"]}]},{\"@type\":\"ImageObject\",\"inLanguage\":\"en-US\",\"@id\":\"https:\\\/\\\/www.rexxer.pl\\\/produkt\\\/uchwyt-wiertarski-samozaciskowy-13mm-2-adaptery\\\/#primaryimage\",\"url\":\"https:\\\/\\\/www.rexxer.pl\\\/wp-content\\\/uploads\\\/2026\\\/02\\\/de31f232a6a0cb6e22a4c15df54512dd.jpg\",\"contentUrl\":\"https:\\\/\\\/www.rexxer.pl\\\/wp-content\\\/uploads\\\/2026\\\/02\\\/de31f232a6a0cb6e22a4c15df54512dd.jpg\",\"width\":1564,\"height\":1564,\"caption\":\"da0b7817fbd37e691dac89a00ccc66a7\"},{\"@type\":\"BreadcrumbList\",\"@id\":\"https:\\\/\\\/www.rexxer.pl\\\/produkt\\\/uchwyt-wiertarski-samozaciskowy-13mm-2-adaptery\\\/#breadcrumb\",\"itemListElement\":[{\"@type\":\"ListItem\",\"position\":1,\"name\":\"Strona g\u0142\u00f3wna\",\"item\":\"https:\\\/\\\/www.rexxer.pl\\\/en\\\/home\\\/\"},{\"@type\":\"ListItem\",\"position\":2,\"name\":\"Sklep\",\"item\":\"https:\\\/\\\/www.rexxer.pl\\\/sklep\\\/\"},{\"@type\":\"ListItem\",\"position\":3,\"name\":\"Uchwyt wiertarski samozaciskowy 13mm + 2 adaptery\"}]},{\"@type\":\"WebSite\",\"@id\":\"https:\\\/\\\/www.rexxer.pl\\\/#website\",\"url\":\"https:\\\/\\\/www.rexxer.pl\\\/\",\"name\":\"Narz\u0119dzia REXXER - sklep online\",\"description\":\"\",\"publisher\":{\"@id\":\"https:\\\/\\\/www.rexxer.pl\\\/#organization\"},\"potentialAction\":[{\"@type\":\"SearchAction\",\"target\":{\"@type\":\"EntryPoint\",\"urlTemplate\":\"https:\\\/\\\/www.rexxer.pl\\\/?s={search_term_string}\"},\"query-input\":{\"@type\":\"PropertyValueSpecification\",\"valueRequired\":true,\"valueName\":\"search_term_string\"}}],\"inLanguage\":\"en-US\"},{\"@type\":\"Organization\",\"@id\":\"https:\\\/\\\/www.rexxer.pl\\\/#organization\",\"name\":\"Narz\u0119dzia REXXER - sklep online\",\"url\":\"https:\\\/\\\/www.rexxer.pl\\\/\",\"logo\":{\"@type\":\"ImageObject\",\"inLanguage\":\"en-US\",\"@id\":\"https:\\\/\\\/www.rexxer.pl\\\/#\\\/schema\\\/logo\\\/image\\\/\",\"url\":\"https:\\\/\\\/www.rexxer.pl\\\/wp-content\\\/uploads\\\/2025\\\/08\\\/logo.png\",\"contentUrl\":\"https:\\\/\\\/www.rexxer.pl\\\/wp-content\\\/uploads\\\/2025\\\/08\\\/logo.png\",\"width\":225,\"height\":114,\"caption\":\"Narz\u0119dzia REXXER - sklep online\"},\"image\":{\"@id\":\"https:\\\/\\\/www.rexxer.pl\\\/#\\\/schema\\\/logo\\\/image\\\/\"},\"sameAs\":[\"https:\\\/\\\/www.facebook.com\\\/Rexxertools\\\/\"]}]}<\/script>\n<!-- \/ Yoast SEO plugin. -->","yoast_head_json":{"title":"Uchwyt wiertarski samozaciskowy 13mm + 2 adaptery - Narz\u0119dzia REXXER - sklep online","robots":{"index":"index","follow":"follow","max-snippet":"max-snippet:-1","max-image-preview":"max-image-preview:large","max-video-preview":"max-video-preview:-1"},"canonical":"https:\/\/www.rexxer.pl\/produkt\/uchwyt-wiertarski-samozaciskowy-13mm-2-adaptery\/","og_locale":"en_US","og_type":"article","og_title":"Uchwyt wiertarski samozaciskowy 13mm + 2 adaptery - Narz\u0119dzia REXXER - sklep online","og_description":"ZESTAW 3w1 \u2013 UCHWYT WIERTARSKI SAMOZACISKOWY 13mm + ADAPTER SDS-PLUS + ADAPTER HEX 1\/4&#8243; Marka: REXXER | Profesjonalne akcesoria do","og_url":"https:\/\/www.rexxer.pl\/produkt\/uchwyt-wiertarski-samozaciskowy-13mm-2-adaptery\/","og_site_name":"Narz\u0119dzia REXXER - sklep online","article_publisher":"https:\/\/www.facebook.com\/Rexxertools\/","article_modified_time":"2026-05-08T14:22:24+00:00","og_image":[{"width":1564,"height":1564,"url":"https:\/\/www.rexxer.pl\/wp-content\/uploads\/2026\/02\/de31f232a6a0cb6e22a4c15df54512dd.jpg","type":"image\/jpeg"}],"twitter_card":"summary_large_image","twitter_misc":{"Est. reading time":"1 minute"},"schema":{"@context":"https:\/\/schema.org","@graph":[{"@type":"WebPage","@id":"https:\/\/www.rexxer.pl\/produkt\/uchwyt-wiertarski-samozaciskowy-13mm-2-adaptery\/","url":"https:\/\/www.rexxer.pl\/produkt\/uchwyt-wiertarski-samozaciskowy-13mm-2-adaptery\/","name":"Uchwyt wiertarski samozaciskowy 13mm + 2 adaptery - Narz\u0119dzia REXXER - sklep online","isPartOf":{"@id":"https:\/\/www.rexxer.pl\/#website"},"primaryImageOfPage":{"@id":"https:\/\/www.rexxer.pl\/produkt\/uchwyt-wiertarski-samozaciskowy-13mm-2-adaptery\/#primaryimage"},"image":{"@id":"https:\/\/www.rexxer.pl\/produkt\/uchwyt-wiertarski-samozaciskowy-13mm-2-adaptery\/#primaryimage"},"thumbnailUrl":"https:\/\/www.rexxer.pl\/wp-content\/uploads\/2026\/02\/de31f232a6a0cb6e22a4c15df54512dd.jpg","datePublished":"2026-02-02T10:36:43+00:00","dateModified":"2026-05-08T14:22:24+00:00","breadcrumb":{"@id":"https:\/\/www.rexxer.pl\/produkt\/uchwyt-wiertarski-samozaciskowy-13mm-2-adaptery\/#breadcrumb"},"inLanguage":"en-US","potentialAction":[{"@type":"ReadAction","target":["https:\/\/www.rexxer.pl\/produkt\/uchwyt-wiertarski-samozaciskowy-13mm-2-adaptery\/"]}]},{"@type":"ImageObject","inLanguage":"en-US","@id":"https:\/\/www.rexxer.pl\/produkt\/uchwyt-wiertarski-samozaciskowy-13mm-2-adaptery\/#primaryimage","url":"https:\/\/www.rexxer.pl\/wp-content\/uploads\/2026\/02\/de31f232a6a0cb6e22a4c15df54512dd.jpg","contentUrl":"https:\/\/www.rexxer.pl\/wp-content\/uploads\/2026\/02\/de31f232a6a0cb6e22a4c15df54512dd.jpg","width":1564,"height":1564,"caption":"da0b7817fbd37e691dac89a00ccc66a7"},{"@type":"BreadcrumbList","@id":"https:\/\/www.rexxer.pl\/produkt\/uchwyt-wiertarski-samozaciskowy-13mm-2-adaptery\/#breadcrumb","itemListElement":[{"@type":"ListItem","position":1,"name":"Strona g\u0142\u00f3wna","item":"https:\/\/www.rexxer.pl\/en\/home\/"},{"@type":"ListItem","position":2,"name":"Sklep","item":"https:\/\/www.rexxer.pl\/sklep\/"},{"@type":"ListItem","position":3,"name":"Uchwyt wiertarski samozaciskowy 13mm + 2 adaptery"}]},{"@type":"WebSite","@id":"https:\/\/www.rexxer.pl\/#website","url":"https:\/\/www.rexxer.pl\/","name":"Narz\u0119dzia REXXER - sklep online","description":"","publisher":{"@id":"https:\/\/www.rexxer.pl\/#organization"},"potentialAction":[{"@type":"SearchAction","target":{"@type":"EntryPoint","urlTemplate":"https:\/\/www.rexxer.pl\/?s={search_term_string}"},"query-input":{"@type":"PropertyValueSpecification","valueRequired":true,"valueName":"search_term_string"}}],"inLanguage":"en-US"},{"@type":"Organization","@id":"https:\/\/www.rexxer.pl\/#organization","name":"Narz\u0119dzia REXXER - sklep online","url":"https:\/\/www.rexxer.pl\/","logo":{"@type":"ImageObject","inLanguage":"en-US","@id":"https:\/\/www.rexxer.pl\/#\/schema\/logo\/image\/","url":"https:\/\/www.rexxer.pl\/wp-content\/uploads\/2025\/08\/logo.png","contentUrl":"https:\/\/www.rexxer.pl\/wp-content\/uploads\/2025\/08\/logo.png","width":225,"height":114,"caption":"Narz\u0119dzia REXXER - sklep online"},"image":{"@id":"https:\/\/www.rexxer.pl\/#\/schema\/logo\/image\/"},"sameAs":["https:\/\/www.facebook.com\/Rexxertools\/"]}]}},"_links":{"self":[{"href":"https:\/\/www.rexxer.pl\/en\/wp-json\/wp\/v2\/product\/88817","targetHints":{"allow":["GET"]}}],"collection":[{"href":"https:\/\/www.rexxer.pl\/en\/wp-json\/wp\/v2\/product"}],"about":[{"href":"https:\/\/www.rexxer.pl\/en\/wp-json\/wp\/v2\/types\/product"}],"replies":[{"embeddable":true,"href":"https:\/\/www.rexxer.pl\/en\/wp-json\/wp\/v2\/comments?post=88817"}],"version-history":[{"count":0,"href":"https:\/\/www.rexxer.pl\/en\/wp-json\/wp\/v2\/product\/88817\/revisions"}],"wp:featuredmedia":[{"embeddable":true,"href":"https:\/\/www.rexxer.pl\/en\/wp-json\/wp\/v2\/media\/88823"}],"wp:attachment":[{"href":"https:\/\/www.rexxer.pl\/en\/wp-json\/wp\/v2\/media?parent=88817"}],"wp:term":[{"taxonomy":"product_brand","embeddable":true,"href":"https:\/\/www.rexxer.pl\/en\/wp-json\/wp\/v2\/product_brand?post=88817"},{"taxonomy":"product_cat","embeddable":true,"href":"https:\/\/www.rexxer.pl\/en\/wp-json\/wp\/v2\/product_cat?post=88817"},{"taxonomy":"product_tag","embeddable":true,"href":"https:\/\/www.rexxer.pl\/en\/wp-json\/wp\/v2\/product_tag?post=88817"}],"curies":[{"name":"wp","href":"https:\/\/api.w.org\/{rel}","templated":true}]}}