{"id":88552,"date":"2026-01-28T11:19:25","date_gmt":"2026-01-28T10:19:25","guid":{"rendered":"https:\/\/www.rexxer.pl\/produkt\/przylbica-spawalnicza-samosciemniajaca-premium\/"},"modified":"2026-04-23T11:21:16","modified_gmt":"2026-04-23T09:21:16","slug":"przylbica-spawalnicza-samosciemniajaca-premium","status":"publish","type":"product","link":"https:\/\/www.rexxer.pl\/en\/produkt\/przylbica-spawalnicza-samosciemniajaca-premium\/","title":{"rendered":"Przy\u0142bica spawalnicza samo\u015bciemniaj\u0105ca Premium"},"content":{"rendered":"<section class=\"section\">\n<div class=\"item item-6\">\n<section class=\"text-item\">\n<h1>PRZY\u0141BICA SPAWALNICZA SAMO\u015aCIEMNIAJ\u0104CA PREMIUM<\/h1>\n<ul>\n<li>SKU: RL-02-116<\/li>\n<li>EAN: 5901180834070<\/li>\n<li>Producent: REXXER<\/li>\n<\/ul>\n<p>Przy\u0142bica spawalnicza to produkt nale\u017c\u0105cy do kategorii produkt\u00f3w ochrony indywidualnej.<\/p>\n<p>Jej celem jest zminimalizowanie a wr\u0119cz zniwelowanie do zera uraz\u00f3w oczu i twarzy spowodowanych przez rozb\u0142yski \u015bwiat\u0142a, drobiny materia\u0142u i wysok\u0105 temperatur\u0119 np. podczas spawania.<\/p>\n<p>Przy\u0142bica posiada regulowane na g\u0142owie, samo \u015bciemniaj\u0105cy filtr ograniczaj\u0105cy ilo\u015b\u0107 docieraj\u0105cego \u015bwiat\u0142a do oczu.<\/p>\n<p>Automatyka filtra pozwala na obserwacj\u0119 miejsca spawu przed i w trakcie spawania bez konieczno\u015bci odrywania wzroku a za pomoc\u0105 p\u0142ynnej regulacji zaciemnienia mo\u017cna dopasowa\u0107 zaciemnienie do intensywno\u015bci rozb\u0142ysk\u00f3w podczas spawania. Idealna do spawania metod\u0105 : MMA, MIG\/MAG, SAW, TIG, ci\u0119ciu i spawaniu plazm\u0105 PAC, PAW.<\/p>\n<p><b>Uwaga<\/b>: nie mo\u017ce by\u0107 u\u017cywana przy spawaniu laserowym oraz acetylonowo-tlenowym.<\/p>\n<\/section>\n<\/div>\n<\/section>\n<section class=\"section\">\n<div class=\"item item-6\">\n<section class=\"text-item\"><b>Dane techniczne<\/b><\/p>\n<ul>\n<li>Klasa optyczna: <b>1\/1\/1\/2<\/b><\/li>\n<li>Ochrona oczu wed\u0142ug normy: <b>EN379<\/b><\/li>\n<li>Ochrona twarzy wed\u0142ug normy: <b>EN175<\/b><\/li>\n<li>Zakres zaciemnienia: <b>3-11 DIN<\/b><\/li>\n<li>Ochrona UV\/IR: <b>do 16 DIN<\/b><\/li>\n<li>Czas zaciemniania: <b>1\/15000 s<\/b><\/li>\n<li>Czas rozja\u015bniania: <b>0,1-1 s<\/b><\/li>\n<li>Ilo\u015b\u0107 sensor\u00f3w: <b>2<\/b><\/li>\n<li>Wymiary filtra: <b>93&#215;43 mm<\/b><\/li>\n<li>Rozmiar panelu: <b>110x90x9 mm<\/b><\/li>\n<li>Rozmiar wizjera: <b>90&#215;35 mm<\/b><\/li>\n<li>Regulacja czu\u0142o\u015bci: <b>p\u0142ynna<\/b><\/li>\n<li>Temperatura pracy: <b>-5\u00b0C do +55\u00b0C<\/b><\/li>\n<li>W\u0142\u0105czanie\/wy\u0142\u0105czanie: <b>automatyczne &#8220;hands free&#8221;<\/b><\/li>\n<li>Zasilanie: <b>panel s\u0142oneczny<\/b><\/li>\n<li>Os\u0142ona panelu:<b> plastikowa przezroczysta szybka<\/b><\/li>\n<\/ul>\n<\/section>\n<\/div>\n<\/section>\n","protected":false},"excerpt":{"rendered":"<p>PRZY\u0141BICA SPAWALNICZA SAMO\u015aCIEMNIAJ\u0104CA PREMIUM SKU: RL-02-116 EAN: 5901180834070 Producent: REXXER Przy\u0142bica spawalnicza to produkt nale\u017c\u0105cy do kategorii produkt\u00f3w ochrony indywidualnej.<\/p>\n","protected":false},"featured_media":88617,"comment_status":"open","ping_status":"closed","template":"","meta":[],"product_brand":[],"product_cat":[313,331,327],"product_tag":[],"class_list":{"0":"post-88552","1":"product","2":"type-product","3":"status-publish","4":"has-post-thumbnail","6":"product_cat-elektronarzedzia","7":"product_cat-orzylbice-spawalnicze","8":"product_cat-spawarki","10":"first","11":"instock","12":"taxable","13":"shipping-taxable","14":"purchasable","15":"product-type-simple"},"yoast_head":"<!-- This site is optimized with the Yoast SEO plugin v27.5 - https:\/\/yoast.com\/product\/yoast-seo-wordpress\/ -->\n<title>Przy\u0142bica spawalnicza samo\u015bciemniaj\u0105ca Premium - Narz\u0119dzia REXXER - sklep online<\/title>\n<meta name=\"robots\" content=\"index, follow, max-snippet:-1, max-image-preview:large, max-video-preview:-1\" \/>\n<link rel=\"canonical\" href=\"https:\/\/www.rexxer.pl\/produkt\/przylbica-spawalnicza-samosciemniajaca-premium\/\" \/>\n<meta property=\"og:locale\" content=\"en_US\" \/>\n<meta property=\"og:type\" content=\"article\" \/>\n<meta property=\"og:title\" content=\"Przy\u0142bica spawalnicza samo\u015bciemniaj\u0105ca Premium - Narz\u0119dzia REXXER - sklep online\" \/>\n<meta property=\"og:description\" content=\"PRZY\u0141BICA SPAWALNICZA SAMO\u015aCIEMNIAJ\u0104CA PREMIUM SKU: RL-02-116 EAN: 5901180834070 Producent: REXXER Przy\u0142bica spawalnicza to produkt nale\u017c\u0105cy do kategorii produkt\u00f3w ochrony indywidualnej.\" \/>\n<meta property=\"og:url\" content=\"https:\/\/www.rexxer.pl\/produkt\/przylbica-spawalnicza-samosciemniajaca-premium\/\" \/>\n<meta property=\"og:site_name\" content=\"Narz\u0119dzia REXXER - sklep online\" \/>\n<meta property=\"article:publisher\" content=\"https:\/\/www.facebook.com\/Rexxertools\/\" \/>\n<meta property=\"article:modified_time\" content=\"2026-04-23T09:21:16+00:00\" \/>\n<meta property=\"og:image\" content=\"https:\/\/www.rexxer.pl\/wp-content\/uploads\/2026\/01\/d6f19ba8771ffb1b7a3dd0d2be80a834.jpg\" \/>\n\t<meta property=\"og:image:width\" content=\"1984\" \/>\n\t<meta property=\"og:image:height\" content=\"1984\" \/>\n\t<meta property=\"og:image:type\" content=\"image\/jpeg\" \/>\n<meta name=\"twitter:card\" content=\"summary_large_image\" \/>\n<meta name=\"twitter:label1\" content=\"Est. reading time\" \/>\n\t<meta name=\"twitter:data1\" content=\"2 minutes\" \/>\n<script type=\"application\/ld+json\" class=\"yoast-schema-graph\">{\"@context\":\"https:\\\/\\\/schema.org\",\"@graph\":[{\"@type\":\"WebPage\",\"@id\":\"https:\\\/\\\/www.rexxer.pl\\\/produkt\\\/przylbica-spawalnicza-samosciemniajaca-premium\\\/\",\"url\":\"https:\\\/\\\/www.rexxer.pl\\\/produkt\\\/przylbica-spawalnicza-samosciemniajaca-premium\\\/\",\"name\":\"Przy\u0142bica spawalnicza samo\u015bciemniaj\u0105ca Premium - Narz\u0119dzia REXXER - sklep online\",\"isPartOf\":{\"@id\":\"https:\\\/\\\/www.rexxer.pl\\\/#website\"},\"primaryImageOfPage\":{\"@id\":\"https:\\\/\\\/www.rexxer.pl\\\/produkt\\\/przylbica-spawalnicza-samosciemniajaca-premium\\\/#primaryimage\"},\"image\":{\"@id\":\"https:\\\/\\\/www.rexxer.pl\\\/produkt\\\/przylbica-spawalnicza-samosciemniajaca-premium\\\/#primaryimage\"},\"thumbnailUrl\":\"https:\\\/\\\/www.rexxer.pl\\\/wp-content\\\/uploads\\\/2026\\\/01\\\/d6f19ba8771ffb1b7a3dd0d2be80a834.jpg\",\"datePublished\":\"2026-01-28T10:19:25+00:00\",\"dateModified\":\"2026-04-23T09:21:16+00:00\",\"breadcrumb\":{\"@id\":\"https:\\\/\\\/www.rexxer.pl\\\/produkt\\\/przylbica-spawalnicza-samosciemniajaca-premium\\\/#breadcrumb\"},\"inLanguage\":\"en-US\",\"potentialAction\":[{\"@type\":\"ReadAction\",\"target\":[\"https:\\\/\\\/www.rexxer.pl\\\/produkt\\\/przylbica-spawalnicza-samosciemniajaca-premium\\\/\"]}]},{\"@type\":\"ImageObject\",\"inLanguage\":\"en-US\",\"@id\":\"https:\\\/\\\/www.rexxer.pl\\\/produkt\\\/przylbica-spawalnicza-samosciemniajaca-premium\\\/#primaryimage\",\"url\":\"https:\\\/\\\/www.rexxer.pl\\\/wp-content\\\/uploads\\\/2026\\\/01\\\/d6f19ba8771ffb1b7a3dd0d2be80a834.jpg\",\"contentUrl\":\"https:\\\/\\\/www.rexxer.pl\\\/wp-content\\\/uploads\\\/2026\\\/01\\\/d6f19ba8771ffb1b7a3dd0d2be80a834.jpg\",\"width\":1984,\"height\":1984,\"caption\":\"33628aa9456676337e26efd3aca7d5ad\"},{\"@type\":\"BreadcrumbList\",\"@id\":\"https:\\\/\\\/www.rexxer.pl\\\/produkt\\\/przylbica-spawalnicza-samosciemniajaca-premium\\\/#breadcrumb\",\"itemListElement\":[{\"@type\":\"ListItem\",\"position\":1,\"name\":\"Strona g\u0142\u00f3wna\",\"item\":\"https:\\\/\\\/www.rexxer.pl\\\/en\\\/home\\\/\"},{\"@type\":\"ListItem\",\"position\":2,\"name\":\"Sklep\",\"item\":\"https:\\\/\\\/www.rexxer.pl\\\/sklep\\\/\"},{\"@type\":\"ListItem\",\"position\":3,\"name\":\"Przy\u0142bica spawalnicza samo\u015bciemniaj\u0105ca Premium\"}]},{\"@type\":\"WebSite\",\"@id\":\"https:\\\/\\\/www.rexxer.pl\\\/#website\",\"url\":\"https:\\\/\\\/www.rexxer.pl\\\/\",\"name\":\"Narz\u0119dzia REXXER - sklep online\",\"description\":\"\",\"publisher\":{\"@id\":\"https:\\\/\\\/www.rexxer.pl\\\/#organization\"},\"potentialAction\":[{\"@type\":\"SearchAction\",\"target\":{\"@type\":\"EntryPoint\",\"urlTemplate\":\"https:\\\/\\\/www.rexxer.pl\\\/?s={search_term_string}\"},\"query-input\":{\"@type\":\"PropertyValueSpecification\",\"valueRequired\":true,\"valueName\":\"search_term_string\"}}],\"inLanguage\":\"en-US\"},{\"@type\":\"Organization\",\"@id\":\"https:\\\/\\\/www.rexxer.pl\\\/#organization\",\"name\":\"Narz\u0119dzia REXXER - sklep online\",\"url\":\"https:\\\/\\\/www.rexxer.pl\\\/\",\"logo\":{\"@type\":\"ImageObject\",\"inLanguage\":\"en-US\",\"@id\":\"https:\\\/\\\/www.rexxer.pl\\\/#\\\/schema\\\/logo\\\/image\\\/\",\"url\":\"https:\\\/\\\/www.rexxer.pl\\\/wp-content\\\/uploads\\\/2025\\\/08\\\/logo.png\",\"contentUrl\":\"https:\\\/\\\/www.rexxer.pl\\\/wp-content\\\/uploads\\\/2025\\\/08\\\/logo.png\",\"width\":225,\"height\":114,\"caption\":\"Narz\u0119dzia REXXER - sklep online\"},\"image\":{\"@id\":\"https:\\\/\\\/www.rexxer.pl\\\/#\\\/schema\\\/logo\\\/image\\\/\"},\"sameAs\":[\"https:\\\/\\\/www.facebook.com\\\/Rexxertools\\\/\"]}]}<\/script>\n<!-- \/ Yoast SEO plugin. -->","yoast_head_json":{"title":"Przy\u0142bica spawalnicza samo\u015bciemniaj\u0105ca Premium - Narz\u0119dzia REXXER - sklep online","robots":{"index":"index","follow":"follow","max-snippet":"max-snippet:-1","max-image-preview":"max-image-preview:large","max-video-preview":"max-video-preview:-1"},"canonical":"https:\/\/www.rexxer.pl\/produkt\/przylbica-spawalnicza-samosciemniajaca-premium\/","og_locale":"en_US","og_type":"article","og_title":"Przy\u0142bica spawalnicza samo\u015bciemniaj\u0105ca Premium - Narz\u0119dzia REXXER - sklep online","og_description":"PRZY\u0141BICA SPAWALNICZA SAMO\u015aCIEMNIAJ\u0104CA PREMIUM SKU: RL-02-116 EAN: 5901180834070 Producent: REXXER Przy\u0142bica spawalnicza to produkt nale\u017c\u0105cy do kategorii produkt\u00f3w ochrony indywidualnej.","og_url":"https:\/\/www.rexxer.pl\/produkt\/przylbica-spawalnicza-samosciemniajaca-premium\/","og_site_name":"Narz\u0119dzia REXXER - sklep online","article_publisher":"https:\/\/www.facebook.com\/Rexxertools\/","article_modified_time":"2026-04-23T09:21:16+00:00","og_image":[{"width":1984,"height":1984,"url":"https:\/\/www.rexxer.pl\/wp-content\/uploads\/2026\/01\/d6f19ba8771ffb1b7a3dd0d2be80a834.jpg","type":"image\/jpeg"}],"twitter_card":"summary_large_image","twitter_misc":{"Est. reading time":"2 minutes"},"schema":{"@context":"https:\/\/schema.org","@graph":[{"@type":"WebPage","@id":"https:\/\/www.rexxer.pl\/produkt\/przylbica-spawalnicza-samosciemniajaca-premium\/","url":"https:\/\/www.rexxer.pl\/produkt\/przylbica-spawalnicza-samosciemniajaca-premium\/","name":"Przy\u0142bica spawalnicza samo\u015bciemniaj\u0105ca Premium - Narz\u0119dzia REXXER - sklep online","isPartOf":{"@id":"https:\/\/www.rexxer.pl\/#website"},"primaryImageOfPage":{"@id":"https:\/\/www.rexxer.pl\/produkt\/przylbica-spawalnicza-samosciemniajaca-premium\/#primaryimage"},"image":{"@id":"https:\/\/www.rexxer.pl\/produkt\/przylbica-spawalnicza-samosciemniajaca-premium\/#primaryimage"},"thumbnailUrl":"https:\/\/www.rexxer.pl\/wp-content\/uploads\/2026\/01\/d6f19ba8771ffb1b7a3dd0d2be80a834.jpg","datePublished":"2026-01-28T10:19:25+00:00","dateModified":"2026-04-23T09:21:16+00:00","breadcrumb":{"@id":"https:\/\/www.rexxer.pl\/produkt\/przylbica-spawalnicza-samosciemniajaca-premium\/#breadcrumb"},"inLanguage":"en-US","potentialAction":[{"@type":"ReadAction","target":["https:\/\/www.rexxer.pl\/produkt\/przylbica-spawalnicza-samosciemniajaca-premium\/"]}]},{"@type":"ImageObject","inLanguage":"en-US","@id":"https:\/\/www.rexxer.pl\/produkt\/przylbica-spawalnicza-samosciemniajaca-premium\/#primaryimage","url":"https:\/\/www.rexxer.pl\/wp-content\/uploads\/2026\/01\/d6f19ba8771ffb1b7a3dd0d2be80a834.jpg","contentUrl":"https:\/\/www.rexxer.pl\/wp-content\/uploads\/2026\/01\/d6f19ba8771ffb1b7a3dd0d2be80a834.jpg","width":1984,"height":1984,"caption":"33628aa9456676337e26efd3aca7d5ad"},{"@type":"BreadcrumbList","@id":"https:\/\/www.rexxer.pl\/produkt\/przylbica-spawalnicza-samosciemniajaca-premium\/#breadcrumb","itemListElement":[{"@type":"ListItem","position":1,"name":"Strona g\u0142\u00f3wna","item":"https:\/\/www.rexxer.pl\/en\/home\/"},{"@type":"ListItem","position":2,"name":"Sklep","item":"https:\/\/www.rexxer.pl\/sklep\/"},{"@type":"ListItem","position":3,"name":"Przy\u0142bica spawalnicza samo\u015bciemniaj\u0105ca Premium"}]},{"@type":"WebSite","@id":"https:\/\/www.rexxer.pl\/#website","url":"https:\/\/www.rexxer.pl\/","name":"Narz\u0119dzia REXXER - sklep online","description":"","publisher":{"@id":"https:\/\/www.rexxer.pl\/#organization"},"potentialAction":[{"@type":"SearchAction","target":{"@type":"EntryPoint","urlTemplate":"https:\/\/www.rexxer.pl\/?s={search_term_string}"},"query-input":{"@type":"PropertyValueSpecification","valueRequired":true,"valueName":"search_term_string"}}],"inLanguage":"en-US"},{"@type":"Organization","@id":"https:\/\/www.rexxer.pl\/#organization","name":"Narz\u0119dzia REXXER - sklep online","url":"https:\/\/www.rexxer.pl\/","logo":{"@type":"ImageObject","inLanguage":"en-US","@id":"https:\/\/www.rexxer.pl\/#\/schema\/logo\/image\/","url":"https:\/\/www.rexxer.pl\/wp-content\/uploads\/2025\/08\/logo.png","contentUrl":"https:\/\/www.rexxer.pl\/wp-content\/uploads\/2025\/08\/logo.png","width":225,"height":114,"caption":"Narz\u0119dzia REXXER - sklep online"},"image":{"@id":"https:\/\/www.rexxer.pl\/#\/schema\/logo\/image\/"},"sameAs":["https:\/\/www.facebook.com\/Rexxertools\/"]}]}},"_links":{"self":[{"href":"https:\/\/www.rexxer.pl\/en\/wp-json\/wp\/v2\/product\/88552","targetHints":{"allow":["GET"]}}],"collection":[{"href":"https:\/\/www.rexxer.pl\/en\/wp-json\/wp\/v2\/product"}],"about":[{"href":"https:\/\/www.rexxer.pl\/en\/wp-json\/wp\/v2\/types\/product"}],"replies":[{"embeddable":true,"href":"https:\/\/www.rexxer.pl\/en\/wp-json\/wp\/v2\/comments?post=88552"}],"version-history":[{"count":0,"href":"https:\/\/www.rexxer.pl\/en\/wp-json\/wp\/v2\/product\/88552\/revisions"}],"wp:featuredmedia":[{"embeddable":true,"href":"https:\/\/www.rexxer.pl\/en\/wp-json\/wp\/v2\/media\/88617"}],"wp:attachment":[{"href":"https:\/\/www.rexxer.pl\/en\/wp-json\/wp\/v2\/media?parent=88552"}],"wp:term":[{"taxonomy":"product_brand","embeddable":true,"href":"https:\/\/www.rexxer.pl\/en\/wp-json\/wp\/v2\/product_brand?post=88552"},{"taxonomy":"product_cat","embeddable":true,"href":"https:\/\/www.rexxer.pl\/en\/wp-json\/wp\/v2\/product_cat?post=88552"},{"taxonomy":"product_tag","embeddable":true,"href":"https:\/\/www.rexxer.pl\/en\/wp-json\/wp\/v2\/product_tag?post=88552"}],"curies":[{"name":"wp","href":"https:\/\/api.w.org\/{rel}","templated":true}]}}