{"id":88022,"date":"2026-01-16T07:25:36","date_gmt":"2026-01-16T06:25:36","guid":{"rendered":"https:\/\/www.rexxer.pl\/produkt\/dluto-plaskie-sds-40x250-mm\/"},"modified":"2026-05-08T18:59:13","modified_gmt":"2026-05-08T16:59:13","slug":"dluto-plaskie-sds-40x250-mm","status":"publish","type":"product","link":"https:\/\/www.rexxer.pl\/en\/produkt\/dluto-plaskie-sds-40x250-mm\/","title":{"rendered":"D\u0142uto p\u0142askie SDS+ 40\u00d7250 mm"},"content":{"rendered":"<section class=\"section\">\n<div class=\"item item-6\">\n<section class=\"image-item\"><\/section>\n<\/div>\n<div class=\"item item-6\">\n<section class=\"text-item\"><b>D\u0141UTO P\u0141ASKIE SDS+ 40X250 MM<\/b><\/p>\n<ul>\n<li>SKU: RG-02-336<\/li>\n<li>EAN: 5901180802345<\/li>\n<li>Producent: REXXER<\/li>\n<li>Model: REXXER<\/li>\n<\/ul>\n<p>D\u0142uto p\u0142askie SDS+ to narz\u0119dzie s\u0142u\u017c\u0105cego do wiercenia otwor\u00f3w w betonie, cegle i kamieniu czy te\u017c przecinania, bruzdowania oraz przebijania konstrukcji betonowych. Szeroko\u015b\u0107 cz\u0119\u015bci roboczej to 40 mm, a 250 mm to d\u0142ugo\u015b\u0107 ca\u0142kowita narz\u0119dzia. D\u0142uto p\u0142askie jest specjalnie zaprojektowane do wiercenia p\u0142askich otwor\u00f3w, zw\u0142aszcza tych, w kt\u00f3rych potrzebna jest precyzja w wymiarach.<\/p>\n<p>Zalety d\u0142uta p\u0142askiego SDS+ 40&#215;250 mm to:<\/p>\n<ul>\n<li>Precyzja w wierceniu p\u0142askich otwor\u00f3w, dzi\u0119ki specjalnemu kszta\u0142towi i wymiarom ko\u0144c\u00f3wki<\/li>\n<li>Szybko\u015b\u0107 i \u0142atwo\u015b\u0107 wiercenia, dzi\u0119ki specjalnemu systemowi mocowania ko\u0144c\u00f3wki (SDS+)<\/li>\n<li>Wysoka trwa\u0142o\u015b\u0107 i odporno\u015b\u0107 na zu\u017cycie, dzi\u0119ki wykonaniu z wysokiej jako\u015bci stali<\/li>\n<li>Du\u017ca zakresu zastosowa\u0144, zar\u00f3wno w pracach wyko\u0144czeniowych jak i przy monta\u017cach elektrycznych czy instalacyjnych.<\/li>\n<\/ul>\n<\/section>\n<\/div>\n<\/section>\n<section class=\"section\">\n<div class=\"item item-6\">\n<section class=\"text-item\"><b>Dane techniczne<\/b><\/p>\n<ul>\n<li>Szeroko\u015b\u0107:\u00a0<b>[H] 40 mm<\/b><\/li>\n<li>D\u0142ugo\u015b\u0107:\u00a0<b>[L] 250 mm<\/b><\/li>\n<li>Uchwyt:\u00a0<b>SDS+<\/b><\/li>\n<\/ul>\n<\/section>\n<\/div>\n<\/section>\n","protected":false},"excerpt":{"rendered":"<p>D\u0141UTO P\u0141ASKIE SDS+ 40X250 MM SKU: RG-02-336 EAN: 5901180802345 Producent: REXXER Model: REXXER D\u0142uto p\u0142askie SDS+ to narz\u0119dzie s\u0142u\u017c\u0105cego do<\/p>\n","protected":false},"featured_media":88020,"comment_status":"open","ping_status":"closed","template":"","meta":[],"product_brand":[],"product_cat":[457,493],"product_tag":[],"class_list":{"0":"post-88022","1":"product","2":"type-product","3":"status-publish","4":"has-post-thumbnail","6":"product_cat-akcesoria","7":"product_cat-dluta-sds","9":"first","10":"instock","11":"taxable","12":"shipping-taxable","13":"purchasable","14":"product-type-simple"},"yoast_head":"<!-- This site is optimized with the Yoast SEO plugin v27.5 - https:\/\/yoast.com\/product\/yoast-seo-wordpress\/ -->\n<title>D\u0142uto p\u0142askie SDS+ 40\u00d7250 mm - Narz\u0119dzia REXXER - sklep online<\/title>\n<meta name=\"robots\" content=\"index, follow, max-snippet:-1, max-image-preview:large, max-video-preview:-1\" \/>\n<link rel=\"canonical\" href=\"https:\/\/www.rexxer.pl\/produkt\/dluto-plaskie-sds-40x250-mm\/\" \/>\n<meta property=\"og:locale\" content=\"en_US\" \/>\n<meta property=\"og:type\" content=\"article\" \/>\n<meta property=\"og:title\" content=\"D\u0142uto p\u0142askie SDS+ 40\u00d7250 mm - Narz\u0119dzia REXXER - sklep online\" \/>\n<meta property=\"og:description\" content=\"D\u0141UTO P\u0141ASKIE SDS+ 40X250 MM SKU: RG-02-336 EAN: 5901180802345 Producent: REXXER Model: REXXER D\u0142uto p\u0142askie SDS+ to narz\u0119dzie s\u0142u\u017c\u0105cego do\" \/>\n<meta property=\"og:url\" content=\"https:\/\/www.rexxer.pl\/produkt\/dluto-plaskie-sds-40x250-mm\/\" \/>\n<meta property=\"og:site_name\" content=\"Narz\u0119dzia REXXER - sklep online\" \/>\n<meta property=\"article:publisher\" content=\"https:\/\/www.facebook.com\/Rexxertools\/\" \/>\n<meta property=\"article:modified_time\" content=\"2026-05-08T16:59:13+00:00\" \/>\n<meta property=\"og:image\" content=\"https:\/\/www.rexxer.pl\/wp-content\/uploads\/2026\/01\/a54b177a6532470f070e96b39cabd6df.jpg\" \/>\n\t<meta property=\"og:image:width\" content=\"1294\" \/>\n\t<meta property=\"og:image:height\" content=\"1294\" \/>\n\t<meta property=\"og:image:type\" content=\"image\/jpeg\" \/>\n<meta name=\"twitter:card\" content=\"summary_large_image\" \/>\n<meta name=\"twitter:label1\" content=\"Est. reading time\" \/>\n\t<meta name=\"twitter:data1\" content=\"1 minute\" \/>\n<script type=\"application\/ld+json\" class=\"yoast-schema-graph\">{\"@context\":\"https:\\\/\\\/schema.org\",\"@graph\":[{\"@type\":\"WebPage\",\"@id\":\"https:\\\/\\\/www.rexxer.pl\\\/produkt\\\/dluto-plaskie-sds-40x250-mm\\\/\",\"url\":\"https:\\\/\\\/www.rexxer.pl\\\/produkt\\\/dluto-plaskie-sds-40x250-mm\\\/\",\"name\":\"D\u0142uto p\u0142askie SDS+ 40\u00d7250 mm - Narz\u0119dzia REXXER - sklep online\",\"isPartOf\":{\"@id\":\"https:\\\/\\\/www.rexxer.pl\\\/#website\"},\"primaryImageOfPage\":{\"@id\":\"https:\\\/\\\/www.rexxer.pl\\\/produkt\\\/dluto-plaskie-sds-40x250-mm\\\/#primaryimage\"},\"image\":{\"@id\":\"https:\\\/\\\/www.rexxer.pl\\\/produkt\\\/dluto-plaskie-sds-40x250-mm\\\/#primaryimage\"},\"thumbnailUrl\":\"https:\\\/\\\/www.rexxer.pl\\\/wp-content\\\/uploads\\\/2026\\\/01\\\/a54b177a6532470f070e96b39cabd6df.jpg\",\"datePublished\":\"2026-01-16T06:25:36+00:00\",\"dateModified\":\"2026-05-08T16:59:13+00:00\",\"breadcrumb\":{\"@id\":\"https:\\\/\\\/www.rexxer.pl\\\/produkt\\\/dluto-plaskie-sds-40x250-mm\\\/#breadcrumb\"},\"inLanguage\":\"en-US\",\"potentialAction\":[{\"@type\":\"ReadAction\",\"target\":[\"https:\\\/\\\/www.rexxer.pl\\\/produkt\\\/dluto-plaskie-sds-40x250-mm\\\/\"]}]},{\"@type\":\"ImageObject\",\"inLanguage\":\"en-US\",\"@id\":\"https:\\\/\\\/www.rexxer.pl\\\/produkt\\\/dluto-plaskie-sds-40x250-mm\\\/#primaryimage\",\"url\":\"https:\\\/\\\/www.rexxer.pl\\\/wp-content\\\/uploads\\\/2026\\\/01\\\/a54b177a6532470f070e96b39cabd6df.jpg\",\"contentUrl\":\"https:\\\/\\\/www.rexxer.pl\\\/wp-content\\\/uploads\\\/2026\\\/01\\\/a54b177a6532470f070e96b39cabd6df.jpg\",\"width\":1294,\"height\":1294},{\"@type\":\"BreadcrumbList\",\"@id\":\"https:\\\/\\\/www.rexxer.pl\\\/produkt\\\/dluto-plaskie-sds-40x250-mm\\\/#breadcrumb\",\"itemListElement\":[{\"@type\":\"ListItem\",\"position\":1,\"name\":\"Strona g\u0142\u00f3wna\",\"item\":\"https:\\\/\\\/www.rexxer.pl\\\/en\\\/home\\\/\"},{\"@type\":\"ListItem\",\"position\":2,\"name\":\"Sklep\",\"item\":\"https:\\\/\\\/www.rexxer.pl\\\/sklep\\\/\"},{\"@type\":\"ListItem\",\"position\":3,\"name\":\"D\u0142uto p\u0142askie SDS+ 40\u00d7250 mm\"}]},{\"@type\":\"WebSite\",\"@id\":\"https:\\\/\\\/www.rexxer.pl\\\/#website\",\"url\":\"https:\\\/\\\/www.rexxer.pl\\\/\",\"name\":\"Narz\u0119dzia REXXER - sklep online\",\"description\":\"\",\"publisher\":{\"@id\":\"https:\\\/\\\/www.rexxer.pl\\\/#organization\"},\"potentialAction\":[{\"@type\":\"SearchAction\",\"target\":{\"@type\":\"EntryPoint\",\"urlTemplate\":\"https:\\\/\\\/www.rexxer.pl\\\/?s={search_term_string}\"},\"query-input\":{\"@type\":\"PropertyValueSpecification\",\"valueRequired\":true,\"valueName\":\"search_term_string\"}}],\"inLanguage\":\"en-US\"},{\"@type\":\"Organization\",\"@id\":\"https:\\\/\\\/www.rexxer.pl\\\/#organization\",\"name\":\"Narz\u0119dzia REXXER - sklep online\",\"url\":\"https:\\\/\\\/www.rexxer.pl\\\/\",\"logo\":{\"@type\":\"ImageObject\",\"inLanguage\":\"en-US\",\"@id\":\"https:\\\/\\\/www.rexxer.pl\\\/#\\\/schema\\\/logo\\\/image\\\/\",\"url\":\"https:\\\/\\\/www.rexxer.pl\\\/wp-content\\\/uploads\\\/2025\\\/08\\\/logo.png\",\"contentUrl\":\"https:\\\/\\\/www.rexxer.pl\\\/wp-content\\\/uploads\\\/2025\\\/08\\\/logo.png\",\"width\":225,\"height\":114,\"caption\":\"Narz\u0119dzia REXXER - sklep online\"},\"image\":{\"@id\":\"https:\\\/\\\/www.rexxer.pl\\\/#\\\/schema\\\/logo\\\/image\\\/\"},\"sameAs\":[\"https:\\\/\\\/www.facebook.com\\\/Rexxertools\\\/\"]}]}<\/script>\n<!-- \/ Yoast SEO plugin. -->","yoast_head_json":{"title":"D\u0142uto p\u0142askie SDS+ 40\u00d7250 mm - Narz\u0119dzia REXXER - sklep online","robots":{"index":"index","follow":"follow","max-snippet":"max-snippet:-1","max-image-preview":"max-image-preview:large","max-video-preview":"max-video-preview:-1"},"canonical":"https:\/\/www.rexxer.pl\/produkt\/dluto-plaskie-sds-40x250-mm\/","og_locale":"en_US","og_type":"article","og_title":"D\u0142uto p\u0142askie SDS+ 40\u00d7250 mm - Narz\u0119dzia REXXER - sklep online","og_description":"D\u0141UTO P\u0141ASKIE SDS+ 40X250 MM SKU: RG-02-336 EAN: 5901180802345 Producent: REXXER Model: REXXER D\u0142uto p\u0142askie SDS+ to narz\u0119dzie s\u0142u\u017c\u0105cego do","og_url":"https:\/\/www.rexxer.pl\/produkt\/dluto-plaskie-sds-40x250-mm\/","og_site_name":"Narz\u0119dzia REXXER - sklep online","article_publisher":"https:\/\/www.facebook.com\/Rexxertools\/","article_modified_time":"2026-05-08T16:59:13+00:00","og_image":[{"width":1294,"height":1294,"url":"https:\/\/www.rexxer.pl\/wp-content\/uploads\/2026\/01\/a54b177a6532470f070e96b39cabd6df.jpg","type":"image\/jpeg"}],"twitter_card":"summary_large_image","twitter_misc":{"Est. reading time":"1 minute"},"schema":{"@context":"https:\/\/schema.org","@graph":[{"@type":"WebPage","@id":"https:\/\/www.rexxer.pl\/produkt\/dluto-plaskie-sds-40x250-mm\/","url":"https:\/\/www.rexxer.pl\/produkt\/dluto-plaskie-sds-40x250-mm\/","name":"D\u0142uto p\u0142askie SDS+ 40\u00d7250 mm - Narz\u0119dzia REXXER - sklep online","isPartOf":{"@id":"https:\/\/www.rexxer.pl\/#website"},"primaryImageOfPage":{"@id":"https:\/\/www.rexxer.pl\/produkt\/dluto-plaskie-sds-40x250-mm\/#primaryimage"},"image":{"@id":"https:\/\/www.rexxer.pl\/produkt\/dluto-plaskie-sds-40x250-mm\/#primaryimage"},"thumbnailUrl":"https:\/\/www.rexxer.pl\/wp-content\/uploads\/2026\/01\/a54b177a6532470f070e96b39cabd6df.jpg","datePublished":"2026-01-16T06:25:36+00:00","dateModified":"2026-05-08T16:59:13+00:00","breadcrumb":{"@id":"https:\/\/www.rexxer.pl\/produkt\/dluto-plaskie-sds-40x250-mm\/#breadcrumb"},"inLanguage":"en-US","potentialAction":[{"@type":"ReadAction","target":["https:\/\/www.rexxer.pl\/produkt\/dluto-plaskie-sds-40x250-mm\/"]}]},{"@type":"ImageObject","inLanguage":"en-US","@id":"https:\/\/www.rexxer.pl\/produkt\/dluto-plaskie-sds-40x250-mm\/#primaryimage","url":"https:\/\/www.rexxer.pl\/wp-content\/uploads\/2026\/01\/a54b177a6532470f070e96b39cabd6df.jpg","contentUrl":"https:\/\/www.rexxer.pl\/wp-content\/uploads\/2026\/01\/a54b177a6532470f070e96b39cabd6df.jpg","width":1294,"height":1294},{"@type":"BreadcrumbList","@id":"https:\/\/www.rexxer.pl\/produkt\/dluto-plaskie-sds-40x250-mm\/#breadcrumb","itemListElement":[{"@type":"ListItem","position":1,"name":"Strona g\u0142\u00f3wna","item":"https:\/\/www.rexxer.pl\/en\/home\/"},{"@type":"ListItem","position":2,"name":"Sklep","item":"https:\/\/www.rexxer.pl\/sklep\/"},{"@type":"ListItem","position":3,"name":"D\u0142uto p\u0142askie SDS+ 40\u00d7250 mm"}]},{"@type":"WebSite","@id":"https:\/\/www.rexxer.pl\/#website","url":"https:\/\/www.rexxer.pl\/","name":"Narz\u0119dzia REXXER - sklep online","description":"","publisher":{"@id":"https:\/\/www.rexxer.pl\/#organization"},"potentialAction":[{"@type":"SearchAction","target":{"@type":"EntryPoint","urlTemplate":"https:\/\/www.rexxer.pl\/?s={search_term_string}"},"query-input":{"@type":"PropertyValueSpecification","valueRequired":true,"valueName":"search_term_string"}}],"inLanguage":"en-US"},{"@type":"Organization","@id":"https:\/\/www.rexxer.pl\/#organization","name":"Narz\u0119dzia REXXER - sklep online","url":"https:\/\/www.rexxer.pl\/","logo":{"@type":"ImageObject","inLanguage":"en-US","@id":"https:\/\/www.rexxer.pl\/#\/schema\/logo\/image\/","url":"https:\/\/www.rexxer.pl\/wp-content\/uploads\/2025\/08\/logo.png","contentUrl":"https:\/\/www.rexxer.pl\/wp-content\/uploads\/2025\/08\/logo.png","width":225,"height":114,"caption":"Narz\u0119dzia REXXER - sklep online"},"image":{"@id":"https:\/\/www.rexxer.pl\/#\/schema\/logo\/image\/"},"sameAs":["https:\/\/www.facebook.com\/Rexxertools\/"]}]}},"_links":{"self":[{"href":"https:\/\/www.rexxer.pl\/en\/wp-json\/wp\/v2\/product\/88022","targetHints":{"allow":["GET"]}}],"collection":[{"href":"https:\/\/www.rexxer.pl\/en\/wp-json\/wp\/v2\/product"}],"about":[{"href":"https:\/\/www.rexxer.pl\/en\/wp-json\/wp\/v2\/types\/product"}],"replies":[{"embeddable":true,"href":"https:\/\/www.rexxer.pl\/en\/wp-json\/wp\/v2\/comments?post=88022"}],"version-history":[{"count":0,"href":"https:\/\/www.rexxer.pl\/en\/wp-json\/wp\/v2\/product\/88022\/revisions"}],"wp:featuredmedia":[{"embeddable":true,"href":"https:\/\/www.rexxer.pl\/en\/wp-json\/wp\/v2\/media\/88020"}],"wp:attachment":[{"href":"https:\/\/www.rexxer.pl\/en\/wp-json\/wp\/v2\/media?parent=88022"}],"wp:term":[{"taxonomy":"product_brand","embeddable":true,"href":"https:\/\/www.rexxer.pl\/en\/wp-json\/wp\/v2\/product_brand?post=88022"},{"taxonomy":"product_cat","embeddable":true,"href":"https:\/\/www.rexxer.pl\/en\/wp-json\/wp\/v2\/product_cat?post=88022"},{"taxonomy":"product_tag","embeddable":true,"href":"https:\/\/www.rexxer.pl\/en\/wp-json\/wp\/v2\/product_tag?post=88022"}],"curies":[{"name":"wp","href":"https:\/\/api.w.org\/{rel}","templated":true}]}}