{"id":84082,"date":"2025-11-25T08:59:57","date_gmt":"2025-11-25T07:59:57","guid":{"rendered":"https:\/\/www.rexxer.pl\/produkt\/kompresor-olejowy-24-l-8-bar-ferrua\/"},"modified":"2026-03-24T17:49:11","modified_gmt":"2026-03-24T16:49:11","slug":"kompresor-olejowy-24-l-8-bar-ferrua","status":"publish","type":"product","link":"https:\/\/www.rexxer.pl\/en\/produkt\/kompresor-olejowy-24-l-8-bar-ferrua\/","title":{"rendered":"Kompresor olejowy FERRUA 24L 8 Bar"},"content":{"rendered":"<p><strong>Kompresor olejowy FERRUA 24 L<\/strong><\/p>\n<p>Kompresor o pojemno\u015bci <strong>24 litr\u00f3w<\/strong> i maksymalnym ci\u015bnieniu <strong>8 bar<\/strong> to idealne rozwi\u0105zanie dla ka\u017cdego pasjonata majsterkowania i profesjonalisty! Dzi\u0119ki swojej <strong>wydajno\u015bci<\/strong> i <strong>wszechstronno\u015bci<\/strong>, ten kompresor zaspokoi potrzeby r\u00f3\u017cnych zastosowa\u0144.<\/p>\n<p>Oto, co otrzymujesz inwestuj\u0105c w FERRUA:<\/p>\n<ul>\n<li><strong>Skuteczne zasilanie<\/strong> narz\u0119dzi pneumatycznych: kluczy, wiertarek, szlifierek.<\/li>\n<li>Idealny do <strong>aplikacji malarskich<\/strong> i <strong>przedmuchiwania<\/strong>.<\/li>\n<li><strong>Stabilna i niezawodna praca<\/strong>, zar\u00f3wno w domowym u\u017cytku, jak i w ma\u0142ym warsztacie.<\/li>\n<li>Konstrukcja zapewniaj\u0105ca <strong>d\u0142ugotrwa\u0142e u\u017cytkowanie<\/strong>.<\/li>\n<li><strong>Olejowy mechanizm spr\u0119\u017cania<\/strong> redukuj\u0105cy ha\u0142as oraz wyd\u0142u\u017caj\u0105cy \u017cywotno\u015b\u0107 urz\u0105dzenia.<\/li>\n<\/ul>\n<p>Wybieraj\u0105c <strong>kompresor FERRUA<\/strong>, inwestujesz w narz\u0119dzie, kt\u00f3re dostarcza <strong>efektywno\u015bci<\/strong> i <strong>wydajno\u015bci<\/strong> niezb\u0119dnej w codziennych pracach, niezale\u017cnie od ich rodzaju. Nie czekaj, stw\u00f3rz swoje wymarzone miejsce pracy ju\u017c dzi\u015b!<\/p>\n<p><font style=\"font-size: 14px\"><b>Dane techniczne:<\/b><\/font><\/p>\n<ul>\n<li><font style=\"font-size: 14px\"><b>model\u00a0<\/b>RC1\/24\u00a0<b>olejowy<\/b><\/font><\/li>\n<li><font style=\"font-size: 14px\">moc znamionowa 1100W \/\u00a0<b>1.5KM<\/b><\/font><\/li>\n<li><font style=\"font-size: 14px\">silnik jednot\u0142okowy<\/font><\/li>\n<li><font style=\"font-size: 14px\">napi\u0119cie zasilania 220-240V, 50 Hz<\/font><\/li>\n<li><font style=\"font-size: 14px\">pr\u0119dko\u015b\u0107 obrotowa 2850 obr.\/min<\/font><\/li>\n<li><font style=\"font-size: 14px\">pojemno\u015b\u0107 zbiornika\u00a0<b>24 litr\u00f3w<\/b><\/font><\/li>\n<li><font style=\"font-size: 14px\">maksymalne ci\u015bnienie robocze\u00a0<b>8 bar<\/b><\/font><\/li>\n<li><font style=\"font-size: 14px\">wydajno\u015b\u0107 efektywna 190 L\/min<\/font><\/li>\n<li><font style=\"font-size: 14px\">gwaranrowany poziom mocy akustycznej LwA 94 dB (A)<\/font><\/li>\n<li><font style=\"font-size: 14px\">rozmiar szybkoz\u0142\u0105czki\u00a0<b>1\/4\u201d<\/b><\/font><\/li>\n<li><font style=\"font-size: 14px\">waga\u00a0<b>22.5 kg<\/b><\/font><\/li>\n<\/ul>\n<p><b><font style=\"font-size: 14px\">Wymiary opakowania:<\/font><\/b><\/p>\n<ul>\n<li><font style=\"font-size: 14px\">wysoko\u015b\u0107 <b>57 cm<\/b><\/font><\/li>\n<li><font style=\"font-size: 14px\">szeroko\u015b\u0107 <b>26 cm<\/b><\/font><\/li>\n<li><font style=\"font-size: 14px\">d\u0142ugo\u015b\u0107 <b>57 cm<\/b><\/font><\/li>\n<\/ul>\n<p><\/p>\n","protected":false},"excerpt":{"rendered":"<p>Kompresor olejowy FERRUA 24 L Kompresor o pojemno\u015bci 24 litr\u00f3w i maksymalnym ci\u015bnieniu 8 bar to idealne rozwi\u0105zanie dla ka\u017cdego<\/p>\n","protected":false},"featured_media":84446,"comment_status":"open","ping_status":"closed","template":"","meta":[],"product_brand":[],"product_cat":[313,325],"product_tag":[],"class_list":{"0":"post-84082","1":"product","2":"type-product","3":"status-publish","4":"has-post-thumbnail","6":"product_cat-elektronarzedzia","7":"product_cat-kompresory","8":"product_shipping_class-duze-produkty","10":"first","11":"instock","12":"sale","13":"taxable","14":"shipping-taxable","15":"purchasable","16":"product-type-simple"},"yoast_head":"<!-- This site is optimized with the Yoast SEO plugin v27.5 - https:\/\/yoast.com\/product\/yoast-seo-wordpress\/ -->\n<title>Kompresor olejowy FERRUA 24L 8 Bar - Narz\u0119dzia REXXER - sklep online<\/title>\n<meta name=\"robots\" content=\"index, follow, max-snippet:-1, max-image-preview:large, max-video-preview:-1\" \/>\n<link rel=\"canonical\" href=\"https:\/\/www.rexxer.pl\/produkt\/kompresor-olejowy-24-l-8-bar-ferrua\/\" \/>\n<meta property=\"og:locale\" content=\"en_US\" \/>\n<meta property=\"og:type\" content=\"article\" \/>\n<meta property=\"og:title\" content=\"Kompresor olejowy FERRUA 24L 8 Bar - Narz\u0119dzia REXXER - sklep online\" \/>\n<meta property=\"og:description\" content=\"Kompresor olejowy FERRUA 24 L Kompresor o pojemno\u015bci 24 litr\u00f3w i maksymalnym ci\u015bnieniu 8 bar to idealne rozwi\u0105zanie dla ka\u017cdego\" \/>\n<meta property=\"og:url\" content=\"https:\/\/www.rexxer.pl\/produkt\/kompresor-olejowy-24-l-8-bar-ferrua\/\" \/>\n<meta property=\"og:site_name\" content=\"Narz\u0119dzia REXXER - sklep online\" \/>\n<meta property=\"article:publisher\" content=\"https:\/\/www.facebook.com\/Rexxertools\/\" \/>\n<meta property=\"article:modified_time\" content=\"2026-03-24T16:49:11+00:00\" \/>\n<meta property=\"og:image\" content=\"https:\/\/www.rexxer.pl\/wp-content\/uploads\/2025\/11\/89c4f6f80886045363c4ad428d230d3a.jpg\" \/>\n\t<meta property=\"og:image:width\" content=\"1417\" \/>\n\t<meta property=\"og:image:height\" content=\"1417\" \/>\n\t<meta property=\"og:image:type\" content=\"image\/jpeg\" \/>\n<meta name=\"twitter:card\" content=\"summary_large_image\" \/>\n<meta name=\"twitter:label1\" content=\"Est. reading time\" \/>\n\t<meta name=\"twitter:data1\" content=\"1 minute\" \/>\n<script type=\"application\/ld+json\" class=\"yoast-schema-graph\">{\"@context\":\"https:\\\/\\\/schema.org\",\"@graph\":[{\"@type\":\"WebPage\",\"@id\":\"https:\\\/\\\/www.rexxer.pl\\\/produkt\\\/kompresor-olejowy-24-l-8-bar-ferrua\\\/\",\"url\":\"https:\\\/\\\/www.rexxer.pl\\\/produkt\\\/kompresor-olejowy-24-l-8-bar-ferrua\\\/\",\"name\":\"Kompresor olejowy FERRUA 24L 8 Bar - Narz\u0119dzia REXXER - sklep online\",\"isPartOf\":{\"@id\":\"https:\\\/\\\/www.rexxer.pl\\\/#website\"},\"primaryImageOfPage\":{\"@id\":\"https:\\\/\\\/www.rexxer.pl\\\/produkt\\\/kompresor-olejowy-24-l-8-bar-ferrua\\\/#primaryimage\"},\"image\":{\"@id\":\"https:\\\/\\\/www.rexxer.pl\\\/produkt\\\/kompresor-olejowy-24-l-8-bar-ferrua\\\/#primaryimage\"},\"thumbnailUrl\":\"https:\\\/\\\/www.rexxer.pl\\\/wp-content\\\/uploads\\\/2025\\\/11\\\/89c4f6f80886045363c4ad428d230d3a.jpg\",\"datePublished\":\"2025-11-25T07:59:57+00:00\",\"dateModified\":\"2026-03-24T16:49:11+00:00\",\"breadcrumb\":{\"@id\":\"https:\\\/\\\/www.rexxer.pl\\\/produkt\\\/kompresor-olejowy-24-l-8-bar-ferrua\\\/#breadcrumb\"},\"inLanguage\":\"en-US\",\"potentialAction\":[{\"@type\":\"ReadAction\",\"target\":[\"https:\\\/\\\/www.rexxer.pl\\\/produkt\\\/kompresor-olejowy-24-l-8-bar-ferrua\\\/\"]}]},{\"@type\":\"ImageObject\",\"inLanguage\":\"en-US\",\"@id\":\"https:\\\/\\\/www.rexxer.pl\\\/produkt\\\/kompresor-olejowy-24-l-8-bar-ferrua\\\/#primaryimage\",\"url\":\"https:\\\/\\\/www.rexxer.pl\\\/wp-content\\\/uploads\\\/2025\\\/11\\\/89c4f6f80886045363c4ad428d230d3a.jpg\",\"contentUrl\":\"https:\\\/\\\/www.rexxer.pl\\\/wp-content\\\/uploads\\\/2025\\\/11\\\/89c4f6f80886045363c4ad428d230d3a.jpg\",\"width\":1417,\"height\":1417},{\"@type\":\"BreadcrumbList\",\"@id\":\"https:\\\/\\\/www.rexxer.pl\\\/produkt\\\/kompresor-olejowy-24-l-8-bar-ferrua\\\/#breadcrumb\",\"itemListElement\":[{\"@type\":\"ListItem\",\"position\":1,\"name\":\"Strona g\u0142\u00f3wna\",\"item\":\"https:\\\/\\\/www.rexxer.pl\\\/en\\\/home\\\/\"},{\"@type\":\"ListItem\",\"position\":2,\"name\":\"Sklep\",\"item\":\"https:\\\/\\\/www.rexxer.pl\\\/sklep\\\/\"},{\"@type\":\"ListItem\",\"position\":3,\"name\":\"Kompresor olejowy FERRUA 24L 8 Bar\"}]},{\"@type\":\"WebSite\",\"@id\":\"https:\\\/\\\/www.rexxer.pl\\\/#website\",\"url\":\"https:\\\/\\\/www.rexxer.pl\\\/\",\"name\":\"Narz\u0119dzia REXXER - sklep online\",\"description\":\"\",\"publisher\":{\"@id\":\"https:\\\/\\\/www.rexxer.pl\\\/#organization\"},\"potentialAction\":[{\"@type\":\"SearchAction\",\"target\":{\"@type\":\"EntryPoint\",\"urlTemplate\":\"https:\\\/\\\/www.rexxer.pl\\\/?s={search_term_string}\"},\"query-input\":{\"@type\":\"PropertyValueSpecification\",\"valueRequired\":true,\"valueName\":\"search_term_string\"}}],\"inLanguage\":\"en-US\"},{\"@type\":\"Organization\",\"@id\":\"https:\\\/\\\/www.rexxer.pl\\\/#organization\",\"name\":\"Narz\u0119dzia REXXER - sklep online\",\"url\":\"https:\\\/\\\/www.rexxer.pl\\\/\",\"logo\":{\"@type\":\"ImageObject\",\"inLanguage\":\"en-US\",\"@id\":\"https:\\\/\\\/www.rexxer.pl\\\/#\\\/schema\\\/logo\\\/image\\\/\",\"url\":\"https:\\\/\\\/www.rexxer.pl\\\/wp-content\\\/uploads\\\/2025\\\/08\\\/logo.png\",\"contentUrl\":\"https:\\\/\\\/www.rexxer.pl\\\/wp-content\\\/uploads\\\/2025\\\/08\\\/logo.png\",\"width\":225,\"height\":114,\"caption\":\"Narz\u0119dzia REXXER - sklep online\"},\"image\":{\"@id\":\"https:\\\/\\\/www.rexxer.pl\\\/#\\\/schema\\\/logo\\\/image\\\/\"},\"sameAs\":[\"https:\\\/\\\/www.facebook.com\\\/Rexxertools\\\/\"]}]}<\/script>\n<!-- \/ Yoast SEO plugin. -->","yoast_head_json":{"title":"Kompresor olejowy FERRUA 24L 8 Bar - Narz\u0119dzia REXXER - sklep online","robots":{"index":"index","follow":"follow","max-snippet":"max-snippet:-1","max-image-preview":"max-image-preview:large","max-video-preview":"max-video-preview:-1"},"canonical":"https:\/\/www.rexxer.pl\/produkt\/kompresor-olejowy-24-l-8-bar-ferrua\/","og_locale":"en_US","og_type":"article","og_title":"Kompresor olejowy FERRUA 24L 8 Bar - Narz\u0119dzia REXXER - sklep online","og_description":"Kompresor olejowy FERRUA 24 L Kompresor o pojemno\u015bci 24 litr\u00f3w i maksymalnym ci\u015bnieniu 8 bar to idealne rozwi\u0105zanie dla ka\u017cdego","og_url":"https:\/\/www.rexxer.pl\/produkt\/kompresor-olejowy-24-l-8-bar-ferrua\/","og_site_name":"Narz\u0119dzia REXXER - sklep online","article_publisher":"https:\/\/www.facebook.com\/Rexxertools\/","article_modified_time":"2026-03-24T16:49:11+00:00","og_image":[{"width":1417,"height":1417,"url":"https:\/\/www.rexxer.pl\/wp-content\/uploads\/2025\/11\/89c4f6f80886045363c4ad428d230d3a.jpg","type":"image\/jpeg"}],"twitter_card":"summary_large_image","twitter_misc":{"Est. reading time":"1 minute"},"schema":{"@context":"https:\/\/schema.org","@graph":[{"@type":"WebPage","@id":"https:\/\/www.rexxer.pl\/produkt\/kompresor-olejowy-24-l-8-bar-ferrua\/","url":"https:\/\/www.rexxer.pl\/produkt\/kompresor-olejowy-24-l-8-bar-ferrua\/","name":"Kompresor olejowy FERRUA 24L 8 Bar - Narz\u0119dzia REXXER - sklep online","isPartOf":{"@id":"https:\/\/www.rexxer.pl\/#website"},"primaryImageOfPage":{"@id":"https:\/\/www.rexxer.pl\/produkt\/kompresor-olejowy-24-l-8-bar-ferrua\/#primaryimage"},"image":{"@id":"https:\/\/www.rexxer.pl\/produkt\/kompresor-olejowy-24-l-8-bar-ferrua\/#primaryimage"},"thumbnailUrl":"https:\/\/www.rexxer.pl\/wp-content\/uploads\/2025\/11\/89c4f6f80886045363c4ad428d230d3a.jpg","datePublished":"2025-11-25T07:59:57+00:00","dateModified":"2026-03-24T16:49:11+00:00","breadcrumb":{"@id":"https:\/\/www.rexxer.pl\/produkt\/kompresor-olejowy-24-l-8-bar-ferrua\/#breadcrumb"},"inLanguage":"en-US","potentialAction":[{"@type":"ReadAction","target":["https:\/\/www.rexxer.pl\/produkt\/kompresor-olejowy-24-l-8-bar-ferrua\/"]}]},{"@type":"ImageObject","inLanguage":"en-US","@id":"https:\/\/www.rexxer.pl\/produkt\/kompresor-olejowy-24-l-8-bar-ferrua\/#primaryimage","url":"https:\/\/www.rexxer.pl\/wp-content\/uploads\/2025\/11\/89c4f6f80886045363c4ad428d230d3a.jpg","contentUrl":"https:\/\/www.rexxer.pl\/wp-content\/uploads\/2025\/11\/89c4f6f80886045363c4ad428d230d3a.jpg","width":1417,"height":1417},{"@type":"BreadcrumbList","@id":"https:\/\/www.rexxer.pl\/produkt\/kompresor-olejowy-24-l-8-bar-ferrua\/#breadcrumb","itemListElement":[{"@type":"ListItem","position":1,"name":"Strona g\u0142\u00f3wna","item":"https:\/\/www.rexxer.pl\/en\/home\/"},{"@type":"ListItem","position":2,"name":"Sklep","item":"https:\/\/www.rexxer.pl\/sklep\/"},{"@type":"ListItem","position":3,"name":"Kompresor olejowy FERRUA 24L 8 Bar"}]},{"@type":"WebSite","@id":"https:\/\/www.rexxer.pl\/#website","url":"https:\/\/www.rexxer.pl\/","name":"Narz\u0119dzia REXXER - sklep online","description":"","publisher":{"@id":"https:\/\/www.rexxer.pl\/#organization"},"potentialAction":[{"@type":"SearchAction","target":{"@type":"EntryPoint","urlTemplate":"https:\/\/www.rexxer.pl\/?s={search_term_string}"},"query-input":{"@type":"PropertyValueSpecification","valueRequired":true,"valueName":"search_term_string"}}],"inLanguage":"en-US"},{"@type":"Organization","@id":"https:\/\/www.rexxer.pl\/#organization","name":"Narz\u0119dzia REXXER - sklep online","url":"https:\/\/www.rexxer.pl\/","logo":{"@type":"ImageObject","inLanguage":"en-US","@id":"https:\/\/www.rexxer.pl\/#\/schema\/logo\/image\/","url":"https:\/\/www.rexxer.pl\/wp-content\/uploads\/2025\/08\/logo.png","contentUrl":"https:\/\/www.rexxer.pl\/wp-content\/uploads\/2025\/08\/logo.png","width":225,"height":114,"caption":"Narz\u0119dzia REXXER - sklep online"},"image":{"@id":"https:\/\/www.rexxer.pl\/#\/schema\/logo\/image\/"},"sameAs":["https:\/\/www.facebook.com\/Rexxertools\/"]}]}},"_links":{"self":[{"href":"https:\/\/www.rexxer.pl\/en\/wp-json\/wp\/v2\/product\/84082","targetHints":{"allow":["GET"]}}],"collection":[{"href":"https:\/\/www.rexxer.pl\/en\/wp-json\/wp\/v2\/product"}],"about":[{"href":"https:\/\/www.rexxer.pl\/en\/wp-json\/wp\/v2\/types\/product"}],"replies":[{"embeddable":true,"href":"https:\/\/www.rexxer.pl\/en\/wp-json\/wp\/v2\/comments?post=84082"}],"version-history":[{"count":0,"href":"https:\/\/www.rexxer.pl\/en\/wp-json\/wp\/v2\/product\/84082\/revisions"}],"wp:featuredmedia":[{"embeddable":true,"href":"https:\/\/www.rexxer.pl\/en\/wp-json\/wp\/v2\/media\/84446"}],"wp:attachment":[{"href":"https:\/\/www.rexxer.pl\/en\/wp-json\/wp\/v2\/media?parent=84082"}],"wp:term":[{"taxonomy":"product_brand","embeddable":true,"href":"https:\/\/www.rexxer.pl\/en\/wp-json\/wp\/v2\/product_brand?post=84082"},{"taxonomy":"product_cat","embeddable":true,"href":"https:\/\/www.rexxer.pl\/en\/wp-json\/wp\/v2\/product_cat?post=84082"},{"taxonomy":"product_tag","embeddable":true,"href":"https:\/\/www.rexxer.pl\/en\/wp-json\/wp\/v2\/product_tag?post=84082"}],"curies":[{"name":"wp","href":"https:\/\/api.w.org\/{rel}","templated":true}]}}