{"id":83537,"date":"2025-11-19T07:10:51","date_gmt":"2025-11-19T06:10:51","guid":{"rendered":"https:\/\/www.rexxer.pl\/produkt\/pas-monterski-z-wyposazeniem-zestaw\/"},"modified":"2026-03-28T15:29:05","modified_gmt":"2026-03-28T14:29:05","slug":"pas-monterski-z-wyposazeniem-zestaw","status":"publish","type":"product","link":"https:\/\/www.rexxer.pl\/en\/produkt\/pas-monterski-z-wyposazeniem-zestaw\/","title":{"rendered":"Pas monterski + pe\u0142ne wyposa\u017cenie"},"content":{"rendered":"<p><strong>Pas monterski<\/strong> to wytrzyma\u0142y i funkcjonalny pas narz\u0119dziowy przeznaczony dla monter\u00f3w, majsterkowicz\u00f3w oraz pracownik\u00f3w budowlanych. Wykonany z trwa\u0142ej sk\u00f3ry, zapewnia odporno\u015b\u0107 na uszkodzenia oraz wygod\u0119 u\u017cytkowania. Dzi\u0119ki <strong>11 kieszeniom<\/strong> o zr\u00f3\u017cnicowanych rozmiarach oraz uchwytom na m\u0142otek i miar\u0119 zwijan\u0105, umo\u017cliwia szybki i \u0142atwy dost\u0119p do najpotrzebniejszych narz\u0119dzi.<\/p>\n<p>Pas posiada mo\u017cliwo\u015b\u0107 regulacji, dzi\u0119ki czemu mo\u017cna go dopasowa\u0107 do obwodu u\u017cytkownika, zapewniaj\u0105c komfort pracy w ka\u017cdych warunkach.<\/p>\n<h3>Wyposa\u017cenie zestawu:<\/h3>\n<ul>\n<li>M\u0142otek \u015blusarski 300 g, trzonek z w\u0142\u00f3kna szklanego<\/li>\n<li>Szczypce uniwersalne 160 mm CrV<\/li>\n<li>Wkr\u0119tak p\u0142aski 4\u00d7100 mm<\/li>\n<li>Wkr\u0119tak krzy\u017cowy 2\u00d7100 mm Phillips<\/li>\n<li>O\u0142\u00f3wek stolarski 240 mm (czerwony)<\/li>\n<li>O\u0142\u00f3wek murarski 240 mm (zielony)<\/li>\n<li>N\u00f3\u017c z \u0142amanym ostrzem 18 mm<\/li>\n<li>Miara zwijana 5 m, 25 mm, z magnetyczn\u0105 ko\u0144c\u00f3wk\u0105<\/li>\n<li>R\u0119kawice robocze Gnitrex<\/li>\n<li>Klucz nastawny 200 mm<\/li>\n<li>Pas monterski 11 kieszeni<\/li>\n<\/ul>\n<h3>Dane techniczne:<\/h3>\n<ul>\n<li><strong>Materia\u0142:<\/strong> sk\u00f3ra<\/li>\n<li><strong>Ilo\u015b\u0107 kieszeni:<\/strong> 11<\/li>\n<li><strong>Ilo\u015b\u0107 uchwyt\u00f3w:<\/strong> 2 + uchwyt na miar\u0119 zwijan\u0105<\/li>\n<li><strong>Kolor:<\/strong> miodowy<\/li>\n<li><strong>Waga:<\/strong> 25 g<\/li>\n<\/ul>\n","protected":false},"excerpt":{"rendered":"<p>Pas monterski to wytrzyma\u0142y i funkcjonalny pas narz\u0119dziowy przeznaczony dla monter\u00f3w, majsterkowicz\u00f3w oraz pracownik\u00f3w budowlanych. Wykonany z trwa\u0142ej sk\u00f3ry, zapewnia<\/p>\n","protected":false},"featured_media":83535,"comment_status":"open","ping_status":"closed","template":"","meta":[],"product_brand":[],"product_cat":[507],"product_tag":[],"class_list":{"0":"post-83537","1":"product","2":"type-product","3":"status-publish","4":"has-post-thumbnail","6":"product_cat-bhp","8":"first","9":"instock","10":"taxable","11":"shipping-taxable","12":"purchasable","13":"product-type-simple"},"yoast_head":"<!-- This site is optimized with the Yoast SEO plugin v27.5 - https:\/\/yoast.com\/product\/yoast-seo-wordpress\/ -->\n<title>Pas monterski + pe\u0142ne wyposa\u017cenie - Narz\u0119dzia REXXER - sklep online<\/title>\n<meta name=\"robots\" content=\"index, follow, max-snippet:-1, max-image-preview:large, max-video-preview:-1\" \/>\n<link rel=\"canonical\" href=\"https:\/\/www.rexxer.pl\/produkt\/pas-monterski-z-wyposazeniem-zestaw\/\" \/>\n<meta property=\"og:locale\" content=\"en_US\" \/>\n<meta property=\"og:type\" content=\"article\" \/>\n<meta property=\"og:title\" content=\"Pas monterski + pe\u0142ne wyposa\u017cenie - Narz\u0119dzia REXXER - sklep online\" \/>\n<meta property=\"og:description\" content=\"Pas monterski to wytrzyma\u0142y i funkcjonalny pas narz\u0119dziowy przeznaczony dla monter\u00f3w, majsterkowicz\u00f3w oraz pracownik\u00f3w budowlanych. Wykonany z trwa\u0142ej sk\u00f3ry, zapewnia\" \/>\n<meta property=\"og:url\" content=\"https:\/\/www.rexxer.pl\/produkt\/pas-monterski-z-wyposazeniem-zestaw\/\" \/>\n<meta property=\"og:site_name\" content=\"Narz\u0119dzia REXXER - sklep online\" \/>\n<meta property=\"article:publisher\" content=\"https:\/\/www.facebook.com\/Rexxertools\/\" \/>\n<meta property=\"article:modified_time\" content=\"2026-03-28T14:29:05+00:00\" \/>\n<meta property=\"og:image\" content=\"https:\/\/www.rexxer.pl\/wp-content\/uploads\/2025\/11\/99f4873f71b14d7b34803198c44d7e34.jpg\" \/>\n\t<meta property=\"og:image:width\" content=\"1984\" \/>\n\t<meta property=\"og:image:height\" content=\"1984\" \/>\n\t<meta property=\"og:image:type\" content=\"image\/jpeg\" \/>\n<meta name=\"twitter:card\" content=\"summary_large_image\" \/>\n<meta name=\"twitter:label1\" content=\"Est. reading time\" \/>\n\t<meta name=\"twitter:data1\" content=\"1 minute\" \/>\n<script type=\"application\/ld+json\" class=\"yoast-schema-graph\">{\"@context\":\"https:\\\/\\\/schema.org\",\"@graph\":[{\"@type\":\"WebPage\",\"@id\":\"https:\\\/\\\/www.rexxer.pl\\\/produkt\\\/pas-monterski-z-wyposazeniem-zestaw\\\/\",\"url\":\"https:\\\/\\\/www.rexxer.pl\\\/produkt\\\/pas-monterski-z-wyposazeniem-zestaw\\\/\",\"name\":\"Pas monterski + pe\u0142ne wyposa\u017cenie - Narz\u0119dzia REXXER - sklep online\",\"isPartOf\":{\"@id\":\"https:\\\/\\\/www.rexxer.pl\\\/#website\"},\"primaryImageOfPage\":{\"@id\":\"https:\\\/\\\/www.rexxer.pl\\\/produkt\\\/pas-monterski-z-wyposazeniem-zestaw\\\/#primaryimage\"},\"image\":{\"@id\":\"https:\\\/\\\/www.rexxer.pl\\\/produkt\\\/pas-monterski-z-wyposazeniem-zestaw\\\/#primaryimage\"},\"thumbnailUrl\":\"https:\\\/\\\/www.rexxer.pl\\\/wp-content\\\/uploads\\\/2025\\\/11\\\/99f4873f71b14d7b34803198c44d7e34.jpg\",\"datePublished\":\"2025-11-19T06:10:51+00:00\",\"dateModified\":\"2026-03-28T14:29:05+00:00\",\"breadcrumb\":{\"@id\":\"https:\\\/\\\/www.rexxer.pl\\\/produkt\\\/pas-monterski-z-wyposazeniem-zestaw\\\/#breadcrumb\"},\"inLanguage\":\"en-US\",\"potentialAction\":[{\"@type\":\"ReadAction\",\"target\":[\"https:\\\/\\\/www.rexxer.pl\\\/produkt\\\/pas-monterski-z-wyposazeniem-zestaw\\\/\"]}]},{\"@type\":\"ImageObject\",\"inLanguage\":\"en-US\",\"@id\":\"https:\\\/\\\/www.rexxer.pl\\\/produkt\\\/pas-monterski-z-wyposazeniem-zestaw\\\/#primaryimage\",\"url\":\"https:\\\/\\\/www.rexxer.pl\\\/wp-content\\\/uploads\\\/2025\\\/11\\\/99f4873f71b14d7b34803198c44d7e34.jpg\",\"contentUrl\":\"https:\\\/\\\/www.rexxer.pl\\\/wp-content\\\/uploads\\\/2025\\\/11\\\/99f4873f71b14d7b34803198c44d7e34.jpg\",\"width\":1984,\"height\":1984},{\"@type\":\"BreadcrumbList\",\"@id\":\"https:\\\/\\\/www.rexxer.pl\\\/produkt\\\/pas-monterski-z-wyposazeniem-zestaw\\\/#breadcrumb\",\"itemListElement\":[{\"@type\":\"ListItem\",\"position\":1,\"name\":\"Strona g\u0142\u00f3wna\",\"item\":\"https:\\\/\\\/www.rexxer.pl\\\/en\\\/home\\\/\"},{\"@type\":\"ListItem\",\"position\":2,\"name\":\"Sklep\",\"item\":\"https:\\\/\\\/www.rexxer.pl\\\/sklep\\\/\"},{\"@type\":\"ListItem\",\"position\":3,\"name\":\"Pas monterski + pe\u0142ne wyposa\u017cenie\"}]},{\"@type\":\"WebSite\",\"@id\":\"https:\\\/\\\/www.rexxer.pl\\\/#website\",\"url\":\"https:\\\/\\\/www.rexxer.pl\\\/\",\"name\":\"Narz\u0119dzia REXXER - sklep online\",\"description\":\"\",\"publisher\":{\"@id\":\"https:\\\/\\\/www.rexxer.pl\\\/#organization\"},\"potentialAction\":[{\"@type\":\"SearchAction\",\"target\":{\"@type\":\"EntryPoint\",\"urlTemplate\":\"https:\\\/\\\/www.rexxer.pl\\\/?s={search_term_string}\"},\"query-input\":{\"@type\":\"PropertyValueSpecification\",\"valueRequired\":true,\"valueName\":\"search_term_string\"}}],\"inLanguage\":\"en-US\"},{\"@type\":\"Organization\",\"@id\":\"https:\\\/\\\/www.rexxer.pl\\\/#organization\",\"name\":\"Narz\u0119dzia REXXER - sklep online\",\"url\":\"https:\\\/\\\/www.rexxer.pl\\\/\",\"logo\":{\"@type\":\"ImageObject\",\"inLanguage\":\"en-US\",\"@id\":\"https:\\\/\\\/www.rexxer.pl\\\/#\\\/schema\\\/logo\\\/image\\\/\",\"url\":\"https:\\\/\\\/www.rexxer.pl\\\/wp-content\\\/uploads\\\/2025\\\/08\\\/logo.png\",\"contentUrl\":\"https:\\\/\\\/www.rexxer.pl\\\/wp-content\\\/uploads\\\/2025\\\/08\\\/logo.png\",\"width\":225,\"height\":114,\"caption\":\"Narz\u0119dzia REXXER - sklep online\"},\"image\":{\"@id\":\"https:\\\/\\\/www.rexxer.pl\\\/#\\\/schema\\\/logo\\\/image\\\/\"},\"sameAs\":[\"https:\\\/\\\/www.facebook.com\\\/Rexxertools\\\/\"]}]}<\/script>\n<!-- \/ Yoast SEO plugin. -->","yoast_head_json":{"title":"Pas monterski + pe\u0142ne wyposa\u017cenie - Narz\u0119dzia REXXER - sklep online","robots":{"index":"index","follow":"follow","max-snippet":"max-snippet:-1","max-image-preview":"max-image-preview:large","max-video-preview":"max-video-preview:-1"},"canonical":"https:\/\/www.rexxer.pl\/produkt\/pas-monterski-z-wyposazeniem-zestaw\/","og_locale":"en_US","og_type":"article","og_title":"Pas monterski + pe\u0142ne wyposa\u017cenie - Narz\u0119dzia REXXER - sklep online","og_description":"Pas monterski to wytrzyma\u0142y i funkcjonalny pas narz\u0119dziowy przeznaczony dla monter\u00f3w, majsterkowicz\u00f3w oraz pracownik\u00f3w budowlanych. Wykonany z trwa\u0142ej sk\u00f3ry, zapewnia","og_url":"https:\/\/www.rexxer.pl\/produkt\/pas-monterski-z-wyposazeniem-zestaw\/","og_site_name":"Narz\u0119dzia REXXER - sklep online","article_publisher":"https:\/\/www.facebook.com\/Rexxertools\/","article_modified_time":"2026-03-28T14:29:05+00:00","og_image":[{"width":1984,"height":1984,"url":"https:\/\/www.rexxer.pl\/wp-content\/uploads\/2025\/11\/99f4873f71b14d7b34803198c44d7e34.jpg","type":"image\/jpeg"}],"twitter_card":"summary_large_image","twitter_misc":{"Est. reading time":"1 minute"},"schema":{"@context":"https:\/\/schema.org","@graph":[{"@type":"WebPage","@id":"https:\/\/www.rexxer.pl\/produkt\/pas-monterski-z-wyposazeniem-zestaw\/","url":"https:\/\/www.rexxer.pl\/produkt\/pas-monterski-z-wyposazeniem-zestaw\/","name":"Pas monterski + pe\u0142ne wyposa\u017cenie - Narz\u0119dzia REXXER - sklep online","isPartOf":{"@id":"https:\/\/www.rexxer.pl\/#website"},"primaryImageOfPage":{"@id":"https:\/\/www.rexxer.pl\/produkt\/pas-monterski-z-wyposazeniem-zestaw\/#primaryimage"},"image":{"@id":"https:\/\/www.rexxer.pl\/produkt\/pas-monterski-z-wyposazeniem-zestaw\/#primaryimage"},"thumbnailUrl":"https:\/\/www.rexxer.pl\/wp-content\/uploads\/2025\/11\/99f4873f71b14d7b34803198c44d7e34.jpg","datePublished":"2025-11-19T06:10:51+00:00","dateModified":"2026-03-28T14:29:05+00:00","breadcrumb":{"@id":"https:\/\/www.rexxer.pl\/produkt\/pas-monterski-z-wyposazeniem-zestaw\/#breadcrumb"},"inLanguage":"en-US","potentialAction":[{"@type":"ReadAction","target":["https:\/\/www.rexxer.pl\/produkt\/pas-monterski-z-wyposazeniem-zestaw\/"]}]},{"@type":"ImageObject","inLanguage":"en-US","@id":"https:\/\/www.rexxer.pl\/produkt\/pas-monterski-z-wyposazeniem-zestaw\/#primaryimage","url":"https:\/\/www.rexxer.pl\/wp-content\/uploads\/2025\/11\/99f4873f71b14d7b34803198c44d7e34.jpg","contentUrl":"https:\/\/www.rexxer.pl\/wp-content\/uploads\/2025\/11\/99f4873f71b14d7b34803198c44d7e34.jpg","width":1984,"height":1984},{"@type":"BreadcrumbList","@id":"https:\/\/www.rexxer.pl\/produkt\/pas-monterski-z-wyposazeniem-zestaw\/#breadcrumb","itemListElement":[{"@type":"ListItem","position":1,"name":"Strona g\u0142\u00f3wna","item":"https:\/\/www.rexxer.pl\/en\/home\/"},{"@type":"ListItem","position":2,"name":"Sklep","item":"https:\/\/www.rexxer.pl\/sklep\/"},{"@type":"ListItem","position":3,"name":"Pas monterski + pe\u0142ne wyposa\u017cenie"}]},{"@type":"WebSite","@id":"https:\/\/www.rexxer.pl\/#website","url":"https:\/\/www.rexxer.pl\/","name":"Narz\u0119dzia REXXER - sklep online","description":"","publisher":{"@id":"https:\/\/www.rexxer.pl\/#organization"},"potentialAction":[{"@type":"SearchAction","target":{"@type":"EntryPoint","urlTemplate":"https:\/\/www.rexxer.pl\/?s={search_term_string}"},"query-input":{"@type":"PropertyValueSpecification","valueRequired":true,"valueName":"search_term_string"}}],"inLanguage":"en-US"},{"@type":"Organization","@id":"https:\/\/www.rexxer.pl\/#organization","name":"Narz\u0119dzia REXXER - sklep online","url":"https:\/\/www.rexxer.pl\/","logo":{"@type":"ImageObject","inLanguage":"en-US","@id":"https:\/\/www.rexxer.pl\/#\/schema\/logo\/image\/","url":"https:\/\/www.rexxer.pl\/wp-content\/uploads\/2025\/08\/logo.png","contentUrl":"https:\/\/www.rexxer.pl\/wp-content\/uploads\/2025\/08\/logo.png","width":225,"height":114,"caption":"Narz\u0119dzia REXXER - sklep online"},"image":{"@id":"https:\/\/www.rexxer.pl\/#\/schema\/logo\/image\/"},"sameAs":["https:\/\/www.facebook.com\/Rexxertools\/"]}]}},"_links":{"self":[{"href":"https:\/\/www.rexxer.pl\/en\/wp-json\/wp\/v2\/product\/83537","targetHints":{"allow":["GET"]}}],"collection":[{"href":"https:\/\/www.rexxer.pl\/en\/wp-json\/wp\/v2\/product"}],"about":[{"href":"https:\/\/www.rexxer.pl\/en\/wp-json\/wp\/v2\/types\/product"}],"replies":[{"embeddable":true,"href":"https:\/\/www.rexxer.pl\/en\/wp-json\/wp\/v2\/comments?post=83537"}],"version-history":[{"count":0,"href":"https:\/\/www.rexxer.pl\/en\/wp-json\/wp\/v2\/product\/83537\/revisions"}],"wp:featuredmedia":[{"embeddable":true,"href":"https:\/\/www.rexxer.pl\/en\/wp-json\/wp\/v2\/media\/83535"}],"wp:attachment":[{"href":"https:\/\/www.rexxer.pl\/en\/wp-json\/wp\/v2\/media?parent=83537"}],"wp:term":[{"taxonomy":"product_brand","embeddable":true,"href":"https:\/\/www.rexxer.pl\/en\/wp-json\/wp\/v2\/product_brand?post=83537"},{"taxonomy":"product_cat","embeddable":true,"href":"https:\/\/www.rexxer.pl\/en\/wp-json\/wp\/v2\/product_cat?post=83537"},{"taxonomy":"product_tag","embeddable":true,"href":"https:\/\/www.rexxer.pl\/en\/wp-json\/wp\/v2\/product_tag?post=83537"}],"curies":[{"name":"wp","href":"https:\/\/api.w.org\/{rel}","templated":true}]}}