{"id":67173,"date":"2025-07-21T06:56:00","date_gmt":"2025-07-21T04:56:00","guid":{"rendered":"https:\/\/www.rexxer.pl\/produkt\/rexxer-system-two-cart-plus-trolley-box-530-x-345-x-295-mm\/"},"modified":"2025-07-21T06:56:00","modified_gmt":"2025-07-21T04:56:00","slug":"rexxer-system-two-cart-plus-trolley-box-530-x-345-x-295-mm","status":"publish","type":"product","link":"https:\/\/www.rexxer.pl\/en\/produkt\/rexxer-system-two-cart-plus-trolley-box-530-x-345-x-295-mm\/","title":{"rendered":"REXXER System TWO CART PLUS trolley box 530 x 345 x 295 mm"},"content":{"rendered":"<h1>SKRZYNKA NA K\u00d3\u0141KACH REXXER System TWO CART PLUS 530 X 345 X 295 MM<\/h1>\n<ul>\n<li>SKU: RM-01-070<\/li>\n<li>EAN: 5901180821537<\/li>\n<li>Manufacturer: REXXER<\/li>\n<li>Model: REXXER<\/li>\n<\/ul>\n<p>Modular, mobile toolbox with easy-open, integrated lid. The robust telescopic handle guarantees strength and maneuverability. The chest is equipped with two adjustable dividers, which make it easier to keep things tidy.  <\/p>\n<p>A box system is an indispensable element in a home workshop, with its help we can easily bring order. Designed to store even the smallest parts of the workshop. It can store and segregate screws from the smallest sizes to even non-standard ones. Polyamide fasteners and a strong handle guarantee safety and comfort of work.   <\/p>\n<p>With the <b>TWO<\/b> modular series, you can create your own mobile set consisting of up to several components, e.g. trolley with wheels, toolboxes, baskets and organisers.<\/p>\n<p><b>REXXER System<\/b> Boxes can be combined in various combinations according to your needs.<\/p>\n<p><b>Technical data<\/b><\/p>\n<ul>\n<li>Length: 530 mm<\/li>\n<li>Depth: 295 mm<\/li>\n<li>Height (without handle): 345 mm<\/li>\n<li>Height (with handle): 955 mm<\/li>\n<li>Number of boxes: 1 pc.<\/li>\n<li>Material: Plastic<\/li>\n<\/ul>\n","protected":false},"excerpt":{"rendered":"<p>SKRZYNKA NA K\u00d3\u0141KACH REXXER System TWO CART PLUS 530 X 345 X 295 MM SKU: RM-01-070 EAN: 5901180821537 Manufacturer: REXXER<\/p>\n","protected":false},"featured_media":66044,"comment_status":"open","ping_status":"closed","template":"","meta":[],"product_brand":[],"product_cat":[833,924,1027],"product_tag":[],"class_list":{"0":"post-67173","1":"product","2":"type-product","3":"status-publish","4":"has-post-thumbnail","6":"product_cat-accessory","7":"product_cat-storage-and-transportation","8":"product_cat-tool-boxes","9":"product_shipping_class-big","11":"first","12":"instock","13":"taxable","14":"shipping-taxable","15":"purchasable","16":"product-type-simple"},"yoast_head":"<!-- This site is optimized with the Yoast SEO plugin v27.5 - https:\/\/yoast.com\/product\/yoast-seo-wordpress\/ -->\n<title>REXXER System TWO CART PLUS trolley box 530 x 345 x 295 mm - Narz\u0119dzia REXXER - sklep online<\/title>\n<meta name=\"robots\" content=\"index, follow, max-snippet:-1, max-image-preview:large, max-video-preview:-1\" \/>\n<link rel=\"canonical\" href=\"https:\/\/www.rexxer.pl\/en\/produkt\/rexxer-system-two-cart-plus-trolley-box-530-x-345-x-295-mm\/\" \/>\n<meta property=\"og:locale\" content=\"en_US\" \/>\n<meta property=\"og:type\" content=\"article\" \/>\n<meta property=\"og:title\" content=\"REXXER System TWO CART PLUS trolley box 530 x 345 x 295 mm - Narz\u0119dzia REXXER - sklep online\" \/>\n<meta property=\"og:description\" content=\"SKRZYNKA NA K\u00d3\u0141KACH REXXER System TWO CART PLUS 530 X 345 X 295 MM SKU: RM-01-070 EAN: 5901180821537 Manufacturer: REXXER\" \/>\n<meta property=\"og:url\" content=\"https:\/\/www.rexxer.pl\/en\/produkt\/rexxer-system-two-cart-plus-trolley-box-530-x-345-x-295-mm\/\" \/>\n<meta property=\"og:site_name\" content=\"Narz\u0119dzia REXXER - sklep online\" \/>\n<meta property=\"article:publisher\" content=\"https:\/\/www.facebook.com\/Rexxertools\/\" \/>\n<meta property=\"og:image\" content=\"https:\/\/www.rexxer.pl\/wp-content\/uploads\/2025\/07\/c45aad128d62f177ef61601649ae3328.jpg\" \/>\n\t<meta property=\"og:image:width\" content=\"1644\" \/>\n\t<meta property=\"og:image:height\" content=\"1644\" \/>\n\t<meta property=\"og:image:type\" content=\"image\/jpeg\" \/>\n<meta name=\"twitter:card\" content=\"summary_large_image\" \/>\n<meta name=\"twitter:label1\" content=\"Est. reading time\" \/>\n\t<meta name=\"twitter:data1\" content=\"1 minute\" \/>\n<script type=\"application\/ld+json\" class=\"yoast-schema-graph\">{\"@context\":\"https:\\\/\\\/schema.org\",\"@graph\":[{\"@type\":\"WebPage\",\"@id\":\"https:\\\/\\\/www.rexxer.pl\\\/en\\\/produkt\\\/rexxer-system-two-cart-plus-trolley-box-530-x-345-x-295-mm\\\/\",\"url\":\"https:\\\/\\\/www.rexxer.pl\\\/en\\\/produkt\\\/rexxer-system-two-cart-plus-trolley-box-530-x-345-x-295-mm\\\/\",\"name\":\"REXXER System TWO CART PLUS trolley box 530 x 345 x 295 mm - Narz\u0119dzia REXXER - sklep online\",\"isPartOf\":{\"@id\":\"https:\\\/\\\/www.rexxer.pl\\\/#website\"},\"primaryImageOfPage\":{\"@id\":\"https:\\\/\\\/www.rexxer.pl\\\/en\\\/produkt\\\/rexxer-system-two-cart-plus-trolley-box-530-x-345-x-295-mm\\\/#primaryimage\"},\"image\":{\"@id\":\"https:\\\/\\\/www.rexxer.pl\\\/en\\\/produkt\\\/rexxer-system-two-cart-plus-trolley-box-530-x-345-x-295-mm\\\/#primaryimage\"},\"thumbnailUrl\":\"https:\\\/\\\/www.rexxer.pl\\\/wp-content\\\/uploads\\\/2025\\\/07\\\/c45aad128d62f177ef61601649ae3328.jpg\",\"datePublished\":\"2025-07-21T04:56:00+00:00\",\"breadcrumb\":{\"@id\":\"https:\\\/\\\/www.rexxer.pl\\\/en\\\/produkt\\\/rexxer-system-two-cart-plus-trolley-box-530-x-345-x-295-mm\\\/#breadcrumb\"},\"inLanguage\":\"en-US\",\"potentialAction\":[{\"@type\":\"ReadAction\",\"target\":[\"https:\\\/\\\/www.rexxer.pl\\\/en\\\/produkt\\\/rexxer-system-two-cart-plus-trolley-box-530-x-345-x-295-mm\\\/\"]}]},{\"@type\":\"ImageObject\",\"inLanguage\":\"en-US\",\"@id\":\"https:\\\/\\\/www.rexxer.pl\\\/en\\\/produkt\\\/rexxer-system-two-cart-plus-trolley-box-530-x-345-x-295-mm\\\/#primaryimage\",\"url\":\"https:\\\/\\\/www.rexxer.pl\\\/wp-content\\\/uploads\\\/2025\\\/07\\\/c45aad128d62f177ef61601649ae3328.jpg\",\"contentUrl\":\"https:\\\/\\\/www.rexxer.pl\\\/wp-content\\\/uploads\\\/2025\\\/07\\\/c45aad128d62f177ef61601649ae3328.jpg\",\"width\":1644,\"height\":1644},{\"@type\":\"BreadcrumbList\",\"@id\":\"https:\\\/\\\/www.rexxer.pl\\\/en\\\/produkt\\\/rexxer-system-two-cart-plus-trolley-box-530-x-345-x-295-mm\\\/#breadcrumb\",\"itemListElement\":[{\"@type\":\"ListItem\",\"position\":1,\"name\":\"Strona g\u0142\u00f3wna\",\"item\":\"https:\\\/\\\/www.rexxer.pl\\\/en\\\/home\\\/\"},{\"@type\":\"ListItem\",\"position\":2,\"name\":\"Sklep\",\"item\":\"https:\\\/\\\/www.rexxer.pl\\\/sklep\\\/\"},{\"@type\":\"ListItem\",\"position\":3,\"name\":\"REXXER System TWO CART PLUS trolley box 530 x 345 x 295 mm\"}]},{\"@type\":\"WebSite\",\"@id\":\"https:\\\/\\\/www.rexxer.pl\\\/#website\",\"url\":\"https:\\\/\\\/www.rexxer.pl\\\/\",\"name\":\"Narz\u0119dzia REXXER - sklep online\",\"description\":\"\",\"publisher\":{\"@id\":\"https:\\\/\\\/www.rexxer.pl\\\/#organization\"},\"potentialAction\":[{\"@type\":\"SearchAction\",\"target\":{\"@type\":\"EntryPoint\",\"urlTemplate\":\"https:\\\/\\\/www.rexxer.pl\\\/?s={search_term_string}\"},\"query-input\":{\"@type\":\"PropertyValueSpecification\",\"valueRequired\":true,\"valueName\":\"search_term_string\"}}],\"inLanguage\":\"en-US\"},{\"@type\":\"Organization\",\"@id\":\"https:\\\/\\\/www.rexxer.pl\\\/#organization\",\"name\":\"Narz\u0119dzia REXXER - sklep online\",\"url\":\"https:\\\/\\\/www.rexxer.pl\\\/\",\"logo\":{\"@type\":\"ImageObject\",\"inLanguage\":\"en-US\",\"@id\":\"https:\\\/\\\/www.rexxer.pl\\\/#\\\/schema\\\/logo\\\/image\\\/\",\"url\":\"https:\\\/\\\/www.rexxer.pl\\\/wp-content\\\/uploads\\\/2025\\\/08\\\/logo.png\",\"contentUrl\":\"https:\\\/\\\/www.rexxer.pl\\\/wp-content\\\/uploads\\\/2025\\\/08\\\/logo.png\",\"width\":225,\"height\":114,\"caption\":\"Narz\u0119dzia REXXER - sklep online\"},\"image\":{\"@id\":\"https:\\\/\\\/www.rexxer.pl\\\/#\\\/schema\\\/logo\\\/image\\\/\"},\"sameAs\":[\"https:\\\/\\\/www.facebook.com\\\/Rexxertools\\\/\"]}]}<\/script>\n<!-- \/ Yoast SEO plugin. -->","yoast_head_json":{"title":"REXXER System TWO CART PLUS trolley box 530 x 345 x 295 mm - Narz\u0119dzia REXXER - sklep online","robots":{"index":"index","follow":"follow","max-snippet":"max-snippet:-1","max-image-preview":"max-image-preview:large","max-video-preview":"max-video-preview:-1"},"canonical":"https:\/\/www.rexxer.pl\/en\/produkt\/rexxer-system-two-cart-plus-trolley-box-530-x-345-x-295-mm\/","og_locale":"en_US","og_type":"article","og_title":"REXXER System TWO CART PLUS trolley box 530 x 345 x 295 mm - Narz\u0119dzia REXXER - sklep online","og_description":"SKRZYNKA NA K\u00d3\u0141KACH REXXER System TWO CART PLUS 530 X 345 X 295 MM SKU: RM-01-070 EAN: 5901180821537 Manufacturer: REXXER","og_url":"https:\/\/www.rexxer.pl\/en\/produkt\/rexxer-system-two-cart-plus-trolley-box-530-x-345-x-295-mm\/","og_site_name":"Narz\u0119dzia REXXER - sklep online","article_publisher":"https:\/\/www.facebook.com\/Rexxertools\/","og_image":[{"width":1644,"height":1644,"url":"https:\/\/www.rexxer.pl\/wp-content\/uploads\/2025\/07\/c45aad128d62f177ef61601649ae3328.jpg","type":"image\/jpeg"}],"twitter_card":"summary_large_image","twitter_misc":{"Est. reading time":"1 minute"},"schema":{"@context":"https:\/\/schema.org","@graph":[{"@type":"WebPage","@id":"https:\/\/www.rexxer.pl\/en\/produkt\/rexxer-system-two-cart-plus-trolley-box-530-x-345-x-295-mm\/","url":"https:\/\/www.rexxer.pl\/en\/produkt\/rexxer-system-two-cart-plus-trolley-box-530-x-345-x-295-mm\/","name":"REXXER System TWO CART PLUS trolley box 530 x 345 x 295 mm - Narz\u0119dzia REXXER - sklep online","isPartOf":{"@id":"https:\/\/www.rexxer.pl\/#website"},"primaryImageOfPage":{"@id":"https:\/\/www.rexxer.pl\/en\/produkt\/rexxer-system-two-cart-plus-trolley-box-530-x-345-x-295-mm\/#primaryimage"},"image":{"@id":"https:\/\/www.rexxer.pl\/en\/produkt\/rexxer-system-two-cart-plus-trolley-box-530-x-345-x-295-mm\/#primaryimage"},"thumbnailUrl":"https:\/\/www.rexxer.pl\/wp-content\/uploads\/2025\/07\/c45aad128d62f177ef61601649ae3328.jpg","datePublished":"2025-07-21T04:56:00+00:00","breadcrumb":{"@id":"https:\/\/www.rexxer.pl\/en\/produkt\/rexxer-system-two-cart-plus-trolley-box-530-x-345-x-295-mm\/#breadcrumb"},"inLanguage":"en-US","potentialAction":[{"@type":"ReadAction","target":["https:\/\/www.rexxer.pl\/en\/produkt\/rexxer-system-two-cart-plus-trolley-box-530-x-345-x-295-mm\/"]}]},{"@type":"ImageObject","inLanguage":"en-US","@id":"https:\/\/www.rexxer.pl\/en\/produkt\/rexxer-system-two-cart-plus-trolley-box-530-x-345-x-295-mm\/#primaryimage","url":"https:\/\/www.rexxer.pl\/wp-content\/uploads\/2025\/07\/c45aad128d62f177ef61601649ae3328.jpg","contentUrl":"https:\/\/www.rexxer.pl\/wp-content\/uploads\/2025\/07\/c45aad128d62f177ef61601649ae3328.jpg","width":1644,"height":1644},{"@type":"BreadcrumbList","@id":"https:\/\/www.rexxer.pl\/en\/produkt\/rexxer-system-two-cart-plus-trolley-box-530-x-345-x-295-mm\/#breadcrumb","itemListElement":[{"@type":"ListItem","position":1,"name":"Strona g\u0142\u00f3wna","item":"https:\/\/www.rexxer.pl\/en\/home\/"},{"@type":"ListItem","position":2,"name":"Sklep","item":"https:\/\/www.rexxer.pl\/sklep\/"},{"@type":"ListItem","position":3,"name":"REXXER System TWO CART PLUS trolley box 530 x 345 x 295 mm"}]},{"@type":"WebSite","@id":"https:\/\/www.rexxer.pl\/#website","url":"https:\/\/www.rexxer.pl\/","name":"Narz\u0119dzia REXXER - sklep online","description":"","publisher":{"@id":"https:\/\/www.rexxer.pl\/#organization"},"potentialAction":[{"@type":"SearchAction","target":{"@type":"EntryPoint","urlTemplate":"https:\/\/www.rexxer.pl\/?s={search_term_string}"},"query-input":{"@type":"PropertyValueSpecification","valueRequired":true,"valueName":"search_term_string"}}],"inLanguage":"en-US"},{"@type":"Organization","@id":"https:\/\/www.rexxer.pl\/#organization","name":"Narz\u0119dzia REXXER - sklep online","url":"https:\/\/www.rexxer.pl\/","logo":{"@type":"ImageObject","inLanguage":"en-US","@id":"https:\/\/www.rexxer.pl\/#\/schema\/logo\/image\/","url":"https:\/\/www.rexxer.pl\/wp-content\/uploads\/2025\/08\/logo.png","contentUrl":"https:\/\/www.rexxer.pl\/wp-content\/uploads\/2025\/08\/logo.png","width":225,"height":114,"caption":"Narz\u0119dzia REXXER - sklep online"},"image":{"@id":"https:\/\/www.rexxer.pl\/#\/schema\/logo\/image\/"},"sameAs":["https:\/\/www.facebook.com\/Rexxertools\/"]}]}},"_links":{"self":[{"href":"https:\/\/www.rexxer.pl\/en\/wp-json\/wp\/v2\/product\/67173","targetHints":{"allow":["GET"]}}],"collection":[{"href":"https:\/\/www.rexxer.pl\/en\/wp-json\/wp\/v2\/product"}],"about":[{"href":"https:\/\/www.rexxer.pl\/en\/wp-json\/wp\/v2\/types\/product"}],"replies":[{"embeddable":true,"href":"https:\/\/www.rexxer.pl\/en\/wp-json\/wp\/v2\/comments?post=67173"}],"version-history":[{"count":0,"href":"https:\/\/www.rexxer.pl\/en\/wp-json\/wp\/v2\/product\/67173\/revisions"}],"wp:featuredmedia":[{"embeddable":true,"href":"https:\/\/www.rexxer.pl\/en\/wp-json\/wp\/v2\/media\/66044"}],"wp:attachment":[{"href":"https:\/\/www.rexxer.pl\/en\/wp-json\/wp\/v2\/media?parent=67173"}],"wp:term":[{"taxonomy":"product_brand","embeddable":true,"href":"https:\/\/www.rexxer.pl\/en\/wp-json\/wp\/v2\/product_brand?post=67173"},{"taxonomy":"product_cat","embeddable":true,"href":"https:\/\/www.rexxer.pl\/en\/wp-json\/wp\/v2\/product_cat?post=67173"},{"taxonomy":"product_tag","embeddable":true,"href":"https:\/\/www.rexxer.pl\/en\/wp-json\/wp\/v2\/product_tag?post=67173"}],"curies":[{"name":"wp","href":"https:\/\/api.w.org\/{rel}","templated":true}]}}