{"id":62548,"date":"2025-06-23T08:26:08","date_gmt":"2025-06-23T06:26:08","guid":{"rendered":"https:\/\/www.rexxer.pl\/produkt\/bar-shears-600-mm-o-10-mm\/"},"modified":"2025-07-16T14:29:54","modified_gmt":"2025-07-16T12:29:54","slug":"bar-shears-600-mm-o-10-mm","status":"publish","type":"product","link":"https:\/\/www.rexxer.pl\/en\/produkt\/bar-shears-600-mm-o-10-mm\/","title":{"rendered":"Bar shears 600 mm \u00d8 10 mm"},"content":{"rendered":"<h3>Bar shears 600 mm \u00d8 10 mm<\/h3>\n<p>A bar shears are a hand tool that is used to cut metal bars, wires, pipes, or other materials in a cylindrical or spindle shape. They are commonly used in various industries, such as construction, metallurgy, electrical, maintenance and assembly work. Rod cutters consist of two blades that are firmly fastened together at one point. The shear blades are made of hardened steel, which is abrasion-resistant and durable. The blades have a special shape that allows precise cutting without causing deformation or cracks in the material. The shears have long handles that allow the operator to exert the right amount of force while cutting. The handles are covered with rubber pads to ensure comfort of use. Bar shears are used to cut various materials, such as steel, aluminum, copper, brass, or plastics. They can be used to cut bars of different shapes and diameters, depending on the specifications of the model.        <\/p>\n<h4>Specifications:<\/h4>\n<ul>\n<li>Tool size: 600 mm<\/li>\n<li>Maximum Rod Diameter: 10mm<\/li>\n<li>The jaws are made of high-quality CrMO steel<\/li>\n<li>Manufacturer: REXXER<\/li>\n<li>Model: REXXER<\/li>\n<li>SKU: RC-01-002<\/li>\n<li>EAN: 5907779940047<\/li>\n<\/ul>\n","protected":false},"excerpt":{"rendered":"<p>Bar shears 600 mm \u00d8 10 mm A bar shears are a hand tool that is used to cut metal<\/p>\n","protected":false},"featured_media":41137,"comment_status":"open","ping_status":"closed","template":"","meta":[],"product_brand":[],"product_cat":[908,784,907],"product_tag":[],"class_list":{"0":"post-62548","1":"product","2":"type-product","3":"status-publish","4":"has-post-thumbnail","6":"product_cat-for-the-bars","7":"product_cat-hand-tools","8":"product_cat-scissors","10":"first","11":"instock","12":"taxable","13":"shipping-taxable","14":"purchasable","15":"product-type-simple"},"yoast_head":"<!-- This site is optimized with the Yoast SEO plugin v27.5 - https:\/\/yoast.com\/product\/yoast-seo-wordpress\/ -->\n<title>Bar shears 600 mm \u00d8 10 mm - Narz\u0119dzia REXXER - sklep online<\/title>\n<meta name=\"robots\" content=\"index, follow, max-snippet:-1, max-image-preview:large, max-video-preview:-1\" \/>\n<link rel=\"canonical\" href=\"https:\/\/www.rexxer.pl\/en\/produkt\/bar-shears-600-mm-o-10-mm\/\" \/>\n<meta property=\"og:locale\" content=\"en_US\" \/>\n<meta property=\"og:type\" content=\"article\" \/>\n<meta property=\"og:title\" content=\"Bar shears 600 mm \u00d8 10 mm - Narz\u0119dzia REXXER - sklep online\" \/>\n<meta property=\"og:description\" content=\"Bar shears 600 mm \u00d8 10 mm A bar shears are a hand tool that is used to cut metal\" \/>\n<meta property=\"og:url\" content=\"https:\/\/www.rexxer.pl\/en\/produkt\/bar-shears-600-mm-o-10-mm\/\" \/>\n<meta property=\"og:site_name\" content=\"Narz\u0119dzia REXXER - sklep online\" \/>\n<meta property=\"article:publisher\" content=\"https:\/\/www.facebook.com\/Rexxertools\/\" \/>\n<meta property=\"article:modified_time\" content=\"2025-07-16T12:29:54+00:00\" \/>\n<meta property=\"og:image\" content=\"https:\/\/www.rexxer.pl\/wp-content\/uploads\/2025\/06\/145a78adf4946a26e1cb64309fba75ef.jpg\" \/>\n\t<meta property=\"og:image:width\" content=\"1648\" \/>\n\t<meta property=\"og:image:height\" content=\"1648\" \/>\n\t<meta property=\"og:image:type\" content=\"image\/jpeg\" \/>\n<meta name=\"twitter:card\" content=\"summary_large_image\" \/>\n<meta name=\"twitter:label1\" content=\"Est. reading time\" \/>\n\t<meta name=\"twitter:data1\" content=\"1 minute\" \/>\n<script type=\"application\/ld+json\" class=\"yoast-schema-graph\">{\"@context\":\"https:\\\/\\\/schema.org\",\"@graph\":[{\"@type\":\"WebPage\",\"@id\":\"https:\\\/\\\/www.rexxer.pl\\\/en\\\/produkt\\\/bar-shears-600-mm-o-10-mm\\\/\",\"url\":\"https:\\\/\\\/www.rexxer.pl\\\/en\\\/produkt\\\/bar-shears-600-mm-o-10-mm\\\/\",\"name\":\"Bar shears 600 mm \u00d8 10 mm - Narz\u0119dzia REXXER - sklep online\",\"isPartOf\":{\"@id\":\"https:\\\/\\\/www.rexxer.pl\\\/#website\"},\"primaryImageOfPage\":{\"@id\":\"https:\\\/\\\/www.rexxer.pl\\\/en\\\/produkt\\\/bar-shears-600-mm-o-10-mm\\\/#primaryimage\"},\"image\":{\"@id\":\"https:\\\/\\\/www.rexxer.pl\\\/en\\\/produkt\\\/bar-shears-600-mm-o-10-mm\\\/#primaryimage\"},\"thumbnailUrl\":\"https:\\\/\\\/www.rexxer.pl\\\/wp-content\\\/uploads\\\/2025\\\/06\\\/145a78adf4946a26e1cb64309fba75ef.jpg\",\"datePublished\":\"2025-06-23T06:26:08+00:00\",\"dateModified\":\"2025-07-16T12:29:54+00:00\",\"breadcrumb\":{\"@id\":\"https:\\\/\\\/www.rexxer.pl\\\/en\\\/produkt\\\/bar-shears-600-mm-o-10-mm\\\/#breadcrumb\"},\"inLanguage\":\"en-US\",\"potentialAction\":[{\"@type\":\"ReadAction\",\"target\":[\"https:\\\/\\\/www.rexxer.pl\\\/en\\\/produkt\\\/bar-shears-600-mm-o-10-mm\\\/\"]}]},{\"@type\":\"ImageObject\",\"inLanguage\":\"en-US\",\"@id\":\"https:\\\/\\\/www.rexxer.pl\\\/en\\\/produkt\\\/bar-shears-600-mm-o-10-mm\\\/#primaryimage\",\"url\":\"https:\\\/\\\/www.rexxer.pl\\\/wp-content\\\/uploads\\\/2025\\\/06\\\/145a78adf4946a26e1cb64309fba75ef.jpg\",\"contentUrl\":\"https:\\\/\\\/www.rexxer.pl\\\/wp-content\\\/uploads\\\/2025\\\/06\\\/145a78adf4946a26e1cb64309fba75ef.jpg\",\"width\":1648,\"height\":1648},{\"@type\":\"BreadcrumbList\",\"@id\":\"https:\\\/\\\/www.rexxer.pl\\\/en\\\/produkt\\\/bar-shears-600-mm-o-10-mm\\\/#breadcrumb\",\"itemListElement\":[{\"@type\":\"ListItem\",\"position\":1,\"name\":\"Strona g\u0142\u00f3wna\",\"item\":\"https:\\\/\\\/www.rexxer.pl\\\/en\\\/home\\\/\"},{\"@type\":\"ListItem\",\"position\":2,\"name\":\"Sklep\",\"item\":\"https:\\\/\\\/www.rexxer.pl\\\/sklep\\\/\"},{\"@type\":\"ListItem\",\"position\":3,\"name\":\"Bar shears 600 mm \u00d8 10 mm\"}]},{\"@type\":\"WebSite\",\"@id\":\"https:\\\/\\\/www.rexxer.pl\\\/#website\",\"url\":\"https:\\\/\\\/www.rexxer.pl\\\/\",\"name\":\"Narz\u0119dzia REXXER - sklep online\",\"description\":\"\",\"publisher\":{\"@id\":\"https:\\\/\\\/www.rexxer.pl\\\/#organization\"},\"potentialAction\":[{\"@type\":\"SearchAction\",\"target\":{\"@type\":\"EntryPoint\",\"urlTemplate\":\"https:\\\/\\\/www.rexxer.pl\\\/?s={search_term_string}\"},\"query-input\":{\"@type\":\"PropertyValueSpecification\",\"valueRequired\":true,\"valueName\":\"search_term_string\"}}],\"inLanguage\":\"en-US\"},{\"@type\":\"Organization\",\"@id\":\"https:\\\/\\\/www.rexxer.pl\\\/#organization\",\"name\":\"Narz\u0119dzia REXXER - sklep online\",\"url\":\"https:\\\/\\\/www.rexxer.pl\\\/\",\"logo\":{\"@type\":\"ImageObject\",\"inLanguage\":\"en-US\",\"@id\":\"https:\\\/\\\/www.rexxer.pl\\\/#\\\/schema\\\/logo\\\/image\\\/\",\"url\":\"https:\\\/\\\/www.rexxer.pl\\\/wp-content\\\/uploads\\\/2025\\\/08\\\/logo.png\",\"contentUrl\":\"https:\\\/\\\/www.rexxer.pl\\\/wp-content\\\/uploads\\\/2025\\\/08\\\/logo.png\",\"width\":225,\"height\":114,\"caption\":\"Narz\u0119dzia REXXER - sklep online\"},\"image\":{\"@id\":\"https:\\\/\\\/www.rexxer.pl\\\/#\\\/schema\\\/logo\\\/image\\\/\"},\"sameAs\":[\"https:\\\/\\\/www.facebook.com\\\/Rexxertools\\\/\"]}]}<\/script>\n<!-- \/ Yoast SEO plugin. -->","yoast_head_json":{"title":"Bar shears 600 mm \u00d8 10 mm - Narz\u0119dzia REXXER - sklep online","robots":{"index":"index","follow":"follow","max-snippet":"max-snippet:-1","max-image-preview":"max-image-preview:large","max-video-preview":"max-video-preview:-1"},"canonical":"https:\/\/www.rexxer.pl\/en\/produkt\/bar-shears-600-mm-o-10-mm\/","og_locale":"en_US","og_type":"article","og_title":"Bar shears 600 mm \u00d8 10 mm - Narz\u0119dzia REXXER - sklep online","og_description":"Bar shears 600 mm \u00d8 10 mm A bar shears are a hand tool that is used to cut metal","og_url":"https:\/\/www.rexxer.pl\/en\/produkt\/bar-shears-600-mm-o-10-mm\/","og_site_name":"Narz\u0119dzia REXXER - sklep online","article_publisher":"https:\/\/www.facebook.com\/Rexxertools\/","article_modified_time":"2025-07-16T12:29:54+00:00","og_image":[{"width":1648,"height":1648,"url":"https:\/\/www.rexxer.pl\/wp-content\/uploads\/2025\/06\/145a78adf4946a26e1cb64309fba75ef.jpg","type":"image\/jpeg"}],"twitter_card":"summary_large_image","twitter_misc":{"Est. reading time":"1 minute"},"schema":{"@context":"https:\/\/schema.org","@graph":[{"@type":"WebPage","@id":"https:\/\/www.rexxer.pl\/en\/produkt\/bar-shears-600-mm-o-10-mm\/","url":"https:\/\/www.rexxer.pl\/en\/produkt\/bar-shears-600-mm-o-10-mm\/","name":"Bar shears 600 mm \u00d8 10 mm - Narz\u0119dzia REXXER - sklep online","isPartOf":{"@id":"https:\/\/www.rexxer.pl\/#website"},"primaryImageOfPage":{"@id":"https:\/\/www.rexxer.pl\/en\/produkt\/bar-shears-600-mm-o-10-mm\/#primaryimage"},"image":{"@id":"https:\/\/www.rexxer.pl\/en\/produkt\/bar-shears-600-mm-o-10-mm\/#primaryimage"},"thumbnailUrl":"https:\/\/www.rexxer.pl\/wp-content\/uploads\/2025\/06\/145a78adf4946a26e1cb64309fba75ef.jpg","datePublished":"2025-06-23T06:26:08+00:00","dateModified":"2025-07-16T12:29:54+00:00","breadcrumb":{"@id":"https:\/\/www.rexxer.pl\/en\/produkt\/bar-shears-600-mm-o-10-mm\/#breadcrumb"},"inLanguage":"en-US","potentialAction":[{"@type":"ReadAction","target":["https:\/\/www.rexxer.pl\/en\/produkt\/bar-shears-600-mm-o-10-mm\/"]}]},{"@type":"ImageObject","inLanguage":"en-US","@id":"https:\/\/www.rexxer.pl\/en\/produkt\/bar-shears-600-mm-o-10-mm\/#primaryimage","url":"https:\/\/www.rexxer.pl\/wp-content\/uploads\/2025\/06\/145a78adf4946a26e1cb64309fba75ef.jpg","contentUrl":"https:\/\/www.rexxer.pl\/wp-content\/uploads\/2025\/06\/145a78adf4946a26e1cb64309fba75ef.jpg","width":1648,"height":1648},{"@type":"BreadcrumbList","@id":"https:\/\/www.rexxer.pl\/en\/produkt\/bar-shears-600-mm-o-10-mm\/#breadcrumb","itemListElement":[{"@type":"ListItem","position":1,"name":"Strona g\u0142\u00f3wna","item":"https:\/\/www.rexxer.pl\/en\/home\/"},{"@type":"ListItem","position":2,"name":"Sklep","item":"https:\/\/www.rexxer.pl\/sklep\/"},{"@type":"ListItem","position":3,"name":"Bar shears 600 mm \u00d8 10 mm"}]},{"@type":"WebSite","@id":"https:\/\/www.rexxer.pl\/#website","url":"https:\/\/www.rexxer.pl\/","name":"Narz\u0119dzia REXXER - sklep online","description":"","publisher":{"@id":"https:\/\/www.rexxer.pl\/#organization"},"potentialAction":[{"@type":"SearchAction","target":{"@type":"EntryPoint","urlTemplate":"https:\/\/www.rexxer.pl\/?s={search_term_string}"},"query-input":{"@type":"PropertyValueSpecification","valueRequired":true,"valueName":"search_term_string"}}],"inLanguage":"en-US"},{"@type":"Organization","@id":"https:\/\/www.rexxer.pl\/#organization","name":"Narz\u0119dzia REXXER - sklep online","url":"https:\/\/www.rexxer.pl\/","logo":{"@type":"ImageObject","inLanguage":"en-US","@id":"https:\/\/www.rexxer.pl\/#\/schema\/logo\/image\/","url":"https:\/\/www.rexxer.pl\/wp-content\/uploads\/2025\/08\/logo.png","contentUrl":"https:\/\/www.rexxer.pl\/wp-content\/uploads\/2025\/08\/logo.png","width":225,"height":114,"caption":"Narz\u0119dzia REXXER - sklep online"},"image":{"@id":"https:\/\/www.rexxer.pl\/#\/schema\/logo\/image\/"},"sameAs":["https:\/\/www.facebook.com\/Rexxertools\/"]}]}},"_links":{"self":[{"href":"https:\/\/www.rexxer.pl\/en\/wp-json\/wp\/v2\/product\/62548","targetHints":{"allow":["GET"]}}],"collection":[{"href":"https:\/\/www.rexxer.pl\/en\/wp-json\/wp\/v2\/product"}],"about":[{"href":"https:\/\/www.rexxer.pl\/en\/wp-json\/wp\/v2\/types\/product"}],"replies":[{"embeddable":true,"href":"https:\/\/www.rexxer.pl\/en\/wp-json\/wp\/v2\/comments?post=62548"}],"version-history":[{"count":0,"href":"https:\/\/www.rexxer.pl\/en\/wp-json\/wp\/v2\/product\/62548\/revisions"}],"wp:featuredmedia":[{"embeddable":true,"href":"https:\/\/www.rexxer.pl\/en\/wp-json\/wp\/v2\/media\/41137"}],"wp:attachment":[{"href":"https:\/\/www.rexxer.pl\/en\/wp-json\/wp\/v2\/media?parent=62548"}],"wp:term":[{"taxonomy":"product_brand","embeddable":true,"href":"https:\/\/www.rexxer.pl\/en\/wp-json\/wp\/v2\/product_brand?post=62548"},{"taxonomy":"product_cat","embeddable":true,"href":"https:\/\/www.rexxer.pl\/en\/wp-json\/wp\/v2\/product_cat?post=62548"},{"taxonomy":"product_tag","embeddable":true,"href":"https:\/\/www.rexxer.pl\/en\/wp-json\/wp\/v2\/product_tag?post=62548"}],"curies":[{"name":"wp","href":"https:\/\/api.w.org\/{rel}","templated":true}]}}