{"id":62547,"date":"2025-06-23T08:25:27","date_gmt":"2025-06-23T06:25:27","guid":{"rendered":"https:\/\/www.rexxer.pl\/produkt\/bar-shears-900-mm-o-16-mm\/"},"modified":"2025-07-16T14:29:12","modified_gmt":"2025-07-16T12:29:12","slug":"bar-shears-900-mm-o-16-mm","status":"publish","type":"product","link":"https:\/\/www.rexxer.pl\/en\/produkt\/bar-shears-900-mm-o-16-mm\/","title":{"rendered":"Bar shears 900 mm \u00d8 16 mm"},"content":{"rendered":"<h3>Bar shears 900 mm \u00d8 16 mm<\/h3>\n<p>A bar shears are a handheld tool designed to cut metal bars, wires, pipes, and other cylindrical or spindle materials. Commonly used in industries such as construction, metallurgy, electrical, as well as in maintenance and assembly work. They are equipped with hardened blades made of high-quality CrMO steel, resistant to abrasion and durable, which allows for precise cutting without deformation of the material. Long handles with rubber pads ensure comfort and adequate power during work. The shears are ideal for cutting steel, aluminium, copper, brass or plastics up to 16 mm in diameter.    <\/p>\n<h4>Specifications:<\/h4>\n<ul>\n<li>Tool length: 900 mm<\/li>\n<li>Maximum diameter of the cut bar: 16 mm<\/li>\n<li>Blades Material: CrMO Steel<\/li>\n<li>Manufacturer: REXXER<\/li>\n<li>Model: REXXER<\/li>\n<li>SKU: RC-01-004<\/li>\n<li>EAN: 5907779940061<\/li>\n<\/ul>\n","protected":false},"excerpt":{"rendered":"<p>Bar shears 900 mm \u00d8 16 mm A bar shears are a handheld tool designed to cut metal bars, wires,<\/p>\n","protected":false},"featured_media":41098,"comment_status":"open","ping_status":"closed","template":"","meta":[],"product_brand":[],"product_cat":[908,784,907],"product_tag":[],"class_list":{"0":"post-62547","1":"product","2":"type-product","3":"status-publish","4":"has-post-thumbnail","6":"product_cat-for-the-bars","7":"product_cat-hand-tools","8":"product_cat-scissors","10":"first","11":"instock","12":"taxable","13":"shipping-taxable","14":"purchasable","15":"product-type-simple"},"yoast_head":"<!-- This site is optimized with the Yoast SEO plugin v27.5 - https:\/\/yoast.com\/product\/yoast-seo-wordpress\/ -->\n<title>Bar shears 900 mm \u00d8 16 mm - Narz\u0119dzia REXXER - sklep online<\/title>\n<meta name=\"robots\" content=\"index, follow, max-snippet:-1, max-image-preview:large, max-video-preview:-1\" \/>\n<link rel=\"canonical\" href=\"https:\/\/www.rexxer.pl\/en\/produkt\/bar-shears-900-mm-o-16-mm\/\" \/>\n<meta property=\"og:locale\" content=\"en_US\" \/>\n<meta property=\"og:type\" content=\"article\" \/>\n<meta property=\"og:title\" content=\"Bar shears 900 mm \u00d8 16 mm - Narz\u0119dzia REXXER - sklep online\" \/>\n<meta property=\"og:description\" content=\"Bar shears 900 mm \u00d8 16 mm A bar shears are a handheld tool designed to cut metal bars, wires,\" \/>\n<meta property=\"og:url\" content=\"https:\/\/www.rexxer.pl\/en\/produkt\/bar-shears-900-mm-o-16-mm\/\" \/>\n<meta property=\"og:site_name\" content=\"Narz\u0119dzia REXXER - sklep online\" \/>\n<meta property=\"article:publisher\" content=\"https:\/\/www.facebook.com\/Rexxertools\/\" \/>\n<meta property=\"article:modified_time\" content=\"2025-07-16T12:29:12+00:00\" \/>\n<meta property=\"og:image\" content=\"https:\/\/www.rexxer.pl\/wp-content\/uploads\/2025\/06\/56ffef53bc8c26458a15280852ece75c.jpg\" \/>\n\t<meta property=\"og:image:width\" content=\"1648\" \/>\n\t<meta property=\"og:image:height\" content=\"1648\" \/>\n\t<meta property=\"og:image:type\" content=\"image\/jpeg\" \/>\n<meta name=\"twitter:card\" content=\"summary_large_image\" \/>\n<meta name=\"twitter:label1\" content=\"Est. reading time\" \/>\n\t<meta name=\"twitter:data1\" content=\"1 minute\" \/>\n<script type=\"application\/ld+json\" class=\"yoast-schema-graph\">{\"@context\":\"https:\\\/\\\/schema.org\",\"@graph\":[{\"@type\":\"WebPage\",\"@id\":\"https:\\\/\\\/www.rexxer.pl\\\/en\\\/produkt\\\/bar-shears-900-mm-o-16-mm\\\/\",\"url\":\"https:\\\/\\\/www.rexxer.pl\\\/en\\\/produkt\\\/bar-shears-900-mm-o-16-mm\\\/\",\"name\":\"Bar shears 900 mm \u00d8 16 mm - Narz\u0119dzia REXXER - sklep online\",\"isPartOf\":{\"@id\":\"https:\\\/\\\/www.rexxer.pl\\\/#website\"},\"primaryImageOfPage\":{\"@id\":\"https:\\\/\\\/www.rexxer.pl\\\/en\\\/produkt\\\/bar-shears-900-mm-o-16-mm\\\/#primaryimage\"},\"image\":{\"@id\":\"https:\\\/\\\/www.rexxer.pl\\\/en\\\/produkt\\\/bar-shears-900-mm-o-16-mm\\\/#primaryimage\"},\"thumbnailUrl\":\"https:\\\/\\\/www.rexxer.pl\\\/wp-content\\\/uploads\\\/2025\\\/06\\\/56ffef53bc8c26458a15280852ece75c.jpg\",\"datePublished\":\"2025-06-23T06:25:27+00:00\",\"dateModified\":\"2025-07-16T12:29:12+00:00\",\"breadcrumb\":{\"@id\":\"https:\\\/\\\/www.rexxer.pl\\\/en\\\/produkt\\\/bar-shears-900-mm-o-16-mm\\\/#breadcrumb\"},\"inLanguage\":\"en-US\",\"potentialAction\":[{\"@type\":\"ReadAction\",\"target\":[\"https:\\\/\\\/www.rexxer.pl\\\/en\\\/produkt\\\/bar-shears-900-mm-o-16-mm\\\/\"]}]},{\"@type\":\"ImageObject\",\"inLanguage\":\"en-US\",\"@id\":\"https:\\\/\\\/www.rexxer.pl\\\/en\\\/produkt\\\/bar-shears-900-mm-o-16-mm\\\/#primaryimage\",\"url\":\"https:\\\/\\\/www.rexxer.pl\\\/wp-content\\\/uploads\\\/2025\\\/06\\\/56ffef53bc8c26458a15280852ece75c.jpg\",\"contentUrl\":\"https:\\\/\\\/www.rexxer.pl\\\/wp-content\\\/uploads\\\/2025\\\/06\\\/56ffef53bc8c26458a15280852ece75c.jpg\",\"width\":1648,\"height\":1648},{\"@type\":\"BreadcrumbList\",\"@id\":\"https:\\\/\\\/www.rexxer.pl\\\/en\\\/produkt\\\/bar-shears-900-mm-o-16-mm\\\/#breadcrumb\",\"itemListElement\":[{\"@type\":\"ListItem\",\"position\":1,\"name\":\"Strona g\u0142\u00f3wna\",\"item\":\"https:\\\/\\\/www.rexxer.pl\\\/en\\\/home\\\/\"},{\"@type\":\"ListItem\",\"position\":2,\"name\":\"Sklep\",\"item\":\"https:\\\/\\\/www.rexxer.pl\\\/sklep\\\/\"},{\"@type\":\"ListItem\",\"position\":3,\"name\":\"Bar shears 900 mm \u00d8 16 mm\"}]},{\"@type\":\"WebSite\",\"@id\":\"https:\\\/\\\/www.rexxer.pl\\\/#website\",\"url\":\"https:\\\/\\\/www.rexxer.pl\\\/\",\"name\":\"Narz\u0119dzia REXXER - sklep online\",\"description\":\"\",\"publisher\":{\"@id\":\"https:\\\/\\\/www.rexxer.pl\\\/#organization\"},\"potentialAction\":[{\"@type\":\"SearchAction\",\"target\":{\"@type\":\"EntryPoint\",\"urlTemplate\":\"https:\\\/\\\/www.rexxer.pl\\\/?s={search_term_string}\"},\"query-input\":{\"@type\":\"PropertyValueSpecification\",\"valueRequired\":true,\"valueName\":\"search_term_string\"}}],\"inLanguage\":\"en-US\"},{\"@type\":\"Organization\",\"@id\":\"https:\\\/\\\/www.rexxer.pl\\\/#organization\",\"name\":\"Narz\u0119dzia REXXER - sklep online\",\"url\":\"https:\\\/\\\/www.rexxer.pl\\\/\",\"logo\":{\"@type\":\"ImageObject\",\"inLanguage\":\"en-US\",\"@id\":\"https:\\\/\\\/www.rexxer.pl\\\/#\\\/schema\\\/logo\\\/image\\\/\",\"url\":\"https:\\\/\\\/www.rexxer.pl\\\/wp-content\\\/uploads\\\/2025\\\/08\\\/logo.png\",\"contentUrl\":\"https:\\\/\\\/www.rexxer.pl\\\/wp-content\\\/uploads\\\/2025\\\/08\\\/logo.png\",\"width\":225,\"height\":114,\"caption\":\"Narz\u0119dzia REXXER - sklep online\"},\"image\":{\"@id\":\"https:\\\/\\\/www.rexxer.pl\\\/#\\\/schema\\\/logo\\\/image\\\/\"},\"sameAs\":[\"https:\\\/\\\/www.facebook.com\\\/Rexxertools\\\/\"]}]}<\/script>\n<!-- \/ Yoast SEO plugin. -->","yoast_head_json":{"title":"Bar shears 900 mm \u00d8 16 mm - Narz\u0119dzia REXXER - sklep online","robots":{"index":"index","follow":"follow","max-snippet":"max-snippet:-1","max-image-preview":"max-image-preview:large","max-video-preview":"max-video-preview:-1"},"canonical":"https:\/\/www.rexxer.pl\/en\/produkt\/bar-shears-900-mm-o-16-mm\/","og_locale":"en_US","og_type":"article","og_title":"Bar shears 900 mm \u00d8 16 mm - Narz\u0119dzia REXXER - sklep online","og_description":"Bar shears 900 mm \u00d8 16 mm A bar shears are a handheld tool designed to cut metal bars, wires,","og_url":"https:\/\/www.rexxer.pl\/en\/produkt\/bar-shears-900-mm-o-16-mm\/","og_site_name":"Narz\u0119dzia REXXER - sklep online","article_publisher":"https:\/\/www.facebook.com\/Rexxertools\/","article_modified_time":"2025-07-16T12:29:12+00:00","og_image":[{"width":1648,"height":1648,"url":"https:\/\/www.rexxer.pl\/wp-content\/uploads\/2025\/06\/56ffef53bc8c26458a15280852ece75c.jpg","type":"image\/jpeg"}],"twitter_card":"summary_large_image","twitter_misc":{"Est. reading time":"1 minute"},"schema":{"@context":"https:\/\/schema.org","@graph":[{"@type":"WebPage","@id":"https:\/\/www.rexxer.pl\/en\/produkt\/bar-shears-900-mm-o-16-mm\/","url":"https:\/\/www.rexxer.pl\/en\/produkt\/bar-shears-900-mm-o-16-mm\/","name":"Bar shears 900 mm \u00d8 16 mm - Narz\u0119dzia REXXER - sklep online","isPartOf":{"@id":"https:\/\/www.rexxer.pl\/#website"},"primaryImageOfPage":{"@id":"https:\/\/www.rexxer.pl\/en\/produkt\/bar-shears-900-mm-o-16-mm\/#primaryimage"},"image":{"@id":"https:\/\/www.rexxer.pl\/en\/produkt\/bar-shears-900-mm-o-16-mm\/#primaryimage"},"thumbnailUrl":"https:\/\/www.rexxer.pl\/wp-content\/uploads\/2025\/06\/56ffef53bc8c26458a15280852ece75c.jpg","datePublished":"2025-06-23T06:25:27+00:00","dateModified":"2025-07-16T12:29:12+00:00","breadcrumb":{"@id":"https:\/\/www.rexxer.pl\/en\/produkt\/bar-shears-900-mm-o-16-mm\/#breadcrumb"},"inLanguage":"en-US","potentialAction":[{"@type":"ReadAction","target":["https:\/\/www.rexxer.pl\/en\/produkt\/bar-shears-900-mm-o-16-mm\/"]}]},{"@type":"ImageObject","inLanguage":"en-US","@id":"https:\/\/www.rexxer.pl\/en\/produkt\/bar-shears-900-mm-o-16-mm\/#primaryimage","url":"https:\/\/www.rexxer.pl\/wp-content\/uploads\/2025\/06\/56ffef53bc8c26458a15280852ece75c.jpg","contentUrl":"https:\/\/www.rexxer.pl\/wp-content\/uploads\/2025\/06\/56ffef53bc8c26458a15280852ece75c.jpg","width":1648,"height":1648},{"@type":"BreadcrumbList","@id":"https:\/\/www.rexxer.pl\/en\/produkt\/bar-shears-900-mm-o-16-mm\/#breadcrumb","itemListElement":[{"@type":"ListItem","position":1,"name":"Strona g\u0142\u00f3wna","item":"https:\/\/www.rexxer.pl\/en\/home\/"},{"@type":"ListItem","position":2,"name":"Sklep","item":"https:\/\/www.rexxer.pl\/sklep\/"},{"@type":"ListItem","position":3,"name":"Bar shears 900 mm \u00d8 16 mm"}]},{"@type":"WebSite","@id":"https:\/\/www.rexxer.pl\/#website","url":"https:\/\/www.rexxer.pl\/","name":"Narz\u0119dzia REXXER - sklep online","description":"","publisher":{"@id":"https:\/\/www.rexxer.pl\/#organization"},"potentialAction":[{"@type":"SearchAction","target":{"@type":"EntryPoint","urlTemplate":"https:\/\/www.rexxer.pl\/?s={search_term_string}"},"query-input":{"@type":"PropertyValueSpecification","valueRequired":true,"valueName":"search_term_string"}}],"inLanguage":"en-US"},{"@type":"Organization","@id":"https:\/\/www.rexxer.pl\/#organization","name":"Narz\u0119dzia REXXER - sklep online","url":"https:\/\/www.rexxer.pl\/","logo":{"@type":"ImageObject","inLanguage":"en-US","@id":"https:\/\/www.rexxer.pl\/#\/schema\/logo\/image\/","url":"https:\/\/www.rexxer.pl\/wp-content\/uploads\/2025\/08\/logo.png","contentUrl":"https:\/\/www.rexxer.pl\/wp-content\/uploads\/2025\/08\/logo.png","width":225,"height":114,"caption":"Narz\u0119dzia REXXER - sklep online"},"image":{"@id":"https:\/\/www.rexxer.pl\/#\/schema\/logo\/image\/"},"sameAs":["https:\/\/www.facebook.com\/Rexxertools\/"]}]}},"_links":{"self":[{"href":"https:\/\/www.rexxer.pl\/en\/wp-json\/wp\/v2\/product\/62547","targetHints":{"allow":["GET"]}}],"collection":[{"href":"https:\/\/www.rexxer.pl\/en\/wp-json\/wp\/v2\/product"}],"about":[{"href":"https:\/\/www.rexxer.pl\/en\/wp-json\/wp\/v2\/types\/product"}],"replies":[{"embeddable":true,"href":"https:\/\/www.rexxer.pl\/en\/wp-json\/wp\/v2\/comments?post=62547"}],"version-history":[{"count":0,"href":"https:\/\/www.rexxer.pl\/en\/wp-json\/wp\/v2\/product\/62547\/revisions"}],"wp:featuredmedia":[{"embeddable":true,"href":"https:\/\/www.rexxer.pl\/en\/wp-json\/wp\/v2\/media\/41098"}],"wp:attachment":[{"href":"https:\/\/www.rexxer.pl\/en\/wp-json\/wp\/v2\/media?parent=62547"}],"wp:term":[{"taxonomy":"product_brand","embeddable":true,"href":"https:\/\/www.rexxer.pl\/en\/wp-json\/wp\/v2\/product_brand?post=62547"},{"taxonomy":"product_cat","embeddable":true,"href":"https:\/\/www.rexxer.pl\/en\/wp-json\/wp\/v2\/product_cat?post=62547"},{"taxonomy":"product_tag","embeddable":true,"href":"https:\/\/www.rexxer.pl\/en\/wp-json\/wp\/v2\/product_tag?post=62547"}],"curies":[{"name":"wp","href":"https:\/\/api.w.org\/{rel}","templated":true}]}}