{"id":62135,"date":"2025-06-09T11:06:00","date_gmt":"2025-06-09T09:06:00","guid":{"rendered":"https:\/\/www.rexxer.pl\/produkt\/kitchen-gas-burner-for-creme-brulee-200-w\/"},"modified":"2026-03-17T12:29:25","modified_gmt":"2026-03-17T11:29:25","slug":"kitchen-gas-burner-for-creme-brulee-200-w","status":"publish","type":"product","link":"https:\/\/www.rexxer.pl\/en\/produkt\/kitchen-gas-burner-for-creme-brulee-200-w\/","title":{"rendered":"Kitchen gas burner for Creme Brulee 200 W"},"content":{"rendered":"<h3>GAS BURNER FOR CR\u00c8ME BRULEE 200 W REXXER<\/h3>\n<p>This kitchen gas burner is a versatile tool, powered by lighter gas, ideal for a wide range of applications. It has a piezoelectric ignition and a knob to adjust the gas flow, located at the end of the head, which provides easy control of the flame. <\/p>\n<p>The torch is perfect for soldering, heating and drying, but its main advantages are revealed in catering applications. It can be used to perfectly prepare desserts such as cr\u00e8me br\u00fbl\u00e9e, to give a perfectly crispy crust when grilling, and to remove hair from pork knuckles, meat or cheese. It is also irreplaceable when lighting a barbecue, fireplace or bonfire.  <\/p>\n<p>For safety, the burner is equipped with an effective interlock to prevent accidental switching. The tank, which also acts as a handle, is made of durable aluminum, which guarantees a long life and comfort of use. <\/p>\n<h3>Specifications:<\/h3>\n<ul>\n<li><b>Ignition: piezoelectric<\/b><\/li>\n<li><b>Gas consumption:<\/b> 13.1 g\/h<\/li>\n<li><b>Maximum temperature:<\/b> 1300 degrees Celsius<\/li>\n<li><b>Tiltable:<\/b> Yes<\/li>\n<li><b>Flame Narrowness:<\/b> Adjustable with a Knob<\/li>\n<li><b>Producer:<\/b> REXXER<\/li>\n<li><b>Model:<\/b> REXXER<\/li>\n<li><b>SKU:<\/b> RB-04-092<\/li>\n<li><b>EAN:<\/b> 5901180830997<\/li>\n<\/ul>\n","protected":false},"excerpt":{"rendered":"<p>GAS BURNER FOR CR\u00c8ME BRULEE 200 W REXXER This kitchen gas burner is a versatile tool, powered by lighter gas,<\/p>\n","protected":false},"featured_media":38290,"comment_status":"open","ping_status":"closed","template":"","meta":[],"product_brand":[],"product_cat":[842,841,777],"product_tag":[],"class_list":{"0":"post-62135","1":"product","2":"type-product","3":"status-publish","4":"has-post-thumbnail","6":"product_cat-gas-burners","7":"product_cat-joining-and-soldering","8":"product_cat-tools","10":"first","11":"instock","12":"taxable","13":"shipping-taxable","14":"purchasable","15":"product-type-simple"},"yoast_head":"<!-- This site is optimized with the Yoast SEO plugin v27.5 - https:\/\/yoast.com\/product\/yoast-seo-wordpress\/ -->\n<title>Kitchen gas burner for Creme Brulee 200 W - Narz\u0119dzia REXXER - sklep online<\/title>\n<meta name=\"robots\" content=\"index, follow, max-snippet:-1, max-image-preview:large, max-video-preview:-1\" \/>\n<link rel=\"canonical\" href=\"https:\/\/www.rexxer.pl\/en\/produkt\/kitchen-gas-burner-for-creme-brulee-200-w\/\" \/>\n<meta property=\"og:locale\" content=\"en_US\" \/>\n<meta property=\"og:type\" content=\"article\" \/>\n<meta property=\"og:title\" content=\"Kitchen gas burner for Creme Brulee 200 W - Narz\u0119dzia REXXER - sklep online\" \/>\n<meta property=\"og:description\" content=\"GAS BURNER FOR CR\u00c8ME BRULEE 200 W REXXER This kitchen gas burner is a versatile tool, powered by lighter gas,\" \/>\n<meta property=\"og:url\" content=\"https:\/\/www.rexxer.pl\/en\/produkt\/kitchen-gas-burner-for-creme-brulee-200-w\/\" \/>\n<meta property=\"og:site_name\" content=\"Narz\u0119dzia REXXER - sklep online\" \/>\n<meta property=\"article:publisher\" content=\"https:\/\/www.facebook.com\/Rexxertools\/\" \/>\n<meta property=\"article:modified_time\" content=\"2026-03-17T11:29:25+00:00\" \/>\n<meta property=\"og:image\" content=\"https:\/\/www.rexxer.pl\/wp-content\/uploads\/2025\/06\/c162691c9ed7496d8b798860409f68c1.jpg\" \/>\n\t<meta property=\"og:image:width\" content=\"1984\" \/>\n\t<meta property=\"og:image:height\" content=\"1984\" \/>\n\t<meta property=\"og:image:type\" content=\"image\/jpeg\" \/>\n<meta name=\"twitter:card\" content=\"summary_large_image\" \/>\n<meta name=\"twitter:label1\" content=\"Est. reading time\" \/>\n\t<meta name=\"twitter:data1\" content=\"1 minute\" \/>\n<script type=\"application\/ld+json\" class=\"yoast-schema-graph\">{\"@context\":\"https:\\\/\\\/schema.org\",\"@graph\":[{\"@type\":\"WebPage\",\"@id\":\"https:\\\/\\\/www.rexxer.pl\\\/en\\\/produkt\\\/kitchen-gas-burner-for-creme-brulee-200-w\\\/\",\"url\":\"https:\\\/\\\/www.rexxer.pl\\\/en\\\/produkt\\\/kitchen-gas-burner-for-creme-brulee-200-w\\\/\",\"name\":\"Kitchen gas burner for Creme Brulee 200 W - Narz\u0119dzia REXXER - sklep online\",\"isPartOf\":{\"@id\":\"https:\\\/\\\/www.rexxer.pl\\\/#website\"},\"primaryImageOfPage\":{\"@id\":\"https:\\\/\\\/www.rexxer.pl\\\/en\\\/produkt\\\/kitchen-gas-burner-for-creme-brulee-200-w\\\/#primaryimage\"},\"image\":{\"@id\":\"https:\\\/\\\/www.rexxer.pl\\\/en\\\/produkt\\\/kitchen-gas-burner-for-creme-brulee-200-w\\\/#primaryimage\"},\"thumbnailUrl\":\"https:\\\/\\\/www.rexxer.pl\\\/wp-content\\\/uploads\\\/2025\\\/06\\\/c162691c9ed7496d8b798860409f68c1.jpg\",\"datePublished\":\"2025-06-09T09:06:00+00:00\",\"dateModified\":\"2026-03-17T11:29:25+00:00\",\"breadcrumb\":{\"@id\":\"https:\\\/\\\/www.rexxer.pl\\\/en\\\/produkt\\\/kitchen-gas-burner-for-creme-brulee-200-w\\\/#breadcrumb\"},\"inLanguage\":\"en-US\",\"potentialAction\":[{\"@type\":\"ReadAction\",\"target\":[\"https:\\\/\\\/www.rexxer.pl\\\/en\\\/produkt\\\/kitchen-gas-burner-for-creme-brulee-200-w\\\/\"]}]},{\"@type\":\"ImageObject\",\"inLanguage\":\"en-US\",\"@id\":\"https:\\\/\\\/www.rexxer.pl\\\/en\\\/produkt\\\/kitchen-gas-burner-for-creme-brulee-200-w\\\/#primaryimage\",\"url\":\"https:\\\/\\\/www.rexxer.pl\\\/wp-content\\\/uploads\\\/2025\\\/06\\\/c162691c9ed7496d8b798860409f68c1.jpg\",\"contentUrl\":\"https:\\\/\\\/www.rexxer.pl\\\/wp-content\\\/uploads\\\/2025\\\/06\\\/c162691c9ed7496d8b798860409f68c1.jpg\",\"width\":1984,\"height\":1984},{\"@type\":\"BreadcrumbList\",\"@id\":\"https:\\\/\\\/www.rexxer.pl\\\/en\\\/produkt\\\/kitchen-gas-burner-for-creme-brulee-200-w\\\/#breadcrumb\",\"itemListElement\":[{\"@type\":\"ListItem\",\"position\":1,\"name\":\"Strona g\u0142\u00f3wna\",\"item\":\"https:\\\/\\\/www.rexxer.pl\\\/en\\\/home\\\/\"},{\"@type\":\"ListItem\",\"position\":2,\"name\":\"Sklep\",\"item\":\"https:\\\/\\\/www.rexxer.pl\\\/sklep\\\/\"},{\"@type\":\"ListItem\",\"position\":3,\"name\":\"Kitchen gas burner for Creme Brulee 200 W\"}]},{\"@type\":\"WebSite\",\"@id\":\"https:\\\/\\\/www.rexxer.pl\\\/#website\",\"url\":\"https:\\\/\\\/www.rexxer.pl\\\/\",\"name\":\"Narz\u0119dzia REXXER - sklep online\",\"description\":\"\",\"publisher\":{\"@id\":\"https:\\\/\\\/www.rexxer.pl\\\/#organization\"},\"potentialAction\":[{\"@type\":\"SearchAction\",\"target\":{\"@type\":\"EntryPoint\",\"urlTemplate\":\"https:\\\/\\\/www.rexxer.pl\\\/?s={search_term_string}\"},\"query-input\":{\"@type\":\"PropertyValueSpecification\",\"valueRequired\":true,\"valueName\":\"search_term_string\"}}],\"inLanguage\":\"en-US\"},{\"@type\":\"Organization\",\"@id\":\"https:\\\/\\\/www.rexxer.pl\\\/#organization\",\"name\":\"Narz\u0119dzia REXXER - sklep online\",\"url\":\"https:\\\/\\\/www.rexxer.pl\\\/\",\"logo\":{\"@type\":\"ImageObject\",\"inLanguage\":\"en-US\",\"@id\":\"https:\\\/\\\/www.rexxer.pl\\\/#\\\/schema\\\/logo\\\/image\\\/\",\"url\":\"https:\\\/\\\/www.rexxer.pl\\\/wp-content\\\/uploads\\\/2025\\\/08\\\/logo.png\",\"contentUrl\":\"https:\\\/\\\/www.rexxer.pl\\\/wp-content\\\/uploads\\\/2025\\\/08\\\/logo.png\",\"width\":225,\"height\":114,\"caption\":\"Narz\u0119dzia REXXER - sklep online\"},\"image\":{\"@id\":\"https:\\\/\\\/www.rexxer.pl\\\/#\\\/schema\\\/logo\\\/image\\\/\"},\"sameAs\":[\"https:\\\/\\\/www.facebook.com\\\/Rexxertools\\\/\"]}]}<\/script>\n<!-- \/ Yoast SEO plugin. -->","yoast_head_json":{"title":"Kitchen gas burner for Creme Brulee 200 W - Narz\u0119dzia REXXER - sklep online","robots":{"index":"index","follow":"follow","max-snippet":"max-snippet:-1","max-image-preview":"max-image-preview:large","max-video-preview":"max-video-preview:-1"},"canonical":"https:\/\/www.rexxer.pl\/en\/produkt\/kitchen-gas-burner-for-creme-brulee-200-w\/","og_locale":"en_US","og_type":"article","og_title":"Kitchen gas burner for Creme Brulee 200 W - Narz\u0119dzia REXXER - sklep online","og_description":"GAS BURNER FOR CR\u00c8ME BRULEE 200 W REXXER This kitchen gas burner is a versatile tool, powered by lighter gas,","og_url":"https:\/\/www.rexxer.pl\/en\/produkt\/kitchen-gas-burner-for-creme-brulee-200-w\/","og_site_name":"Narz\u0119dzia REXXER - sklep online","article_publisher":"https:\/\/www.facebook.com\/Rexxertools\/","article_modified_time":"2026-03-17T11:29:25+00:00","og_image":[{"width":1984,"height":1984,"url":"https:\/\/www.rexxer.pl\/wp-content\/uploads\/2025\/06\/c162691c9ed7496d8b798860409f68c1.jpg","type":"image\/jpeg"}],"twitter_card":"summary_large_image","twitter_misc":{"Est. reading time":"1 minute"},"schema":{"@context":"https:\/\/schema.org","@graph":[{"@type":"WebPage","@id":"https:\/\/www.rexxer.pl\/en\/produkt\/kitchen-gas-burner-for-creme-brulee-200-w\/","url":"https:\/\/www.rexxer.pl\/en\/produkt\/kitchen-gas-burner-for-creme-brulee-200-w\/","name":"Kitchen gas burner for Creme Brulee 200 W - Narz\u0119dzia REXXER - sklep online","isPartOf":{"@id":"https:\/\/www.rexxer.pl\/#website"},"primaryImageOfPage":{"@id":"https:\/\/www.rexxer.pl\/en\/produkt\/kitchen-gas-burner-for-creme-brulee-200-w\/#primaryimage"},"image":{"@id":"https:\/\/www.rexxer.pl\/en\/produkt\/kitchen-gas-burner-for-creme-brulee-200-w\/#primaryimage"},"thumbnailUrl":"https:\/\/www.rexxer.pl\/wp-content\/uploads\/2025\/06\/c162691c9ed7496d8b798860409f68c1.jpg","datePublished":"2025-06-09T09:06:00+00:00","dateModified":"2026-03-17T11:29:25+00:00","breadcrumb":{"@id":"https:\/\/www.rexxer.pl\/en\/produkt\/kitchen-gas-burner-for-creme-brulee-200-w\/#breadcrumb"},"inLanguage":"en-US","potentialAction":[{"@type":"ReadAction","target":["https:\/\/www.rexxer.pl\/en\/produkt\/kitchen-gas-burner-for-creme-brulee-200-w\/"]}]},{"@type":"ImageObject","inLanguage":"en-US","@id":"https:\/\/www.rexxer.pl\/en\/produkt\/kitchen-gas-burner-for-creme-brulee-200-w\/#primaryimage","url":"https:\/\/www.rexxer.pl\/wp-content\/uploads\/2025\/06\/c162691c9ed7496d8b798860409f68c1.jpg","contentUrl":"https:\/\/www.rexxer.pl\/wp-content\/uploads\/2025\/06\/c162691c9ed7496d8b798860409f68c1.jpg","width":1984,"height":1984},{"@type":"BreadcrumbList","@id":"https:\/\/www.rexxer.pl\/en\/produkt\/kitchen-gas-burner-for-creme-brulee-200-w\/#breadcrumb","itemListElement":[{"@type":"ListItem","position":1,"name":"Strona g\u0142\u00f3wna","item":"https:\/\/www.rexxer.pl\/en\/home\/"},{"@type":"ListItem","position":2,"name":"Sklep","item":"https:\/\/www.rexxer.pl\/sklep\/"},{"@type":"ListItem","position":3,"name":"Kitchen gas burner for Creme Brulee 200 W"}]},{"@type":"WebSite","@id":"https:\/\/www.rexxer.pl\/#website","url":"https:\/\/www.rexxer.pl\/","name":"Narz\u0119dzia REXXER - sklep online","description":"","publisher":{"@id":"https:\/\/www.rexxer.pl\/#organization"},"potentialAction":[{"@type":"SearchAction","target":{"@type":"EntryPoint","urlTemplate":"https:\/\/www.rexxer.pl\/?s={search_term_string}"},"query-input":{"@type":"PropertyValueSpecification","valueRequired":true,"valueName":"search_term_string"}}],"inLanguage":"en-US"},{"@type":"Organization","@id":"https:\/\/www.rexxer.pl\/#organization","name":"Narz\u0119dzia REXXER - sklep online","url":"https:\/\/www.rexxer.pl\/","logo":{"@type":"ImageObject","inLanguage":"en-US","@id":"https:\/\/www.rexxer.pl\/#\/schema\/logo\/image\/","url":"https:\/\/www.rexxer.pl\/wp-content\/uploads\/2025\/08\/logo.png","contentUrl":"https:\/\/www.rexxer.pl\/wp-content\/uploads\/2025\/08\/logo.png","width":225,"height":114,"caption":"Narz\u0119dzia REXXER - sklep online"},"image":{"@id":"https:\/\/www.rexxer.pl\/#\/schema\/logo\/image\/"},"sameAs":["https:\/\/www.facebook.com\/Rexxertools\/"]}]}},"_links":{"self":[{"href":"https:\/\/www.rexxer.pl\/en\/wp-json\/wp\/v2\/product\/62135","targetHints":{"allow":["GET"]}}],"collection":[{"href":"https:\/\/www.rexxer.pl\/en\/wp-json\/wp\/v2\/product"}],"about":[{"href":"https:\/\/www.rexxer.pl\/en\/wp-json\/wp\/v2\/types\/product"}],"replies":[{"embeddable":true,"href":"https:\/\/www.rexxer.pl\/en\/wp-json\/wp\/v2\/comments?post=62135"}],"version-history":[{"count":0,"href":"https:\/\/www.rexxer.pl\/en\/wp-json\/wp\/v2\/product\/62135\/revisions"}],"wp:featuredmedia":[{"embeddable":true,"href":"https:\/\/www.rexxer.pl\/en\/wp-json\/wp\/v2\/media\/38290"}],"wp:attachment":[{"href":"https:\/\/www.rexxer.pl\/en\/wp-json\/wp\/v2\/media?parent=62135"}],"wp:term":[{"taxonomy":"product_brand","embeddable":true,"href":"https:\/\/www.rexxer.pl\/en\/wp-json\/wp\/v2\/product_brand?post=62135"},{"taxonomy":"product_cat","embeddable":true,"href":"https:\/\/www.rexxer.pl\/en\/wp-json\/wp\/v2\/product_cat?post=62135"},{"taxonomy":"product_tag","embeddable":true,"href":"https:\/\/www.rexxer.pl\/en\/wp-json\/wp\/v2\/product_tag?post=62135"}],"curies":[{"name":"wp","href":"https:\/\/api.w.org\/{rel}","templated":true}]}}