{"id":26421,"date":"2025-06-10T09:46:13","date_gmt":"2025-06-10T07:46:13","guid":{"rendered":"https:\/\/www.rexxer.pl\/produkt\/grzechotka-odgieta-1-4-155-mm-crv\/"},"modified":"2025-11-14T13:48:15","modified_gmt":"2025-11-14T12:48:15","slug":"grzechotka-odgieta-1-4-155-mm-crv","status":"publish","type":"product","link":"https:\/\/www.rexxer.pl\/en\/produkt\/grzechotka-odgieta-1-4-155-mm-crv\/","title":{"rendered":"Grzechotka wygi\u0119ta 1\/4&#8243; 155 mm CRV"},"content":{"rendered":"<section class=\"section\">\n<div class=\"item item-12\">\n<section class=\"image-item\"><span style=\"font-size: 36px;font-weight: 600\">GRZECHOTKA WYGI\u0118TA 1\/4&#8243; 155 MM CRV<\/span><\/section>\n<\/div>\n<\/section>\n<section class=\"section\">\n<div class=\"item item-6\">\n<section class=\"text-item\">\n<ul>\n<li>SKU: RA-05-023<\/li>\n<li>EAN: 5907779945257<\/li>\n<li>Producent: REXXER<\/li>\n<li>Model: REXXER<\/li>\n<\/ul>\n<p>Grzechotka to narz\u0119dzie r\u0119czne, kt\u00f3re jest cz\u0119sto wykorzystywane w warsztatach samochodowych, mechanikach i innych dziedzinach, gdzie wymagane jest dokr\u0119canie lub odkr\u0119canie \u015brub, nakr\u0119tek lub innych element\u00f3w przy u\u017cyciu momentu obrotowego. Grzechotka jest rodzajem klucza nasadowego, kt\u00f3ry umo\u017cliwia obracanie \u015brubami w jednym kierunku, a nast\u0119pnie automatyczne przeskoczenie do kolejnej pozycji bez konieczno\u015bci odkr\u0119cania klucza. To oszcz\u0119dza czas i wysi\u0142ek, poniewa\u017c nie trzeba ci\u0105gle odkr\u0119ca\u0107 i ponownie dociska\u0107 klucza przy ka\u017cdym obrocie. Rozmiar 1\/2&#8243; odnosi si\u0119 do rozmiaru nap\u0119du klucza, czyli wielko\u015bci gniazda, kt\u00f3re pasuje do odpowiednich nasadek i wk\u0142ad\u00f3w, co czyni j\u0105 bardziej odpowiedni\u0105 do wi\u0119kszych i bardziej wymagaj\u0105cych zastosowa\u0144. Odgi\u0119ta konstrukcja grzechotki oznacza, \u017ce g\u0142\u00f3wny trzon jest ustawiony pod k\u0105tem do r\u0119koje\u015bci. Ta konstrukcja umo\u017cliwia \u0142atwiejszy dost\u0119p do \u015brub w trudno dost\u0119pnych miejscach, gdzie prosty trzon grzechotki nie m\u00f3g\u0142by zmie\u015bci\u0107 si\u0119.<\/p>\n<\/section><\/div>\n<\/section>\n<section class=\"section\">\n<div class=\"item item-6\">\n<section class=\"text-item\">\n<p><b>Dane techniczne<\/b><\/p>\n<ul>\n<li>D\u0142ugo\u015b\u0107 [L]: 155 mm<\/li>\n<li>Nap\u0119d kwadratowy [d]:\u00a01\/4\u201d<\/li>\n<li>Liczba zapadek: 72<\/li>\n<li>Opakowanie: zawieszka plastikowa<\/li>\n<\/ul>\n<\/section>\n<\/div>\n<\/section>\n<section class=\"section\">\n<div class=\"item item-12\">\n\t<\/div>\n<\/section>\n","protected":false},"excerpt":{"rendered":"<p>GRZECHOTKA WYGI\u0118TA 1\/4&#8243; 155 MM CRV SKU: RA-05-023 EAN: 5907779945257 Producent: REXXER Model: REXXER Grzechotka to narz\u0119dzie r\u0119czne, kt\u00f3re jest<\/p>\n","protected":false},"featured_media":77340,"comment_status":"open","ping_status":"closed","template":"","meta":[],"product_brand":[],"product_cat":[333,332],"product_tag":[],"class_list":{"0":"post-26421","1":"product","2":"type-product","3":"status-publish","4":"has-post-thumbnail","6":"product_cat-klucze","7":"product_cat-narzedzia-reczne","9":"first","10":"outofstock","11":"taxable","12":"shipping-taxable","13":"purchasable","14":"product-type-simple"},"yoast_head":"<!-- This site is optimized with the Yoast SEO plugin v27.5 - https:\/\/yoast.com\/product\/yoast-seo-wordpress\/ -->\n<title>Grzechotka wygi\u0119ta 1\/4&quot; 155 mm CRV - Narz\u0119dzia REXXER - sklep online<\/title>\n<meta name=\"robots\" content=\"index, follow, max-snippet:-1, max-image-preview:large, max-video-preview:-1\" \/>\n<link rel=\"canonical\" href=\"https:\/\/www.rexxer.pl\/produkt\/grzechotka-odgieta-1-4-155-mm-crv\/\" \/>\n<meta property=\"og:locale\" content=\"en_US\" \/>\n<meta property=\"og:type\" content=\"article\" \/>\n<meta property=\"og:title\" content=\"Grzechotka wygi\u0119ta 1\/4&quot; 155 mm CRV - Narz\u0119dzia REXXER - sklep online\" \/>\n<meta property=\"og:description\" content=\"GRZECHOTKA WYGI\u0118TA 1\/4&#8243; 155 MM CRV SKU: RA-05-023 EAN: 5907779945257 Producent: REXXER Model: REXXER Grzechotka to narz\u0119dzie r\u0119czne, kt\u00f3re jest\" \/>\n<meta property=\"og:url\" content=\"https:\/\/www.rexxer.pl\/produkt\/grzechotka-odgieta-1-4-155-mm-crv\/\" \/>\n<meta property=\"og:site_name\" content=\"Narz\u0119dzia REXXER - sklep online\" \/>\n<meta property=\"article:publisher\" content=\"https:\/\/www.facebook.com\/Rexxertools\/\" \/>\n<meta property=\"article:modified_time\" content=\"2025-11-14T12:48:15+00:00\" \/>\n<meta property=\"og:image\" content=\"https:\/\/www.rexxer.pl\/wp-content\/uploads\/2025\/08\/e5c2fd84ba7d4d31b819b139126843f6-3.jpg\" \/>\n\t<meta property=\"og:image:width\" content=\"1984\" \/>\n\t<meta property=\"og:image:height\" content=\"1984\" \/>\n\t<meta property=\"og:image:type\" content=\"image\/jpeg\" \/>\n<meta name=\"twitter:card\" content=\"summary_large_image\" \/>\n<meta name=\"twitter:label1\" content=\"Est. reading time\" \/>\n\t<meta name=\"twitter:data1\" content=\"1 minute\" \/>\n<script type=\"application\/ld+json\" class=\"yoast-schema-graph\">{\"@context\":\"https:\\\/\\\/schema.org\",\"@graph\":[{\"@type\":\"WebPage\",\"@id\":\"https:\\\/\\\/www.rexxer.pl\\\/produkt\\\/grzechotka-odgieta-1-4-155-mm-crv\\\/\",\"url\":\"https:\\\/\\\/www.rexxer.pl\\\/produkt\\\/grzechotka-odgieta-1-4-155-mm-crv\\\/\",\"name\":\"Grzechotka wygi\u0119ta 1\\\/4\\\" 155 mm CRV - Narz\u0119dzia REXXER - sklep online\",\"isPartOf\":{\"@id\":\"https:\\\/\\\/www.rexxer.pl\\\/#website\"},\"primaryImageOfPage\":{\"@id\":\"https:\\\/\\\/www.rexxer.pl\\\/produkt\\\/grzechotka-odgieta-1-4-155-mm-crv\\\/#primaryimage\"},\"image\":{\"@id\":\"https:\\\/\\\/www.rexxer.pl\\\/produkt\\\/grzechotka-odgieta-1-4-155-mm-crv\\\/#primaryimage\"},\"thumbnailUrl\":\"https:\\\/\\\/www.rexxer.pl\\\/wp-content\\\/uploads\\\/2025\\\/08\\\/e5c2fd84ba7d4d31b819b139126843f6-4.jpg\",\"datePublished\":\"2025-06-10T07:46:13+00:00\",\"dateModified\":\"2025-11-14T12:48:15+00:00\",\"breadcrumb\":{\"@id\":\"https:\\\/\\\/www.rexxer.pl\\\/produkt\\\/grzechotka-odgieta-1-4-155-mm-crv\\\/#breadcrumb\"},\"inLanguage\":\"en-US\",\"potentialAction\":[{\"@type\":\"ReadAction\",\"target\":[\"https:\\\/\\\/www.rexxer.pl\\\/produkt\\\/grzechotka-odgieta-1-4-155-mm-crv\\\/\"]}]},{\"@type\":\"ImageObject\",\"inLanguage\":\"en-US\",\"@id\":\"https:\\\/\\\/www.rexxer.pl\\\/produkt\\\/grzechotka-odgieta-1-4-155-mm-crv\\\/#primaryimage\",\"url\":\"https:\\\/\\\/www.rexxer.pl\\\/wp-content\\\/uploads\\\/2025\\\/08\\\/e5c2fd84ba7d4d31b819b139126843f6-4.jpg\",\"contentUrl\":\"https:\\\/\\\/www.rexxer.pl\\\/wp-content\\\/uploads\\\/2025\\\/08\\\/e5c2fd84ba7d4d31b819b139126843f6-4.jpg\",\"width\":1984,\"height\":1984},{\"@type\":\"BreadcrumbList\",\"@id\":\"https:\\\/\\\/www.rexxer.pl\\\/produkt\\\/grzechotka-odgieta-1-4-155-mm-crv\\\/#breadcrumb\",\"itemListElement\":[{\"@type\":\"ListItem\",\"position\":1,\"name\":\"Strona g\u0142\u00f3wna\",\"item\":\"https:\\\/\\\/www.rexxer.pl\\\/en\\\/home\\\/\"},{\"@type\":\"ListItem\",\"position\":2,\"name\":\"Sklep\",\"item\":\"https:\\\/\\\/www.rexxer.pl\\\/sklep\\\/\"},{\"@type\":\"ListItem\",\"position\":3,\"name\":\"Grzechotka wygi\u0119ta 1\\\/4&#8243; 155 mm CRV\"}]},{\"@type\":\"WebSite\",\"@id\":\"https:\\\/\\\/www.rexxer.pl\\\/#website\",\"url\":\"https:\\\/\\\/www.rexxer.pl\\\/\",\"name\":\"Narz\u0119dzia REXXER - sklep online\",\"description\":\"\",\"publisher\":{\"@id\":\"https:\\\/\\\/www.rexxer.pl\\\/#organization\"},\"potentialAction\":[{\"@type\":\"SearchAction\",\"target\":{\"@type\":\"EntryPoint\",\"urlTemplate\":\"https:\\\/\\\/www.rexxer.pl\\\/?s={search_term_string}\"},\"query-input\":{\"@type\":\"PropertyValueSpecification\",\"valueRequired\":true,\"valueName\":\"search_term_string\"}}],\"inLanguage\":\"en-US\"},{\"@type\":\"Organization\",\"@id\":\"https:\\\/\\\/www.rexxer.pl\\\/#organization\",\"name\":\"Narz\u0119dzia REXXER - sklep online\",\"url\":\"https:\\\/\\\/www.rexxer.pl\\\/\",\"logo\":{\"@type\":\"ImageObject\",\"inLanguage\":\"en-US\",\"@id\":\"https:\\\/\\\/www.rexxer.pl\\\/#\\\/schema\\\/logo\\\/image\\\/\",\"url\":\"https:\\\/\\\/www.rexxer.pl\\\/wp-content\\\/uploads\\\/2025\\\/08\\\/logo.png\",\"contentUrl\":\"https:\\\/\\\/www.rexxer.pl\\\/wp-content\\\/uploads\\\/2025\\\/08\\\/logo.png\",\"width\":225,\"height\":114,\"caption\":\"Narz\u0119dzia REXXER - sklep online\"},\"image\":{\"@id\":\"https:\\\/\\\/www.rexxer.pl\\\/#\\\/schema\\\/logo\\\/image\\\/\"},\"sameAs\":[\"https:\\\/\\\/www.facebook.com\\\/Rexxertools\\\/\"]}]}<\/script>\n<!-- \/ Yoast SEO plugin. -->","yoast_head_json":{"title":"Grzechotka wygi\u0119ta 1\/4\" 155 mm CRV - Narz\u0119dzia REXXER - sklep online","robots":{"index":"index","follow":"follow","max-snippet":"max-snippet:-1","max-image-preview":"max-image-preview:large","max-video-preview":"max-video-preview:-1"},"canonical":"https:\/\/www.rexxer.pl\/produkt\/grzechotka-odgieta-1-4-155-mm-crv\/","og_locale":"en_US","og_type":"article","og_title":"Grzechotka wygi\u0119ta 1\/4\" 155 mm CRV - Narz\u0119dzia REXXER - sklep online","og_description":"GRZECHOTKA WYGI\u0118TA 1\/4&#8243; 155 MM CRV SKU: RA-05-023 EAN: 5907779945257 Producent: REXXER Model: REXXER Grzechotka to narz\u0119dzie r\u0119czne, kt\u00f3re jest","og_url":"https:\/\/www.rexxer.pl\/produkt\/grzechotka-odgieta-1-4-155-mm-crv\/","og_site_name":"Narz\u0119dzia REXXER - sklep online","article_publisher":"https:\/\/www.facebook.com\/Rexxertools\/","article_modified_time":"2025-11-14T12:48:15+00:00","og_image":[{"width":1984,"height":1984,"url":"https:\/\/www.rexxer.pl\/wp-content\/uploads\/2025\/08\/e5c2fd84ba7d4d31b819b139126843f6-3.jpg","type":"image\/jpeg"}],"twitter_card":"summary_large_image","twitter_misc":{"Est. reading time":"1 minute"},"schema":{"@context":"https:\/\/schema.org","@graph":[{"@type":"WebPage","@id":"https:\/\/www.rexxer.pl\/produkt\/grzechotka-odgieta-1-4-155-mm-crv\/","url":"https:\/\/www.rexxer.pl\/produkt\/grzechotka-odgieta-1-4-155-mm-crv\/","name":"Grzechotka wygi\u0119ta 1\/4\" 155 mm CRV - Narz\u0119dzia REXXER - sklep online","isPartOf":{"@id":"https:\/\/www.rexxer.pl\/#website"},"primaryImageOfPage":{"@id":"https:\/\/www.rexxer.pl\/produkt\/grzechotka-odgieta-1-4-155-mm-crv\/#primaryimage"},"image":{"@id":"https:\/\/www.rexxer.pl\/produkt\/grzechotka-odgieta-1-4-155-mm-crv\/#primaryimage"},"thumbnailUrl":"https:\/\/www.rexxer.pl\/wp-content\/uploads\/2025\/08\/e5c2fd84ba7d4d31b819b139126843f6-4.jpg","datePublished":"2025-06-10T07:46:13+00:00","dateModified":"2025-11-14T12:48:15+00:00","breadcrumb":{"@id":"https:\/\/www.rexxer.pl\/produkt\/grzechotka-odgieta-1-4-155-mm-crv\/#breadcrumb"},"inLanguage":"en-US","potentialAction":[{"@type":"ReadAction","target":["https:\/\/www.rexxer.pl\/produkt\/grzechotka-odgieta-1-4-155-mm-crv\/"]}]},{"@type":"ImageObject","inLanguage":"en-US","@id":"https:\/\/www.rexxer.pl\/produkt\/grzechotka-odgieta-1-4-155-mm-crv\/#primaryimage","url":"https:\/\/www.rexxer.pl\/wp-content\/uploads\/2025\/08\/e5c2fd84ba7d4d31b819b139126843f6-4.jpg","contentUrl":"https:\/\/www.rexxer.pl\/wp-content\/uploads\/2025\/08\/e5c2fd84ba7d4d31b819b139126843f6-4.jpg","width":1984,"height":1984},{"@type":"BreadcrumbList","@id":"https:\/\/www.rexxer.pl\/produkt\/grzechotka-odgieta-1-4-155-mm-crv\/#breadcrumb","itemListElement":[{"@type":"ListItem","position":1,"name":"Strona g\u0142\u00f3wna","item":"https:\/\/www.rexxer.pl\/en\/home\/"},{"@type":"ListItem","position":2,"name":"Sklep","item":"https:\/\/www.rexxer.pl\/sklep\/"},{"@type":"ListItem","position":3,"name":"Grzechotka wygi\u0119ta 1\/4&#8243; 155 mm CRV"}]},{"@type":"WebSite","@id":"https:\/\/www.rexxer.pl\/#website","url":"https:\/\/www.rexxer.pl\/","name":"Narz\u0119dzia REXXER - sklep online","description":"","publisher":{"@id":"https:\/\/www.rexxer.pl\/#organization"},"potentialAction":[{"@type":"SearchAction","target":{"@type":"EntryPoint","urlTemplate":"https:\/\/www.rexxer.pl\/?s={search_term_string}"},"query-input":{"@type":"PropertyValueSpecification","valueRequired":true,"valueName":"search_term_string"}}],"inLanguage":"en-US"},{"@type":"Organization","@id":"https:\/\/www.rexxer.pl\/#organization","name":"Narz\u0119dzia REXXER - sklep online","url":"https:\/\/www.rexxer.pl\/","logo":{"@type":"ImageObject","inLanguage":"en-US","@id":"https:\/\/www.rexxer.pl\/#\/schema\/logo\/image\/","url":"https:\/\/www.rexxer.pl\/wp-content\/uploads\/2025\/08\/logo.png","contentUrl":"https:\/\/www.rexxer.pl\/wp-content\/uploads\/2025\/08\/logo.png","width":225,"height":114,"caption":"Narz\u0119dzia REXXER - sklep online"},"image":{"@id":"https:\/\/www.rexxer.pl\/#\/schema\/logo\/image\/"},"sameAs":["https:\/\/www.facebook.com\/Rexxertools\/"]}]}},"_links":{"self":[{"href":"https:\/\/www.rexxer.pl\/en\/wp-json\/wp\/v2\/product\/26421","targetHints":{"allow":["GET"]}}],"collection":[{"href":"https:\/\/www.rexxer.pl\/en\/wp-json\/wp\/v2\/product"}],"about":[{"href":"https:\/\/www.rexxer.pl\/en\/wp-json\/wp\/v2\/types\/product"}],"replies":[{"embeddable":true,"href":"https:\/\/www.rexxer.pl\/en\/wp-json\/wp\/v2\/comments?post=26421"}],"version-history":[{"count":0,"href":"https:\/\/www.rexxer.pl\/en\/wp-json\/wp\/v2\/product\/26421\/revisions"}],"wp:featuredmedia":[{"embeddable":true,"href":"https:\/\/www.rexxer.pl\/en\/wp-json\/wp\/v2\/media\/77340"}],"wp:attachment":[{"href":"https:\/\/www.rexxer.pl\/en\/wp-json\/wp\/v2\/media?parent=26421"}],"wp:term":[{"taxonomy":"product_brand","embeddable":true,"href":"https:\/\/www.rexxer.pl\/en\/wp-json\/wp\/v2\/product_brand?post=26421"},{"taxonomy":"product_cat","embeddable":true,"href":"https:\/\/www.rexxer.pl\/en\/wp-json\/wp\/v2\/product_cat?post=26421"},{"taxonomy":"product_tag","embeddable":true,"href":"https:\/\/www.rexxer.pl\/en\/wp-json\/wp\/v2\/product_tag?post=26421"}],"curies":[{"name":"wp","href":"https:\/\/api.w.org\/{rel}","templated":true}]}}