{"id":57507,"date":"2021-10-12T16:27:24","date_gmt":"2021-10-12T14:27:24","guid":{"rendered":"https:\/\/www.rexxer.pl\/contact\/"},"modified":"2025-07-18T12:03:11","modified_gmt":"2025-07-18T10:03:11","slug":"contact","status":"publish","type":"page","link":"https:\/\/www.rexxer.pl\/en\/contact\/","title":{"rendered":"Contact"},"content":{"rendered":"\t\t<div data-elementor-type=\"wp-page\" data-elementor-id=\"57507\" class=\"elementor elementor-57507 elementor-4439\">\n\t\t\t\t<div class=\"wd-negative-gap elementor-element elementor-element-9ce028e e-flex e-con-boxed e-con e-parent\" data-id=\"9ce028e\" data-element_type=\"container\" data-e-type=\"container\">\n\t\t\t\t\t<div class=\"e-con-inner\">\n\t\t<div class=\"elementor-element elementor-element-09e77fc e-con-full e-flex e-con e-child\" data-id=\"09e77fc\" data-element_type=\"container\" data-e-type=\"container\">\n\t\t\t\t<div class=\"elementor-element elementor-element-936a431 elementor-widget elementor-widget-google_maps\" data-id=\"936a431\" data-element_type=\"widget\" data-e-type=\"widget\" data-widget_type=\"google_maps.default\">\n\t\t\t\t<div class=\"elementor-widget-container\">\n\t\t\t\t\t\t\t<div class=\"elementor-custom-embed\">\n\t\t\t<iframe loading=\"lazy\"\n\t\t\t\t\tsrc=\"https:\/\/maps.google.com\/maps?q=chrzan%C3%B3w%20ma%C5%82y%2044a&#038;t=m&#038;z=11&#038;output=embed&#038;iwloc=near\"\n\t\t\t\t\ttitle=\"chrzan\u00f3w ma\u0142y 44a\"\n\t\t\t\t\taria-label=\"chrzan\u00f3w ma\u0142y 44a\"\n\t\t\t><\/iframe>\n\t\t<\/div>\n\t\t\t\t\t\t<\/div>\n\t\t\t\t<\/div>\n\t\t\t\t<\/div>\n\t\t<div class=\"elementor-element elementor-element-de81f29 e-con-full e-flex e-con e-child\" data-id=\"de81f29\" data-element_type=\"container\" data-e-type=\"container\">\n\t\t<div class=\"elementor-element elementor-element-871dd6a e-con-full e-flex e-con e-child\" data-id=\"871dd6a\" data-element_type=\"container\" data-e-type=\"container\">\n\t\t\t\t<div class=\"elementor-element elementor-element-5a8980a wd-width-100 elementor-widget elementor-widget-wd_title\" data-id=\"5a8980a\" data-element_type=\"widget\" data-e-type=\"widget\" data-widget_type=\"wd_title.default\">\n\t\t\t\t<div class=\"elementor-widget-container\">\n\t\t\t\t\t\t\t<div class=\"title-wrapper set-mb-s reset-last-child wd-title-color-primary wd-title-style-default wd-title-size-medium text-left\">\n\n\t\t\t\n\t\t\t<div class=\"liner-continer\">\n\t\t\t\t<h4 class=\"woodmart-title-container title wd-fontsize-xl\">REXXER SP\u00d3\u0141KA Z OGRANICZON\u0104 ODPOWIEDZIALNO\u015aCI\u0104 I WSP\u00d3LNICY SP\u00d3\u0141KA KOMANDYTOWA<\/h4> \n\t\t\t\t\t\t\t<\/div>\n\n\t\t\t\t\t\t\t<div class=\"title-after_title set-cont-mb-s reset-last-child wd-fontsize-s\">\n\t\t\t\t\t<p>Chrzan\u00f3w Ma\u0142y 44A<br>05-825 Grodzisk Mazowiecki<br>Poland<br>NIP: 522 293 96 54<br>REGON: 142207490<br>KRS: 0000346961<\/p>\t\t\t\t<\/div>\n\t\t\t\t\t<\/div>\n\t\t\t\t\t\t<\/div>\n\t\t\t\t<\/div>\n\t\t\t\t<\/div>\n\t\t<div class=\"elementor-element elementor-element-f9d55b4 e-con-full e-flex e-con e-child\" data-id=\"f9d55b4\" data-element_type=\"container\" data-e-type=\"container\">\n\t\t<div class=\"elementor-element elementor-element-9447198 e-grid e-con-full e-con e-child\" data-id=\"9447198\" data-element_type=\"container\" data-e-type=\"container\">\n\t\t\t\t<div class=\"elementor-element elementor-element-55add37 elementor-widget elementor-widget-wd_text_block\" data-id=\"55add37\" data-element_type=\"widget\" data-e-type=\"widget\" data-widget_type=\"wd_text_block.default\">\n\t\t\t\t<div class=\"elementor-widget-container\">\n\t\t\t\t\t\t\t<div class=\"wd-text-block reset-last-child text-left\">\n\t\t\t\n\t\t\t<div style=\"font-family: sans-serif; line-height: 1.4; color: #333; background-color: #f9f9f9; padding: 20px; border-radius: 8px; margin-bottom: 20px;\">\n    <h3 style=\"color: #f15922; margin-top: 0; margin-bottom: 8px;\">Office<\/h3>\n    <p style=\"margin-bottom: 0.3em;\">Mail: <a href=\"mailto:office@rexxer.pl\">office@rexxer.pl<\/a><\/p>\n    <p style=\"margin-bottom: 0.3em;\">Phone: <a href=\"tel:+48222701780\">+48 22 270 17 80<\/a><\/p>\n<\/div>\n\t\t\t\t\t<\/div>\n\t\t\t\t\t\t<\/div>\n\t\t\t\t<\/div>\n\t\t\t\t<div class=\"elementor-element elementor-element-38c2a54 elementor-widget elementor-widget-wd_text_block\" data-id=\"38c2a54\" data-element_type=\"widget\" data-e-type=\"widget\" data-widget_type=\"wd_text_block.default\">\n\t\t\t\t<div class=\"elementor-widget-container\">\n\t\t\t\t\t\t\t<div class=\"wd-text-block reset-last-child text-left\">\n\t\t\t\n\t\t\t<div style=\"font-family: sans-serif; line-height: 1.4; color: #333; background-color: #f9f9f9; padding: 20px; border-radius: 8px; margin-bottom: 20px;\">\n    <h3 style=\"color: #f15922; margin-top: 0; margin-bottom: 8px;\">Retail sales<\/h3>\n    <p style=\"margin-bottom: 0.3em;\">Mail: <a href=\"mailto:sklep@rexxer.pl\">sklep@rexxer.pl<\/a><\/p>\n    <p style=\"margin-bottom: 0.3em;\">Phone: <a href=\"tel:+48222701780\">+48 22 270 17 80<\/a><\/p>\n<\/div>\n\t\t\t\t\t<\/div>\n\t\t\t\t\t\t<\/div>\n\t\t\t\t<\/div>\n\t\t\t\t<div class=\"elementor-element elementor-element-d551445 elementor-widget elementor-widget-wd_text_block\" data-id=\"d551445\" data-element_type=\"widget\" data-e-type=\"widget\" data-widget_type=\"wd_text_block.default\">\n\t\t\t\t<div class=\"elementor-widget-container\">\n\t\t\t\t\t\t\t<div class=\"wd-text-block reset-last-child text-left\">\n\t\t\t\n\t\t\t<div style=\"font-family: sans-serif; line-height: 1.4; color: #333; background-color: #f9f9f9; padding: 20px; border-radius: 8px; margin-bottom: 20px;\">\n    <h3 style=\"color: #f15922; margin-top: 0; margin-bottom: 8px;\">Wholesale<\/h3>\n    <p style=\"margin-bottom: 0.3em;\"><b>Sales Director:<\/b> Tomasz Leszczynski<\/p>\n    <p style=\"margin-bottom: 0.3em;\">Mail: <a href=\"mailto:t.leszczynski@rexxer.pl\">t.leszczynski@rexxer.pl<\/a><\/p>\n<\/div>\n\t\t\t\t\t<\/div>\n\t\t\t\t\t\t<\/div>\n\t\t\t\t<\/div>\n\t\t\t\t<div class=\"elementor-element elementor-element-e7e2940 elementor-widget elementor-widget-wd_text_block\" data-id=\"e7e2940\" data-element_type=\"widget\" data-e-type=\"widget\" data-widget_type=\"wd_text_block.default\">\n\t\t\t\t<div class=\"elementor-widget-container\">\n\t\t\t\t\t\t\t<div class=\"wd-text-block reset-last-child text-left\">\n\t\t\t\n\t\t\t<div style=\"font-family: sans-serif; line-height: 1.4; color: #333; background-color: #f9f9f9; padding: 20px; border-radius: 8px; margin-bottom: 20px;\">\n    <h3 style=\"color: #f15922; margin-top: 0; margin-bottom: 8px;\">Exports<\/h3>\n    <p style=\"margin-bottom: 0.3em;\">Mail: <a href=\"mailto:export@rexxer.pl\">export@rexxer.pl<\/a><\/p>\n    <p style=\"margin-bottom: 0.3em;\">Phone: <a href=\"tel:+48519574693\">+48 519 574 693<\/a><\/p>\n<\/div>\n\t\t\t\t\t<\/div>\n\t\t\t\t\t\t<\/div>\n\t\t\t\t<\/div>\n\t\t\t\t<\/div>\n\t\t\t\t<\/div>\n\t\t\t\t<\/div>\n\t\t\t\t\t<\/div>\n\t\t\t\t<\/div>\n\t\t<div class=\"wd-negative-gap elementor-element elementor-element-a2e2458 e-flex e-con-boxed e-con e-parent\" data-id=\"a2e2458\" data-element_type=\"container\" data-e-type=\"container\">\n\t\t\t\t\t<div class=\"e-con-inner\">\n\t\t<div class=\"elementor-element elementor-element-817eb95 e-con-full e-flex e-con e-child\" data-id=\"817eb95\" data-element_type=\"container\" data-e-type=\"container\">\n\t\t\t\t<div class=\"elementor-element elementor-element-30f8b31 elementor-widget elementor-widget-wd_text_block\" data-id=\"30f8b31\" data-element_type=\"widget\" data-e-type=\"widget\" data-widget_type=\"wd_text_block.default\">\n\t\t\t\t<div class=\"elementor-widget-container\">\n\t\t\t\t\t\t\t<div class=\"wd-text-block reset-last-child text-left\">\n\t\t\t\n\t\t\t<div style=\"font-family: sans-serif; line-height: 1.6; color: #333; background-color: #f9f9f9; padding: 20px; border-radius: 8px; margin-bottom: 20px;\"><h2 style=\"color: #f15922; border-bottom: 2px solid #f15922; padding-bottom: 10px; margin-top: 0;\">Expand your business with dropshipping<\/h2><p style=\"margin-bottom: 0.5em;\">Looking for a dropshipping wholesaler? Become our b2b partner and start selling our tools and accessories online. Get in touch to cooperate, sign a contract and connect to our system. Take advantage of the power of a modern b2b wholesaler today. Sell in the b2b b2c model.    <\/p><p style=\"margin-bottom: 0.5em;\">Our wholesaler specializes in providing high quality products at attractive prices. With our experience and commitment, we can support your business and help you achieve success. <\/p><p style=\"margin-bottom: 0.5em;\">By signing a contract with us, you gain:<\/p><ul style=\"padding-left: 20px; margin-bottom: 1em;\"><li style=\"margin-bottom: 0.3em;\"><strong>Permanent business partner:<\/strong> What matters to us is long-term cooperation, based on trust and mutual benefits.<\/li><li style=\"margin-bottom: 0.3em;\"><strong>Flexibility and variety:<\/strong> Our range includes a wide selection of products to meet the needs of your clientele.<\/li><li style=\"margin-bottom: 0.3em;\"><strong>Competitive prices:<\/strong> Thanks to our relationships with manufacturers, we can offer you attractive business terms.<\/li><li style=\"margin-bottom: 0.3em;\"><strong>Professional service:<\/strong> our team is always there to help you and take care of your needs.<\/li><\/ul><p style=\"margin-bottom: 0.5em;\">We invite you to start working with us! Contact us today to learn the details of our offer and agree on the terms of the contract. We are ready to meet your expectations and together achieve success in the market.  <\/p><p style=\"margin-bottom: 0.5em;\">Don't wait! Invest in the future of your business and join the ranks of our satisfied partners. Call or write to us now!  <\/p><\/div>\n\t\t\t\t\t<\/div>\n\t\t\t\t\t\t<\/div>\n\t\t\t\t<\/div>\n\t\t\t\t<\/div>\n\t\t<div class=\"elementor-element elementor-element-dd598ff e-con-full e-flex e-con e-child\" data-id=\"dd598ff\" data-element_type=\"container\" data-e-type=\"container\">\n\t\t\t\t<div class=\"elementor-element elementor-element-994b63b elementor-widget elementor-widget-wd_contact_form_7\" data-id=\"994b63b\" data-element_type=\"widget\" data-e-type=\"widget\" data-widget_type=\"wd_contact_form_7.default\">\n\t\t\t\t<div class=\"elementor-widget-container\">\n\t\t\t\t\t<div class=\"wd-notice wd-info\">You need to create a form using Contact form 7 plugin to be able to display it using this element.<\/div>\t\t\t\t<\/div>\n\t\t\t\t<\/div>\n\t\t\t\t<\/div>\n\t\t\t\t\t<\/div>\n\t\t\t\t<\/div>\n\t\t\t\t<\/div>\n\t\t","protected":false},"excerpt":{"rendered":"<p>REXXER SP\u00d3\u0141KA Z OGRANICZON\u0104 ODPOWIEDZIALNO\u015aCI\u0104 I WSP\u00d3LNICY SP\u00d3\u0141KA KOMANDYTOWA Chrzan\u00f3w Ma\u0142y 44A05-825 Grodzisk MazowieckiPolandNIP: 522 293 96 54REGON: 142207490KRS: 0000346961<\/p>\n","protected":false},"author":2,"featured_media":0,"parent":0,"menu_order":0,"comment_status":"closed","ping_status":"closed","template":"","meta":{"footnotes":""},"class_list":["post-57507","page","type-page","status-publish","hentry"],"yoast_head":"<!-- This site is optimized with the Yoast SEO plugin v27.5 - https:\/\/yoast.com\/product\/yoast-seo-wordpress\/ -->\n<title>Contact - Narz\u0119dzia REXXER - sklep online<\/title>\n<meta name=\"robots\" content=\"index, follow, max-snippet:-1, max-image-preview:large, max-video-preview:-1\" \/>\n<link rel=\"canonical\" href=\"https:\/\/www.rexxer.pl\/kontakt\/\" \/>\n<meta property=\"og:locale\" content=\"en_US\" \/>\n<meta property=\"og:type\" content=\"article\" \/>\n<meta property=\"og:title\" content=\"Contact - Narz\u0119dzia REXXER - sklep online\" \/>\n<meta property=\"og:description\" content=\"REXXER SP\u00d3\u0141KA Z OGRANICZON\u0104 ODPOWIEDZIALNO\u015aCI\u0104 I WSP\u00d3LNICY SP\u00d3\u0141KA KOMANDYTOWA Chrzan\u00f3w Ma\u0142y 44A05-825 Grodzisk MazowieckiPolandNIP: 522 293 96 54REGON: 142207490KRS: 0000346961\" \/>\n<meta property=\"og:url\" content=\"https:\/\/www.rexxer.pl\/kontakt\/\" \/>\n<meta property=\"og:site_name\" content=\"Narz\u0119dzia REXXER - sklep online\" \/>\n<meta property=\"article:publisher\" content=\"https:\/\/www.facebook.com\/Rexxertools\/\" \/>\n<meta property=\"article:modified_time\" content=\"2025-07-18T10:03:11+00:00\" \/>\n<meta name=\"twitter:card\" content=\"summary_large_image\" \/>\n<meta name=\"twitter:label1\" content=\"Est. reading time\" \/>\n\t<meta name=\"twitter:data1\" content=\"1 minute\" \/>\n<script type=\"application\/ld+json\" class=\"yoast-schema-graph\">{\"@context\":\"https:\\\/\\\/schema.org\",\"@graph\":[{\"@type\":\"WebPage\",\"@id\":\"https:\\\/\\\/www.rexxer.pl\\\/kontakt\\\/\",\"url\":\"https:\\\/\\\/www.rexxer.pl\\\/kontakt\\\/\",\"name\":\"Contact - Narz\u0119dzia REXXER - sklep online\",\"isPartOf\":{\"@id\":\"https:\\\/\\\/www.rexxer.pl\\\/#website\"},\"datePublished\":\"2021-10-12T14:27:24+00:00\",\"dateModified\":\"2025-07-18T10:03:11+00:00\",\"breadcrumb\":{\"@id\":\"https:\\\/\\\/www.rexxer.pl\\\/kontakt\\\/#breadcrumb\"},\"inLanguage\":\"en-US\",\"potentialAction\":[{\"@type\":\"ReadAction\",\"target\":[\"https:\\\/\\\/www.rexxer.pl\\\/kontakt\\\/\"]}]},{\"@type\":\"BreadcrumbList\",\"@id\":\"https:\\\/\\\/www.rexxer.pl\\\/kontakt\\\/#breadcrumb\",\"itemListElement\":[{\"@type\":\"ListItem\",\"position\":1,\"name\":\"Strona g\u0142\u00f3wna\",\"item\":\"https:\\\/\\\/www.rexxer.pl\\\/en\\\/home\\\/\"},{\"@type\":\"ListItem\",\"position\":2,\"name\":\"Contact\"}]},{\"@type\":\"WebSite\",\"@id\":\"https:\\\/\\\/www.rexxer.pl\\\/#website\",\"url\":\"https:\\\/\\\/www.rexxer.pl\\\/\",\"name\":\"Narz\u0119dzia REXXER - sklep online\",\"description\":\"\",\"publisher\":{\"@id\":\"https:\\\/\\\/www.rexxer.pl\\\/#organization\"},\"potentialAction\":[{\"@type\":\"SearchAction\",\"target\":{\"@type\":\"EntryPoint\",\"urlTemplate\":\"https:\\\/\\\/www.rexxer.pl\\\/?s={search_term_string}\"},\"query-input\":{\"@type\":\"PropertyValueSpecification\",\"valueRequired\":true,\"valueName\":\"search_term_string\"}}],\"inLanguage\":\"en-US\"},{\"@type\":\"Organization\",\"@id\":\"https:\\\/\\\/www.rexxer.pl\\\/#organization\",\"name\":\"Narz\u0119dzia REXXER - sklep online\",\"url\":\"https:\\\/\\\/www.rexxer.pl\\\/\",\"logo\":{\"@type\":\"ImageObject\",\"inLanguage\":\"en-US\",\"@id\":\"https:\\\/\\\/www.rexxer.pl\\\/#\\\/schema\\\/logo\\\/image\\\/\",\"url\":\"https:\\\/\\\/www.rexxer.pl\\\/wp-content\\\/uploads\\\/2025\\\/08\\\/logo.png\",\"contentUrl\":\"https:\\\/\\\/www.rexxer.pl\\\/wp-content\\\/uploads\\\/2025\\\/08\\\/logo.png\",\"width\":225,\"height\":114,\"caption\":\"Narz\u0119dzia REXXER - sklep online\"},\"image\":{\"@id\":\"https:\\\/\\\/www.rexxer.pl\\\/#\\\/schema\\\/logo\\\/image\\\/\"},\"sameAs\":[\"https:\\\/\\\/www.facebook.com\\\/Rexxertools\\\/\"]}]}<\/script>\n<!-- \/ Yoast SEO plugin. -->","yoast_head_json":{"title":"Contact - Narz\u0119dzia REXXER - sklep online","robots":{"index":"index","follow":"follow","max-snippet":"max-snippet:-1","max-image-preview":"max-image-preview:large","max-video-preview":"max-video-preview:-1"},"canonical":"https:\/\/www.rexxer.pl\/kontakt\/","og_locale":"en_US","og_type":"article","og_title":"Contact - Narz\u0119dzia REXXER - sklep online","og_description":"REXXER SP\u00d3\u0141KA Z OGRANICZON\u0104 ODPOWIEDZIALNO\u015aCI\u0104 I WSP\u00d3LNICY SP\u00d3\u0141KA KOMANDYTOWA Chrzan\u00f3w Ma\u0142y 44A05-825 Grodzisk MazowieckiPolandNIP: 522 293 96 54REGON: 142207490KRS: 0000346961","og_url":"https:\/\/www.rexxer.pl\/kontakt\/","og_site_name":"Narz\u0119dzia REXXER - sklep online","article_publisher":"https:\/\/www.facebook.com\/Rexxertools\/","article_modified_time":"2025-07-18T10:03:11+00:00","twitter_card":"summary_large_image","twitter_misc":{"Est. reading time":"1 minute"},"schema":{"@context":"https:\/\/schema.org","@graph":[{"@type":"WebPage","@id":"https:\/\/www.rexxer.pl\/kontakt\/","url":"https:\/\/www.rexxer.pl\/kontakt\/","name":"Contact - Narz\u0119dzia REXXER - sklep online","isPartOf":{"@id":"https:\/\/www.rexxer.pl\/#website"},"datePublished":"2021-10-12T14:27:24+00:00","dateModified":"2025-07-18T10:03:11+00:00","breadcrumb":{"@id":"https:\/\/www.rexxer.pl\/kontakt\/#breadcrumb"},"inLanguage":"en-US","potentialAction":[{"@type":"ReadAction","target":["https:\/\/www.rexxer.pl\/kontakt\/"]}]},{"@type":"BreadcrumbList","@id":"https:\/\/www.rexxer.pl\/kontakt\/#breadcrumb","itemListElement":[{"@type":"ListItem","position":1,"name":"Strona g\u0142\u00f3wna","item":"https:\/\/www.rexxer.pl\/en\/home\/"},{"@type":"ListItem","position":2,"name":"Contact"}]},{"@type":"WebSite","@id":"https:\/\/www.rexxer.pl\/#website","url":"https:\/\/www.rexxer.pl\/","name":"Narz\u0119dzia REXXER - sklep online","description":"","publisher":{"@id":"https:\/\/www.rexxer.pl\/#organization"},"potentialAction":[{"@type":"SearchAction","target":{"@type":"EntryPoint","urlTemplate":"https:\/\/www.rexxer.pl\/?s={search_term_string}"},"query-input":{"@type":"PropertyValueSpecification","valueRequired":true,"valueName":"search_term_string"}}],"inLanguage":"en-US"},{"@type":"Organization","@id":"https:\/\/www.rexxer.pl\/#organization","name":"Narz\u0119dzia REXXER - sklep online","url":"https:\/\/www.rexxer.pl\/","logo":{"@type":"ImageObject","inLanguage":"en-US","@id":"https:\/\/www.rexxer.pl\/#\/schema\/logo\/image\/","url":"https:\/\/www.rexxer.pl\/wp-content\/uploads\/2025\/08\/logo.png","contentUrl":"https:\/\/www.rexxer.pl\/wp-content\/uploads\/2025\/08\/logo.png","width":225,"height":114,"caption":"Narz\u0119dzia REXXER - sklep online"},"image":{"@id":"https:\/\/www.rexxer.pl\/#\/schema\/logo\/image\/"},"sameAs":["https:\/\/www.facebook.com\/Rexxertools\/"]}]}},"_links":{"self":[{"href":"https:\/\/www.rexxer.pl\/en\/wp-json\/wp\/v2\/pages\/57507","targetHints":{"allow":["GET"]}}],"collection":[{"href":"https:\/\/www.rexxer.pl\/en\/wp-json\/wp\/v2\/pages"}],"about":[{"href":"https:\/\/www.rexxer.pl\/en\/wp-json\/wp\/v2\/types\/page"}],"author":[{"embeddable":true,"href":"https:\/\/www.rexxer.pl\/en\/wp-json\/wp\/v2\/users\/2"}],"replies":[{"embeddable":true,"href":"https:\/\/www.rexxer.pl\/en\/wp-json\/wp\/v2\/comments?post=57507"}],"version-history":[{"count":0,"href":"https:\/\/www.rexxer.pl\/en\/wp-json\/wp\/v2\/pages\/57507\/revisions"}],"wp:attachment":[{"href":"https:\/\/www.rexxer.pl\/en\/wp-json\/wp\/v2\/media?parent=57507"}],"curies":[{"name":"wp","href":"https:\/\/api.w.org\/{rel}","templated":true}]}}